{"id":849,"date":"2023-01-01T07:11:40","date_gmt":"2023-01-01T07:11:40","guid":{"rendered":"https:\/\/cmykprinted.com\/?post_type=product&#038;p=849"},"modified":"2023-01-01T07:22:48","modified_gmt":"2023-01-01T07:22:48","slug":"custom-small-instant-5x5ft-pop-up-canopy-tents-wholesale","status":"publish","type":"product","link":"https:\/\/cmykprinted.com\/is\/product\/custom-small-instant-5x5ft-pop-up-canopy-tents-wholesale\/","title":{"rendered":"S\u00e9rsni\u00f0in l\u00edtil, augnabliks 5x5ft sprettiglugga tjald \u00ed heilds\u00f6lu"},"content":{"rendered":"","protected":false},"excerpt":{"rendered":"<p>Ef \u00fe\u00fa ert a\u00f0 leita a\u00f0 \u00f6flugu kynningart\u00e6ki sem au\u00f0velt er a\u00f0 setja upp og s\u00e9rsn\u00ed\u00f0a er 5x5ft sprettiglugga tjaldi\u00f0 fr\u00e1b\u00e6r kostur. \u00deetta tjald er hanna\u00f0 til a\u00f0 hafa \u00e1hrif, me\u00f0 h\u00e1g\u00e6\u00f0a \u00e1lgrind me\u00f0 l\u00edfst\u00ed\u00f0ar\u00e1byrg\u00f0, fullkomlega s\u00e9rsni\u00f0num toppi og m\u00f6guleika \u00e1 a\u00f0 b\u00e6ta vi\u00f0 baki og hli\u00f0um fyrir enn meira s\u00fdnileika.<br \/>\nSprettigluggann \u00e1 \u00feessu tjaldi gerir \u00fea\u00f0 \u00f3tr\u00falega au\u00f0velt a\u00f0 setja upp, svo \u00fe\u00fa getur byrja\u00f0 a\u00f0 s\u00fdna skilabo\u00f0in \u00fe\u00edn \u00e1 sk\u00f6mmum t\u00edma. Hvort sem \u00fe\u00fa ert a\u00f0 nota \u00fea\u00f0 \u00e1 v\u00f6rus\u00fdningu, \u00fativi\u00f0bur\u00f0i e\u00f0a \u00f6\u00f0rum kynningara\u00f0st\u00e6\u00f0um, mun \u00feetta tjald \u00f6rugglega fanga athygli markh\u00f3ps \u00fe\u00edns og hj\u00e1lpa \u00fe\u00e9r a\u00f0 skera \u00feig \u00far samkeppninni.<br \/>\nSvo hvers vegna a\u00f0 b\u00ed\u00f0a? Fj\u00e1rfestu \u00ed 5x5ft sprettiglugga tjaldi \u00ed dag og byrja\u00f0u a\u00f0 kynna fyrirt\u00e6ki\u00f0 \u00feitt e\u00f0a vi\u00f0bur\u00f0 me\u00f0 st\u00e6l!<\/p>\n<div style=\"width: 1280px;\" class=\"wp-video\"><!--[if lt IE 9]><script>document.createElement('video');<\/script><![endif]--><br \/>\n<video class=\"wp-video-shortcode\" id=\"video-849-1\" width=\"1280\" height=\"720\" loop autoplay preload=\"auto\" controls=\"controls\"><source type=\"video\/mp4\" src=\"http:\/\/cmykprinted.com\/wp-content\/uploads\/2022\/12\/10x20ft-Pop-Up-Canopies.mp4?_=1\" \/><a href=\"http:\/\/cmykprinted.com\/wp-content\/uploads\/2022\/12\/10x20ft-Pop-Up-Canopies.mp4\">http:\/\/cmykprinted.com\/wp-content\/uploads\/2022\/12\/10x20ft-Pop-Up-Canopies.mp4<\/a><\/video><\/div>","protected":false},"featured_media":850,"template":"","meta":{"_kad_post_transparent":"default","_kad_post_title":"hide","_kad_post_layout":"fullwidth","_kad_post_sidebar_id":"","_kad_post_content_style":"unboxed","_kad_post_vertical_padding":"hide","_kad_post_feature":"hide","_kad_post_feature_position":"","_kad_post_header":false,"_kad_post_footer":false},"product_cat":[68,69,73],"product_tag":[238,237,239,240],"class_list":{"0":"post-849","1":"product","2":"type-product","3":"status-publish","4":"has-post-thumbnail","6":"product_cat-custom-canopy-tents","7":"product_cat-40mm-hexagon-aluminum-tents","8":"product_cat-5x5ft-custom-pop-up-canopies","9":"product_tag-5x5ft-canopy-tents","10":"product_tag-5x5ft-pop-up-canopy-tents","11":"product_tag-custom-pop-up-canopy-tents","12":"product_tag-small-pop-up-canopy-tents","14":"first","15":"instock","16":"shipping-taxable","17":"product-type-simple","18":"entry","19":"content-bg","20":"loop-entry"},"_links":{"self":[{"href":"https:\/\/cmykprinted.com\/is\/wp-json\/wp\/v2\/product\/849","targetHints":{"allow":["GET"]}}],"collection":[{"href":"https:\/\/cmykprinted.com\/is\/wp-json\/wp\/v2\/product"}],"about":[{"href":"https:\/\/cmykprinted.com\/is\/wp-json\/wp\/v2\/types\/product"}],"version-history":[{"count":1,"href":"https:\/\/cmykprinted.com\/is\/wp-json\/wp\/v2\/product\/849\/revisions"}],"predecessor-version":[{"id":857,"href":"https:\/\/cmykprinted.com\/is\/wp-json\/wp\/v2\/product\/849\/revisions\/857"}],"wp:featuredmedia":[{"embeddable":true,"href":"https:\/\/cmykprinted.com\/is\/wp-json\/wp\/v2\/media\/850"}],"wp:attachment":[{"href":"https:\/\/cmykprinted.com\/is\/wp-json\/wp\/v2\/media?parent=849"}],"wp:term":[{"taxonomy":"product_cat","embeddable":true,"href":"https:\/\/cmykprinted.com\/is\/wp-json\/wp\/v2\/product_cat?post=849"},{"taxonomy":"product_tag","embeddable":true,"href":"https:\/\/cmykprinted.com\/is\/wp-json\/wp\/v2\/product_tag?post=849"}],"curies":[{"name":"wp","href":"https:\/\/api.w.org\/{rel}","templated":true}]}}