{"id":858,"date":"2023-01-01T07:50:37","date_gmt":"2023-01-01T07:50:37","guid":{"rendered":"https:\/\/cmykprinted.com\/?post_type=product&#038;p=858"},"modified":"2023-01-01T07:57:12","modified_gmt":"2023-01-01T07:57:12","slug":"custom-branded-promotional-hand-held-stick-flags-printing","status":"publish","type":"product","link":"https:\/\/cmykprinted.com\/is\/product\/custom-branded-promotional-hand-held-stick-flags-printing\/","title":{"rendered":"S\u00e9rsni\u00f0in kynningarprentun me\u00f0 handheldum staff\u00e1num"},"content":{"rendered":"","protected":false},"excerpt":{"rendered":"<p>Handfestir staff\u00e1nar eru vins\u00e6ll kostur fyrir fyrirt\u00e6ki og stofnanir sem vilja auka s\u00fdnileika v\u00f6rumerkisins og taka \u00fe\u00e1tt \u00ed markh\u00f3pi s\u00ednum \u00ed skr\u00fa\u00f0g\u00f6ngum, \u00ed\u00fer\u00f3ttavi\u00f0bur\u00f0um og \u00f6\u00f0rum \u00fatisamkomum. \u00deessir f\u00e1nar eru s\u00e9rstaklega vins\u00e6lir hj\u00e1 b\u00f6rnum og \u00f6\u00f0rum fundarm\u00f6nnum sem hafa gaman af \u00fev\u00ed a\u00f0 veifa \u00feeim og s\u00fdna stu\u00f0ning sinn vi\u00f0 tilteki\u00f0 m\u00e1lefni e\u00f0a li\u00f0.<br \/>\nEinn af helstu s\u00f6lust\u00f6\u00f0um staff\u00e1na \u00ed h\u00f6ndunum er st\u00f3ra v\u00f6rumerkjasv\u00e6\u00f0i\u00f0, sem gerir fyrirt\u00e6kjum kleift a\u00f0 n\u00fdta hvern millimetra af pl\u00e1ssinu sem er \u00e1 skj\u00e1num fyrir utan hv\u00edtu r\u00e6muna \u00ed kringum stafina sem festir eru upp. \u00deetta veitir fyrirt\u00e6kjum n\u00f3g pl\u00e1ss til a\u00f0 s\u00fdna v\u00f6rumerki sitt, l\u00f3g\u00f3 og skilabo\u00f0 og tryggja a\u00f0 st\u00f3r og m\u00f3tt\u00e6kilegur \u00e1horfendur sj\u00e1i \u00feau.<br \/>\nAuk \u00feess a\u00f0 vera \u00e1hrifar\u00edkt marka\u00f0st\u00e6ki eru handheldir staff\u00e1nar einnig hagkv\u00e6mt val fyrir fyrirt\u00e6ki og stofnanir sem vilja kynna v\u00f6rumerki sitt. \u00deau eru ger\u00f0 \u00far endingarg\u00f3\u00f0um efnum, eins og p\u00f3l\u00fdester e\u00f0a nylon, og eru me\u00f0 tr\u00e9- e\u00f0a plastst\u00f6ng til a\u00f0 au\u00f0velda veifingu. \u00deessir f\u00e1nar eru l\u00e9ttir og au\u00f0velt a\u00f0 bera, sem gerir \u00fe\u00e1 a\u00f0 hagn\u00fdtu vali fyrir \u00fativi\u00f0bur\u00f0i.<br \/>\n\u00c1 heildina liti\u00f0 eru handheldur sp\u00fdtuf\u00e1nar hagkv\u00e6mt og gagnvirkt marka\u00f0st\u00e6ki sem h\u00e6gt er a\u00f0 nota til a\u00f0 kynna v\u00f6rumerki og auka s\u00fdnileika \u00e1 \u00fdmsum vi\u00f0bur\u00f0um.<\/p>\n<div style=\"width: 1290px;\" class=\"wp-video\"><!--[if lt IE 9]><script>document.createElement('video');<\/script><![endif]--><br \/>\n<video class=\"wp-video-shortcode\" id=\"video-858-1\" width=\"1290\" height=\"726\" loop autoplay preload=\"auto\" controls=\"controls\"><source type=\"video\/mp4\" src=\"http:\/\/cmykprinted.com\/wp-content\/uploads\/2022\/12\/Custom-Printed-Hand-Flags.mp4?_=1\" \/><a href=\"http:\/\/cmykprinted.com\/wp-content\/uploads\/2022\/12\/Custom-Printed-Hand-Flags.mp4\">http:\/\/cmykprinted.com\/wp-content\/uploads\/2022\/12\/Custom-Printed-Hand-Flags.mp4<\/a><\/video><\/div>\n<p>&nbsp;<\/p>","protected":false},"featured_media":859,"template":"","meta":{"_kad_post_transparent":"default","_kad_post_title":"hide","_kad_post_layout":"fullwidth","_kad_post_sidebar_id":"","_kad_post_content_style":"unboxed","_kad_post_vertical_padding":"hide","_kad_post_feature":"hide","_kad_post_feature_position":"","_kad_post_header":false,"_kad_post_footer":false},"product_cat":[79],"product_tag":[153,243,241,242],"class_list":{"0":"post-858","1":"product","2":"type-product","3":"status-publish","4":"has-post-thumbnail","6":"product_cat-custom-flags","7":"product_tag-custom-hand-flags","8":"product_tag-hand-flags-printing","9":"product_tag-hand-held-stick-flags","10":"product_tag-promotional-hand-flags","12":"first","13":"instock","14":"shipping-taxable","15":"product-type-simple","16":"entry","17":"content-bg","18":"loop-entry"},"_links":{"self":[{"href":"https:\/\/cmykprinted.com\/is\/wp-json\/wp\/v2\/product\/858","targetHints":{"allow":["GET"]}}],"collection":[{"href":"https:\/\/cmykprinted.com\/is\/wp-json\/wp\/v2\/product"}],"about":[{"href":"https:\/\/cmykprinted.com\/is\/wp-json\/wp\/v2\/types\/product"}],"version-history":[{"count":2,"href":"https:\/\/cmykprinted.com\/is\/wp-json\/wp\/v2\/product\/858\/revisions"}],"predecessor-version":[{"id":865,"href":"https:\/\/cmykprinted.com\/is\/wp-json\/wp\/v2\/product\/858\/revisions\/865"}],"wp:featuredmedia":[{"embeddable":true,"href":"https:\/\/cmykprinted.com\/is\/wp-json\/wp\/v2\/media\/859"}],"wp:attachment":[{"href":"https:\/\/cmykprinted.com\/is\/wp-json\/wp\/v2\/media?parent=858"}],"wp:term":[{"taxonomy":"product_cat","embeddable":true,"href":"https:\/\/cmykprinted.com\/is\/wp-json\/wp\/v2\/product_cat?post=858"},{"taxonomy":"product_tag","embeddable":true,"href":"https:\/\/cmykprinted.com\/is\/wp-json\/wp\/v2\/product_tag?post=858"}],"curies":[{"name":"wp","href":"https:\/\/api.w.org\/{rel}","templated":true}]}}