{"id":866,"date":"2023-01-01T08:19:36","date_gmt":"2023-01-01T08:19:36","guid":{"rendered":"https:\/\/cmykprinted.com\/?post_type=product&#038;p=866"},"modified":"2023-01-01T08:25:52","modified_gmt":"2023-01-01T08:25:52","slug":"promotional-advertising-color-printing-custom-table-runner","status":"publish","type":"product","link":"https:\/\/cmykprinted.com\/is\/product\/promotional-advertising-color-printing-custom-table-runner\/","title":{"rendered":"Kynningaraugl\u00fdsingar Litaprentun S\u00e9rsni\u00f0in bor\u00f0hlaupari"},"content":{"rendered":"","protected":false},"excerpt":{"rendered":"<p>Vantar \u00feig h\u00e1g\u00e6\u00f0a, s\u00e9rsni\u00f0na bor\u00f0hlaupara fyrir n\u00e6sta vi\u00f0bur\u00f0 e\u00f0a vi\u00f0skiptas\u00fdningu? Horf\u00f0u ekki lengra! \u00cd verksmi\u00f0junni okkar bj\u00f3\u00f0um vi\u00f0 upp \u00e1 h\u00e1g\u00e6\u00f0a bor\u00f0h\u00fafur sem eru fullkomnar fyrir b\u00e6\u00f0i pers\u00f3nulega og faglega vi\u00f0bur\u00f0i. Bor\u00f0hlaupararnir okkar eru ger\u00f0ir \u00far g\u00e6\u00f0a p\u00f3l\u00fdesterefni og eru me\u00f0 fullum litum, 1440DPI, litarefnis-sublimation prentun, sem tryggir a\u00f0 \u00feeir s\u00e9u langvarandi og skilvirkir vi\u00f0 a\u00f0 augl\u00fdsa fyrirt\u00e6ki \u00feitt e\u00f0a kynna l\u00f3g\u00f3i\u00f0 \u00feitt.<br \/>\n\u00deessir s\u00e9rsni\u00f0nu hlauparar eru fr\u00e1b\u00e6r lei\u00f0 til a\u00f0 v\u00f6rumerki fyrirt\u00e6kis \u00fe\u00edns e\u00f0a b\u00e6ta snertingu af innr\u00e9ttingu og gl\u00e6sileika \u00e1 hva\u00f0a bor\u00f0 sem er. \u00deau eru f\u00e1anleg \u00ed fyrirfram skilgreindum st\u00e6r\u00f0um 2&#039;x7.5\u2032, e\u00f0a \u00fe\u00fa getur vali\u00f0 s\u00e9rsni\u00f0na st\u00e6r\u00f0 til a\u00f0 f\u00e1 n\u00e1kv\u00e6ma st\u00e6r\u00f0 sem \u00fe\u00fa \u00fearft. Legg\u00f0u \u00feau einfaldlega yfir trausta bor\u00f0k\u00e1pu til a\u00f0 b\u00e6ta faglegu og samheldnu \u00fatliti vi\u00f0 vi\u00f0bur\u00f0inn \u00feinn.<br \/>\nHvort sem \u00fe\u00fa tekur \u00fe\u00e1tt \u00ed vi\u00f0skiptas\u00fdningu, h\u00fdsir r\u00e1\u00f0stefnu e\u00f0a skipuleggur fj\u00e1r\u00f6flun, \u00fe\u00e1 eru s\u00e9rsni\u00f0nar bor\u00f0hlauparar fr\u00e1b\u00e6r kostur til a\u00f0 kynna v\u00f6rumerki\u00f0 \u00feitt \u00e1 \u00e1hrifar\u00edkan h\u00e1tt og gera varanleg \u00e1hrif. Ekki missa af \u00feessu t\u00e6kif\u00e6ri til a\u00f0 setja h\u00e1g\u00e6\u00f0a og fagmannlegan bl\u00e6 \u00e1 vi\u00f0bur\u00f0inn \u00feinn.<\/p>","protected":false},"featured_media":867,"template":"","meta":{"_kad_post_transparent":"default","_kad_post_title":"hide","_kad_post_layout":"fullwidth","_kad_post_sidebar_id":"","_kad_post_content_style":"unboxed","_kad_post_vertical_padding":"hide","_kad_post_feature":"hide","_kad_post_feature_position":"","_kad_post_header":false,"_kad_post_footer":false},"product_cat":[80,82],"product_tag":[246,244,245],"class_list":{"0":"post-866","1":"product","2":"type-product","3":"status-publish","4":"has-post-thumbnail","6":"product_cat-custom-tablecloth","7":"product_cat-custom-table-runner","8":"product_tag-advertising-table-runner","9":"product_tag-custom-table-runner","10":"product_tag-promotional-table-runner","12":"first","13":"instock","14":"shipping-taxable","15":"product-type-simple","16":"entry","17":"content-bg","18":"loop-entry"},"_links":{"self":[{"href":"https:\/\/cmykprinted.com\/is\/wp-json\/wp\/v2\/product\/866","targetHints":{"allow":["GET"]}}],"collection":[{"href":"https:\/\/cmykprinted.com\/is\/wp-json\/wp\/v2\/product"}],"about":[{"href":"https:\/\/cmykprinted.com\/is\/wp-json\/wp\/v2\/types\/product"}],"version-history":[{"count":2,"href":"https:\/\/cmykprinted.com\/is\/wp-json\/wp\/v2\/product\/866\/revisions"}],"predecessor-version":[{"id":874,"href":"https:\/\/cmykprinted.com\/is\/wp-json\/wp\/v2\/product\/866\/revisions\/874"}],"wp:featuredmedia":[{"embeddable":true,"href":"https:\/\/cmykprinted.com\/is\/wp-json\/wp\/v2\/media\/867"}],"wp:attachment":[{"href":"https:\/\/cmykprinted.com\/is\/wp-json\/wp\/v2\/media?parent=866"}],"wp:term":[{"taxonomy":"product_cat","embeddable":true,"href":"https:\/\/cmykprinted.com\/is\/wp-json\/wp\/v2\/product_cat?post=866"},{"taxonomy":"product_tag","embeddable":true,"href":"https:\/\/cmykprinted.com\/is\/wp-json\/wp\/v2\/product_tag?post=866"}],"curies":[{"name":"wp","href":"https:\/\/api.w.org\/{rel}","templated":true}]}}