{"id":884,"date":"2023-01-01T12:57:04","date_gmt":"2023-01-01T12:57:04","guid":{"rendered":"https:\/\/cmykprinted.com\/?post_type=product&#038;p=884"},"modified":"2023-01-01T13:07:05","modified_gmt":"2023-01-01T13:07:05","slug":"portable-advertising-a-frame-round-pop-up-banners-stand","status":"publish","type":"product","link":"https:\/\/cmykprinted.com\/is\/product\/portable-advertising-a-frame-round-pop-up-banners-stand\/","title":{"rendered":"Portable augl\u00fdsingar A-Frame kringl\u00f3tt sprettigluggabor\u00f0astandur"},"content":{"rendered":"","protected":false},"excerpt":{"rendered":"<p>Kringl\u00f3ttir sprettigluggar bj\u00f3\u00f0a upp \u00e1 einstakan og pl\u00e1sssparan valkost fyrir gangst\u00e9ttaskj\u00e1i. \u00deessir bor\u00f0ar eru prenta\u00f0ir me\u00f0 dye sublimation, prentunara\u00f0fer\u00f0 sem tryggir langvarandi og endingarg\u00f3\u00f0an \u00e1rangur, jafnvel \u00feegar \u00feeir ver\u00f0a fyrir beinu s\u00f3larlj\u00f3si. Notkun \u00e1 st\u00e1lgrind gerir \u00feessa bor\u00f0a l\u00e9tta og sterka og \u00feeir koma me\u00f0 tappum sem h\u00e6gt er a\u00f0 nota til a\u00f0 festa bor\u00f0ann vi\u00f0 j\u00f6r\u00f0ina ef \u00feess er \u00f3ska\u00f0. \u00deessir sprettigluggar eru fj\u00f6lh\u00e6fir og h\u00e6gt a\u00f0 nota b\u00e6\u00f0i innandyra og utan, sem gerir \u00fe\u00e1 a\u00f0 fr\u00e1b\u00e6rum valkostum fyrir \u00fdmsa vi\u00f0bur\u00f0i og sta\u00f0i, eins og \u00ed\u00fer\u00f3ttavi\u00f0bur\u00f0i, m\u00f3t, h\u00e1t\u00ed\u00f0ir, sk\u00ed\u00f0asv\u00e6\u00f0i og fleira. \u00deeir eru kj\u00f6rinn kostur fyrir alla sem vilja gefa yfirl\u00fdsingu og skera sig \u00far \u00ed fj\u00f6lmennu og annas\u00f6mu umhverfi.<\/p>\n<div style=\"width: 1280px;\" class=\"wp-video\"><!--[if lt IE 9]><script>document.createElement('video');<\/script><![endif]--><br \/>\n<video class=\"wp-video-shortcode\" id=\"video-884-1\" width=\"1280\" height=\"720\" loop autoplay preload=\"metadata\" controls=\"controls\"><source type=\"video\/mp4\" src=\"http:\/\/cmykprinted.com\/wp-content\/uploads\/2022\/12\/Triangle-Pop-Up-Banners.mp4?_=1\" \/><a href=\"http:\/\/cmykprinted.com\/wp-content\/uploads\/2022\/12\/Triangle-Pop-Up-Banners.mp4\">http:\/\/cmykprinted.com\/wp-content\/uploads\/2022\/12\/Triangle-Pop-Up-Banners.mp4<\/a><\/video><\/div>","protected":false},"featured_media":885,"template":"","meta":{"_kad_post_transparent":"default","_kad_post_title":"hide","_kad_post_layout":"fullwidth","_kad_post_sidebar_id":"","_kad_post_content_style":"unboxed","_kad_post_vertical_padding":"hide","_kad_post_feature":"hide","_kad_post_feature_position":"","_kad_post_header":false,"_kad_post_footer":false},"product_cat":[92,93],"product_tag":[248,224,249,247],"class_list":{"0":"post-884","1":"product","2":"type-product","3":"status-publish","4":"has-post-thumbnail","6":"product_cat-pop-up-banners","7":"product_cat-circle-pop-up-banners","8":"product_tag-a-frame-pop-up-banne","9":"product_tag-advertising-pop-up-banners","10":"product_tag-portable-pop-up-banners","11":"product_tag-round-pop-up-banners","13":"first","14":"instock","15":"shipping-taxable","16":"product-type-simple","17":"entry","18":"content-bg","19":"loop-entry"},"_links":{"self":[{"href":"https:\/\/cmykprinted.com\/is\/wp-json\/wp\/v2\/product\/884","targetHints":{"allow":["GET"]}}],"collection":[{"href":"https:\/\/cmykprinted.com\/is\/wp-json\/wp\/v2\/product"}],"about":[{"href":"https:\/\/cmykprinted.com\/is\/wp-json\/wp\/v2\/types\/product"}],"version-history":[{"count":1,"href":"https:\/\/cmykprinted.com\/is\/wp-json\/wp\/v2\/product\/884\/revisions"}],"predecessor-version":[{"id":892,"href":"https:\/\/cmykprinted.com\/is\/wp-json\/wp\/v2\/product\/884\/revisions\/892"}],"wp:featuredmedia":[{"embeddable":true,"href":"https:\/\/cmykprinted.com\/is\/wp-json\/wp\/v2\/media\/885"}],"wp:attachment":[{"href":"https:\/\/cmykprinted.com\/is\/wp-json\/wp\/v2\/media?parent=884"}],"wp:term":[{"taxonomy":"product_cat","embeddable":true,"href":"https:\/\/cmykprinted.com\/is\/wp-json\/wp\/v2\/product_cat?post=884"},{"taxonomy":"product_tag","embeddable":true,"href":"https:\/\/cmykprinted.com\/is\/wp-json\/wp\/v2\/product_tag?post=884"}],"curies":[{"name":"wp","href":"https:\/\/api.w.org\/{rel}","templated":true}]}}