{"id":904,"date":"2023-01-11T13:28:48","date_gmt":"2023-01-11T13:28:48","guid":{"rendered":"https:\/\/cmykprinted.com\/?post_type=product&#038;p=904"},"modified":"2023-01-12T06:44:08","modified_gmt":"2023-01-12T06:44:08","slug":"uv-3d-dtf-vinyl-adhesive-transfer-stickers-labels-printing","status":"publish","type":"product","link":"https:\/\/cmykprinted.com\/is\/product\/uv-3d-dtf-vinyl-adhesive-transfer-stickers-labels-printing\/","title":{"rendered":"UV 3D DTF v\u00ednyll\u00edmflutningsmerkimi\u00f0a Prentun"},"content":{"rendered":"","protected":false},"excerpt":{"rendered":"<p>Vi\u00f0 kynnum n\u00fdja s\u00e9rsni\u00f0na UV l\u00edmmi\u00f0ann okkar me\u00f0 einst\u00f6kum 3D hlj\u00f3mt\u00e6ki \u00e1hrifum. \u00de\u00fa getur hanna\u00f0 \u00feitt eigi\u00f0 mynstur, l\u00f3g\u00f3 e\u00f0a texta fyrir l\u00edmmi\u00f0ana. L\u00edmmi\u00f0arnir eru b\u00fanir til \u00far UV flutningspasta, l\u00edmmi\u00f0arnir eru mj\u00f6g l\u00edmandi, vatnsheldir og \u00feola rispur. Hins vegar er mikilv\u00e6gt a\u00f0 hafa \u00ed huga a\u00f0 notkun \u00e1 heitu vatni e\u00f0a upphitun getur haft \u00e1hrif \u00e1 l\u00edmleika deigsins. \u00deessa l\u00edmmi\u00f0a er h\u00e6gt a\u00f0 setja \u00e1 margs konar sl\u00e9tt yfirbor\u00f0, \u00fear \u00e1 me\u00f0al m\u00e1lm, plast, gler, m\u00e1la\u00f0 yfirbor\u00f0, b\u00e6kur, pappa, tr\u00e9 og jafnvel b\u00edla (vertu bara viss um a\u00f0 yfirbor\u00f0i\u00f0 s\u00e9 hreint \u00e1\u00f0ur en \u00fea\u00f0 er bori\u00f0 \u00e1). Prentst\u00e6r\u00f0 l\u00edmmi\u00f0anna er A3 (11X16 tommur) og magn l\u00edmmi\u00f0a sem \u00fe\u00fa f\u00e6r\u00f0 fer eftir st\u00e6r\u00f0inni sem \u00fe\u00fa velur. Ef \u00fe\u00fa \u00fearft meira magn, vinsamlegast l\u00e1ttu okkur vita fyrirfram. A\u00f0 auki, til a\u00f0 n\u00e1 sem bestum \u00e1rangri, vinsamlegast hla\u00f0i\u00f0 upp h\u00e1g\u00e6\u00f0a, h\u00e1rri upplausn, sk\u00fdrum, st\u00e6rri, makr\u00f3stillingu og myndum \u00ed f\u00f3kus. \u00dev\u00ed meiri g\u00e6\u00f0i myndarinnar, \u00fev\u00ed betri ver\u00f0a loka\u00e1hrifin.<\/p>\n<div style=\"width: 1280px;\" class=\"wp-video\"><!--[if lt IE 9]><script>document.createElement('video');<\/script><![endif]--><br \/>\n<video class=\"wp-video-shortcode\" id=\"video-904-1\" width=\"1280\" height=\"720\" loop autoplay preload=\"auto\" controls=\"controls\"><source type=\"video\/mp4\" src=\"http:\/\/cmykprinted.com\/wp-content\/uploads\/2022\/12\/UV-transfer-stickers.mp4?_=1\" \/><a href=\"http:\/\/cmykprinted.com\/wp-content\/uploads\/2022\/12\/UV-transfer-stickers.mp4\">http:\/\/cmykprinted.com\/wp-content\/uploads\/2022\/12\/UV-transfer-stickers.mp4<\/a><\/video><\/div>","protected":false},"featured_media":905,"template":"","meta":{"_kad_post_transparent":"default","_kad_post_title":"hide","_kad_post_layout":"fullwidth","_kad_post_sidebar_id":"","_kad_post_content_style":"unboxed","_kad_post_vertical_padding":"hide","_kad_post_feature":"hide","_kad_post_feature_position":"","_kad_post_header":false,"_kad_post_footer":false},"product_cat":[101,103],"product_tag":[202,252,251,250],"class_list":{"0":"post-904","1":"product","2":"type-product","3":"status-publish","4":"has-post-thumbnail","6":"product_cat-transfer-stickers","7":"product_cat-uv-transfer-stickers","8":"product_tag-adhesive-transfer-stickers","9":"product_tag-dtf-transfer-stickers","10":"product_tag-uv-3d-stickers","11":"product_tag-vinyl-transfer-stickers","13":"first","14":"instock","15":"shipping-taxable","16":"product-type-simple","17":"entry","18":"content-bg","19":"loop-entry"},"_links":{"self":[{"href":"https:\/\/cmykprinted.com\/is\/wp-json\/wp\/v2\/product\/904","targetHints":{"allow":["GET"]}}],"collection":[{"href":"https:\/\/cmykprinted.com\/is\/wp-json\/wp\/v2\/product"}],"about":[{"href":"https:\/\/cmykprinted.com\/is\/wp-json\/wp\/v2\/types\/product"}],"version-history":[{"count":3,"href":"https:\/\/cmykprinted.com\/is\/wp-json\/wp\/v2\/product\/904\/revisions"}],"predecessor-version":[{"id":912,"href":"https:\/\/cmykprinted.com\/is\/wp-json\/wp\/v2\/product\/904\/revisions\/912"}],"wp:featuredmedia":[{"embeddable":true,"href":"https:\/\/cmykprinted.com\/is\/wp-json\/wp\/v2\/media\/905"}],"wp:attachment":[{"href":"https:\/\/cmykprinted.com\/is\/wp-json\/wp\/v2\/media?parent=904"}],"wp:term":[{"taxonomy":"product_cat","embeddable":true,"href":"https:\/\/cmykprinted.com\/is\/wp-json\/wp\/v2\/product_cat?post=904"},{"taxonomy":"product_tag","embeddable":true,"href":"https:\/\/cmykprinted.com\/is\/wp-json\/wp\/v2\/product_tag?post=904"}],"curies":[{"name":"wp","href":"https:\/\/api.w.org\/{rel}","templated":true}]}}