{"id":913,"date":"2023-01-13T12:49:09","date_gmt":"2023-01-13T12:49:09","guid":{"rendered":"https:\/\/cmykprinted.com\/?post_type=product&#038;p=913"},"modified":"2023-01-13T12:59:43","modified_gmt":"2023-01-13T12:59:43","slug":"custom-personalized-teardrop-shaped-advertising-flags","status":"publish","type":"product","link":"https:\/\/cmykprinted.com\/is\/product\/custom-personalized-teardrop-shaped-advertising-flags\/","title":{"rendered":"S\u00e9rsni\u00f0nir pers\u00f3nulegir t\u00e1rdropalaga augl\u00fdsingaf\u00e1nar"},"content":{"rendered":"","protected":false},"excerpt":{"rendered":"<p>T\u00e1ralaga augl\u00fdsingaf\u00e1nar, einnig \u00feekktir sem fja\u00f0rabor\u00f0ar, eru fr\u00e1b\u00e6r lei\u00f0 til a\u00f0 kynna fyrirt\u00e6ki\u00f0 \u00feitt og fanga athygli hugsanlegra vi\u00f0skiptavina. Me\u00f0 margv\u00edslegum valkostum \u00ed bo\u00f0i er h\u00e6gt a\u00f0 nota f\u00e1nana okkar b\u00e6\u00f0i innandyra og utan, sem gerir \u00fe\u00e1 a\u00f0 fj\u00f6lh\u00e6fu vali fyrir hva\u00f0a fyrirt\u00e6ki sem er.<br \/>\nF\u00e1narnir okkar eru me\u00f0 marga grunnvalkosti, \u00fear \u00e1 me\u00f0al jar\u00f0gappa og krossbotna, til a\u00f0 tryggja a\u00f0 h\u00e6gt s\u00e9 a\u00f0 setja \u00fe\u00e1 \u00e1 hva\u00f0a sta\u00f0 sem er. Vi\u00f0 bj\u00f3\u00f0um einnig upp \u00e1 b\u00e6\u00f0i einhli\u00f0a og tv\u00edhli\u00f0a prentm\u00f6guleika, \u00feannig a\u00f0 h\u00e6gt s\u00e9 a\u00f0 sj\u00e1 augl\u00fdsinguna \u00fe\u00edna fr\u00e1 \u00f6llum sj\u00f3narhornum.<br \/>\nF\u00e1narnir okkar eru ger\u00f0ir \u00far endingarg\u00f3\u00f0u 3,24 oz. p\u00f3l\u00fdester efni og eru prenta\u00f0ir me\u00f0 UV-\u00feolnu bleki til a\u00f0 tryggja a\u00f0 \u00feeir \u00feoli ve\u00f0juna og endist \u00ed langan t\u00edma. F\u00e1narnir eru l\u00edka l\u00e9ttir og au\u00f0veldir \u00ed flutningi, sem gerir \u00fe\u00e1 fullkomna fyrir vi\u00f0bur\u00f0i og v\u00f6rus\u00fdningar.<br \/>\n\u00deegar \u00fe\u00fa kaupir eitt af st\u00f6ngap\u00f6kkunum okkar f\u00e6r\u00f0u l\u00edka fer\u00f0at\u00f6sku sem gerir \u00fea\u00f0 au\u00f0velt a\u00f0 flytja f\u00e1nann \u00e1 mismunandi sta\u00f0i. Me\u00f0 h\u00e1g\u00e6\u00f0a f\u00e1num okkar og \u00fe\u00e6gilegum fer\u00f0am\u00f6guleikum getur\u00f0u veri\u00f0 viss um a\u00f0 fyrirt\u00e6ki\u00f0 \u00feitt sj\u00e1ist hvar sem \u00fe\u00fa fer\u00f0.<\/p>\n<div style=\"width: 1280px;\" class=\"wp-video\"><!--[if lt IE 9]><script>document.createElement('video');<\/script><![endif]--><br \/>\n<video class=\"wp-video-shortcode\" id=\"video-913-1\" width=\"1280\" height=\"720\" loop autoplay preload=\"metadata\" controls=\"controls\"><source type=\"video\/mp4\" src=\"http:\/\/cmykprinted.com\/wp-content\/uploads\/2022\/12\/Feather-beach-flags.mp4?_=1\" \/><a href=\"http:\/\/cmykprinted.com\/wp-content\/uploads\/2022\/12\/Feather-beach-flags.mp4\">http:\/\/cmykprinted.com\/wp-content\/uploads\/2022\/12\/Feather-beach-flags.mp4<\/a><\/video><\/div>","protected":false},"featured_media":914,"template":"","meta":{"_kad_post_transparent":"default","_kad_post_title":"hide","_kad_post_layout":"fullwidth","_kad_post_sidebar_id":"","_kad_post_content_style":"unboxed","_kad_post_vertical_padding":"hide","_kad_post_feature":"hide","_kad_post_feature_position":"","_kad_post_header":false,"_kad_post_footer":false},"product_cat":[64,67],"product_tag":[254,255,256,253],"class_list":{"0":"post-913","1":"product","2":"type-product","3":"status-publish","4":"has-post-thumbnail","6":"product_cat-beach-flags","7":"product_cat-teardrop-flags-banners","8":"product_tag-custom-teardrop-flags","9":"product_tag-personalized-teardrop-flags","10":"product_tag-teardrop-advertising-flags","11":"product_tag-teardrop-shaped-advertising-flags","13":"first","14":"instock","15":"shipping-taxable","16":"product-type-simple","17":"entry","18":"content-bg","19":"loop-entry"},"_links":{"self":[{"href":"https:\/\/cmykprinted.com\/is\/wp-json\/wp\/v2\/product\/913","targetHints":{"allow":["GET"]}}],"collection":[{"href":"https:\/\/cmykprinted.com\/is\/wp-json\/wp\/v2\/product"}],"about":[{"href":"https:\/\/cmykprinted.com\/is\/wp-json\/wp\/v2\/types\/product"}],"version-history":[{"count":2,"href":"https:\/\/cmykprinted.com\/is\/wp-json\/wp\/v2\/product\/913\/revisions"}],"predecessor-version":[{"id":920,"href":"https:\/\/cmykprinted.com\/is\/wp-json\/wp\/v2\/product\/913\/revisions\/920"}],"wp:featuredmedia":[{"embeddable":true,"href":"https:\/\/cmykprinted.com\/is\/wp-json\/wp\/v2\/media\/914"}],"wp:attachment":[{"href":"https:\/\/cmykprinted.com\/is\/wp-json\/wp\/v2\/media?parent=913"}],"wp:term":[{"taxonomy":"product_cat","embeddable":true,"href":"https:\/\/cmykprinted.com\/is\/wp-json\/wp\/v2\/product_cat?post=913"},{"taxonomy":"product_tag","embeddable":true,"href":"https:\/\/cmykprinted.com\/is\/wp-json\/wp\/v2\/product_tag?post=913"}],"curies":[{"name":"wp","href":"https:\/\/api.w.org\/{rel}","templated":true}]}}