{"id":921,"date":"2023-01-13T13:12:06","date_gmt":"2023-01-13T13:12:06","guid":{"rendered":"https:\/\/cmykprinted.com\/?post_type=product&#038;p=921"},"modified":"2023-01-13T13:59:27","modified_gmt":"2023-01-13T13:59:27","slug":"promotional-5-x-5-pop-up-tent-outdoor-indoor-canopy-tent","status":"publish","type":"product","link":"https:\/\/cmykprinted.com\/is\/product\/promotional-5-x-5-pop-up-tent-outdoor-indoor-canopy-tent\/","title":{"rendered":"Kynningar 5\u2032 x 5\u2032 pop-up tjald \u00fati og inni tjaldhiminn"},"content":{"rendered":"","protected":false},"excerpt":{"rendered":"<p>\u00deetta 5\u00d75 pop-up tjald er fullkomin lausn til a\u00f0 veita skugga og skj\u00f3l \u00e1 gangst\u00e9ttars\u00f6lunni \u00feinni, b\u00e6ndamarka\u00f0sb\u00e1snum e\u00f0a \u00fativi\u00f0bur\u00f0um. \u00cd bo\u00f0i \u00ed \u00fdmsum litum, \u00fear \u00e1 me\u00f0al hv\u00edtum, gr\u00e6num, rau\u00f0um, d\u00f6kkbl\u00e1um og sv\u00f6rtum, getur\u00f0u vali\u00f0 hinn fullkomna lit sem passar vi\u00f0 vi\u00f0bur\u00f0inn \u00feinn e\u00f0a v\u00f6rumerki. Tjaldi\u00f0 er \u00far endingarg\u00f3\u00f0u \u00e1li sem gerir \u00fea\u00f0 au\u00f0velt a\u00f0 setja \u00fea\u00f0 saman \u00e1 nokkrum sek\u00fandum og \u00fea\u00f0 passar \u00ed bur\u00f0art\u00f6sku me\u00f0 hj\u00f3lum \u00feegar \u00fe\u00fa ert b\u00fainn a\u00f0 nota \u00fea\u00f0, sem gerir \u00fea\u00f0 au\u00f0velt a\u00f0 flytja og geyma.<br \/>\n\u00deetta augl\u00fdsing 5\u00d75 sprettiglugga tjald er haldi\u00f0 \u00fe\u00e9tt \u00e1 s\u00ednum sta\u00f0 me\u00f0 akkeri staur og skapar samtals 25 fermetra af skugga. \u00dea\u00f0 er fullkomi\u00f0 fyrir \u00fativi\u00f0bur\u00f0i, litla innritunarb\u00e1sa, \u00ed\u00fer\u00f3ttaleiki e\u00f0a strandfer\u00f0ir, \u00fear sem \u00fea\u00f0 passar um tvo grasfl\u00f6t e\u00f0a l\u00edti\u00f0 bor\u00f0 \u00e1 \u00fe\u00e6gilegan h\u00e1tt og \u00feolir vind upp \u00e1 30 MPH. Lita\u00f0a p\u00f3l\u00fdesterskyggnin er eldtefjandi og v\u00f6kva\u00fer\u00fdstingspr\u00f3fun vottu\u00f0 fyrir \u00f6rugga vi\u00f0skiptalausn. H\u00e6gt er a\u00f0 stilla f\u00e6turna til a\u00f0 losa togpinna \u00ed fimm h\u00e6\u00f0arstillingar me\u00f0 \u00fer\u00fdstist\u00f6ngum sem l\u00e6sast \u00e1 sinn sta\u00f0.<br \/>\n5\u00d75 sprettiglugga tjald okkar er \u00fe\u00e6gileg lei\u00f0 til a\u00f0 setja upp skygg\u00f0a r\u00fdmi fyrir vinnu e\u00f0a leik \u00e1 nokkrum sek\u00fandum. Hvort sem \u00fe\u00fa ert a\u00f0 reka fyrirt\u00e6ki e\u00f0a bara a\u00f0 leita a\u00f0 \u00fe\u00e6gilegri lei\u00f0 til a\u00f0 nj\u00f3ta \u00fativerunnar er \u00feetta tjald hi\u00f0 fullkomna val. Me\u00f0 endingarg\u00f3\u00f0ri \u00e1l ramma og h\u00f6nnun sem au\u00f0velt er a\u00f0 setja saman er hann fullkomin vi\u00f0b\u00f3t vi\u00f0 hva\u00f0a vi\u00f0bur\u00f0i e\u00f0a \u00fatisamkomu sem er.<\/p>\n<div style=\"width: 1280px;\" class=\"wp-video\"><!--[if lt IE 9]><script>document.createElement('video');<\/script><![endif]--><br \/>\n<video class=\"wp-video-shortcode\" id=\"video-921-1\" width=\"1280\" height=\"720\" loop autoplay preload=\"auto\" controls=\"controls\"><source type=\"video\/mp4\" src=\"http:\/\/cmykprinted.com\/wp-content\/uploads\/2022\/12\/10x20ft-Pop-Up-Canopies.mp4?_=1\" \/><a href=\"http:\/\/cmykprinted.com\/wp-content\/uploads\/2022\/12\/10x20ft-Pop-Up-Canopies.mp4\">http:\/\/cmykprinted.com\/wp-content\/uploads\/2022\/12\/10x20ft-Pop-Up-Canopies.mp4<\/a><\/video><\/div>","protected":false},"featured_media":922,"template":"","meta":{"_kad_post_transparent":"default","_kad_post_title":"hide","_kad_post_layout":"fullwidth","_kad_post_sidebar_id":"","_kad_post_content_style":"unboxed","_kad_post_vertical_padding":"hide","_kad_post_feature":"hide","_kad_post_feature_position":"","_kad_post_header":false,"_kad_post_footer":false},"product_cat":[68,74,78],"product_tag":[257,259,258,260],"class_list":{"0":"post-921","1":"product","2":"type-product","3":"status-publish","4":"has-post-thumbnail","6":"product_cat-custom-canopy-tents","7":"product_cat-50mm-heavy-duty-hexagon-aluminum-tents","8":"product_cat-5x5ft-custom-pop-up-canopies-50mm-heavy-duty-hexagon-aluminum-tents-custom-canopy-tents","9":"product_tag-5-x-5-pop-up-tent","10":"product_tag-indoor-canopy-tent","11":"product_tag-outdoor-canopy-tent","12":"product_tag-promotional-pop-up-tent","14":"first","15":"instock","16":"shipping-taxable","17":"product-type-simple","18":"entry","19":"content-bg","20":"loop-entry"},"_links":{"self":[{"href":"https:\/\/cmykprinted.com\/is\/wp-json\/wp\/v2\/product\/921","targetHints":{"allow":["GET"]}}],"collection":[{"href":"https:\/\/cmykprinted.com\/is\/wp-json\/wp\/v2\/product"}],"about":[{"href":"https:\/\/cmykprinted.com\/is\/wp-json\/wp\/v2\/types\/product"}],"version-history":[{"count":2,"href":"https:\/\/cmykprinted.com\/is\/wp-json\/wp\/v2\/product\/921\/revisions"}],"predecessor-version":[{"id":929,"href":"https:\/\/cmykprinted.com\/is\/wp-json\/wp\/v2\/product\/921\/revisions\/929"}],"wp:featuredmedia":[{"embeddable":true,"href":"https:\/\/cmykprinted.com\/is\/wp-json\/wp\/v2\/media\/922"}],"wp:attachment":[{"href":"https:\/\/cmykprinted.com\/is\/wp-json\/wp\/v2\/media?parent=921"}],"wp:term":[{"taxonomy":"product_cat","embeddable":true,"href":"https:\/\/cmykprinted.com\/is\/wp-json\/wp\/v2\/product_cat?post=921"},{"taxonomy":"product_tag","embeddable":true,"href":"https:\/\/cmykprinted.com\/is\/wp-json\/wp\/v2\/product_tag?post=921"}],"curies":[{"name":"wp","href":"https:\/\/api.w.org\/{rel}","templated":true}]}}