{"id":930,"date":"2023-01-15T04:21:00","date_gmt":"2023-01-15T04:21:00","guid":{"rendered":"https:\/\/cmykprinted.com\/?post_type=product&#038;p=930"},"modified":"2023-01-15T05:50:05","modified_gmt":"2023-01-15T05:50:05","slug":"cheapest-personalized-custom-printed-handheld-stick-flag","status":"publish","type":"product","link":"https:\/\/cmykprinted.com\/is\/product\/cheapest-personalized-custom-printed-handheld-stick-flag\/","title":{"rendered":"\u00d3d\u00fdrasta s\u00e9rsni\u00f0na s\u00e9rprenta\u00f0a handfesta staff\u00e1nann"},"content":{"rendered":"","protected":false},"excerpt":{"rendered":"<p>Handfesta staff\u00e1ni er hagkv\u00e6m og sj\u00f3nr\u00e6nt a\u00f0la\u00f0andi lei\u00f0 til a\u00f0 s\u00fdna vi\u00f0bur\u00f0i \u00fe\u00edna e\u00f0a kynningar. Me\u00f0 \u00fev\u00ed a\u00f0 s\u00e9rsn\u00ed\u00f0a \u00fe\u00e1 alveg eins og venjulegu s\u00e9rsni\u00f0nu f\u00e1nana okkar, en me\u00f0 minni st\u00e6r\u00f0 sem au\u00f0velt er a\u00f0 halda \u00e1 \u00feeim, eru \u00feeir fullkomin vi\u00f0b\u00f3t vi\u00f0 hva\u00f0a vi\u00f0skiptas\u00fdningu, \u00ed\u00fer\u00f3ttaleiki, skr\u00fa\u00f0g\u00f6ngu, r\u00e1\u00f0stefnu e\u00f0a vi\u00f0bur\u00f0i. \u00deessir f\u00e1nar eru \u00far endingarg\u00f3\u00f0u p\u00f3l\u00fdesterefni og eru prenta\u00f0ir me\u00f0 dye sublimation sem tryggir a\u00f0 litirnir s\u00e9u bjartir og sterkir. F\u00e1narnir eru kl\u00e1ra\u00f0ir me\u00f0 plast- e\u00f0a tr\u00e9sk\u00faffu og hver f\u00e1ni er festur \u00e1 sp\u00fdtuna me\u00f0 f\u00e1naermi sem tryggir a\u00f0 f\u00e1ninn haldist tryggilega \u00e1 s\u00ednum sta\u00f0. Hvort sem \u00fe\u00fa ert a\u00f0 kynna fyrirt\u00e6ki, m\u00e1lefni e\u00f0a s\u00e9rstakan vi\u00f0bur\u00f0, \u00fe\u00e1 eru \u00feessir f\u00e1nar fr\u00e1b\u00e6r lei\u00f0 til a\u00f0 koma skilabo\u00f0um \u00fe\u00ednum \u00e1 framf\u00e6ri.<\/p>","protected":false},"featured_media":931,"template":"","meta":{"_kad_post_transparent":"default","_kad_post_title":"hide","_kad_post_layout":"fullwidth","_kad_post_sidebar_id":"","_kad_post_content_style":"unboxed","_kad_post_vertical_padding":"hide","_kad_post_feature":"hide","_kad_post_feature_position":"","_kad_post_header":false,"_kad_post_footer":false},"product_cat":[79],"product_tag":[263,262,154,261],"class_list":{"0":"post-930","1":"product","2":"type-product","3":"status-publish","4":"has-post-thumbnail","6":"product_cat-custom-flags","7":"product_tag-cheapest-stick-flag","8":"product_tag-custom-stick-flag","9":"product_tag-handheld-stick-flag","10":"product_tag-personalized-stick-flag","12":"first","13":"instock","14":"shipping-taxable","15":"product-type-simple","16":"entry","17":"content-bg","18":"loop-entry"},"_links":{"self":[{"href":"https:\/\/cmykprinted.com\/is\/wp-json\/wp\/v2\/product\/930","targetHints":{"allow":["GET"]}}],"collection":[{"href":"https:\/\/cmykprinted.com\/is\/wp-json\/wp\/v2\/product"}],"about":[{"href":"https:\/\/cmykprinted.com\/is\/wp-json\/wp\/v2\/types\/product"}],"version-history":[{"count":2,"href":"https:\/\/cmykprinted.com\/is\/wp-json\/wp\/v2\/product\/930\/revisions"}],"predecessor-version":[{"id":937,"href":"https:\/\/cmykprinted.com\/is\/wp-json\/wp\/v2\/product\/930\/revisions\/937"}],"wp:featuredmedia":[{"embeddable":true,"href":"https:\/\/cmykprinted.com\/is\/wp-json\/wp\/v2\/media\/931"}],"wp:attachment":[{"href":"https:\/\/cmykprinted.com\/is\/wp-json\/wp\/v2\/media?parent=930"}],"wp:term":[{"taxonomy":"product_cat","embeddable":true,"href":"https:\/\/cmykprinted.com\/is\/wp-json\/wp\/v2\/product_cat?post=930"},{"taxonomy":"product_tag","embeddable":true,"href":"https:\/\/cmykprinted.com\/is\/wp-json\/wp\/v2\/product_tag?post=930"}],"curies":[{"name":"wp","href":"https:\/\/api.w.org\/{rel}","templated":true}]}}