{"id":938,"date":"2023-01-15T14:03:34","date_gmt":"2023-01-15T14:03:34","guid":{"rendered":"https:\/\/cmykprinted.com\/?post_type=product&#038;p=938"},"modified":"2023-01-15T14:14:31","modified_gmt":"2023-01-15T14:14:31","slug":"trade-show-fitted-custom-stretch-table-cover-tablecloth","status":"publish","type":"product","link":"https:\/\/cmykprinted.com\/is\/product\/trade-show-fitted-custom-stretch-table-cover-tablecloth\/","title":{"rendered":"Trade Show Fitted Custom Stretch Table Cover D\u00fakur"},"content":{"rendered":"","protected":false},"excerpt":{"rendered":"<p>\u00dea\u00f0 getur veri\u00f0 krefjandi a\u00f0 halda vi\u00f0skiptavi\u00f0bur\u00f0 \u00fear sem \u00fe\u00fa vilt hafa g\u00f3\u00f0an \u00e1hrif \u00e1 b\u00e6\u00f0i n\u00fdja og n\u00faverandi vi\u00f0skiptavini. Teygjubor\u00f0s\u00e1kl\u00e6\u00f0in okkar eru fr\u00e1b\u00e6r lausn til a\u00f0 skreyta standinn \u00feinn og kynna fyrirt\u00e6ki\u00f0 \u00feitt. \u00darvali\u00f0 okkar af flottum spandex \u00e1kl\u00e6\u00f0um er l\u00e1ggjaldav\u00e6nt og h\u00e6gt a\u00f0 nota til a\u00f0 auka \u00fatlit bor\u00f0anna \u00feinna. B\u00fai\u00f0 til \u00far endingarg\u00f3\u00f0u 180GSM teygjanlegu efni, \u00e1kl\u00e6\u00f0in okkar eru t\u00e1r\u00feolin og h\u00e6gt a\u00f0 endurn\u00fdta \u00feau fyrir marga vi\u00f0bur\u00f0i. Me\u00f0 1440-DPI prentt\u00e6kni okkar \u00ed fullum litum er graf\u00edkin \u00e1 k\u00e1punum sk\u00e6r og sk\u00f6rp, \u00f6rugglega a\u00f0 gr\u00edpa athygli fundarmanna. Hl\u00edfarnar okkar eru f\u00e1anlegar \u00ed tveimur ger\u00f0um: rennil\u00e1s a\u00f0 baki og \u00fer\u00edhli\u00f0a, sem b\u00e1\u00f0ar eru au\u00f0velt a\u00f0 setja upp og haldast \u00f6rugglega \u00e1 s\u00ednum sta\u00f0. Spandex teygjud\u00fakar eru fj\u00f6lh\u00e6fir og l\u00e1ggjaldav\u00e6nir, sem gera \u00fe\u00e1 fullkomna fyrir hvers kyns vi\u00f0bur\u00f0i, svo sem h\u00e1t\u00ed\u00f0arveislur, v\u00f6rus\u00fdningar og fleira.<\/p>","protected":false},"featured_media":939,"template":"","meta":{"_kad_post_transparent":"default","_kad_post_title":"hide","_kad_post_layout":"fullwidth","_kad_post_sidebar_id":"","_kad_post_content_style":"unboxed","_kad_post_vertical_padding":"hide","_kad_post_feature":"hide","_kad_post_feature_position":"","_kad_post_header":false,"_kad_post_footer":false},"product_cat":[80,81],"product_tag":[117,265,264,266],"class_list":{"0":"post-938","1":"product","2":"type-product","3":"status-publish","4":"has-post-thumbnail","6":"product_cat-custom-tablecloth","7":"product_cat-custom-stretch-tablecloth","8":"product_tag-custom-stretch-tablecloth","9":"product_tag-fitted-tablecloth","10":"product_tag-stretch-table-cover","11":"product_tag-trade-show-table-cover","13":"first","14":"instock","15":"shipping-taxable","16":"product-type-simple","17":"entry","18":"content-bg","19":"loop-entry"},"_links":{"self":[{"href":"https:\/\/cmykprinted.com\/is\/wp-json\/wp\/v2\/product\/938","targetHints":{"allow":["GET"]}}],"collection":[{"href":"https:\/\/cmykprinted.com\/is\/wp-json\/wp\/v2\/product"}],"about":[{"href":"https:\/\/cmykprinted.com\/is\/wp-json\/wp\/v2\/types\/product"}],"version-history":[{"count":3,"href":"https:\/\/cmykprinted.com\/is\/wp-json\/wp\/v2\/product\/938\/revisions"}],"predecessor-version":[{"id":947,"href":"https:\/\/cmykprinted.com\/is\/wp-json\/wp\/v2\/product\/938\/revisions\/947"}],"wp:featuredmedia":[{"embeddable":true,"href":"https:\/\/cmykprinted.com\/is\/wp-json\/wp\/v2\/media\/939"}],"wp:attachment":[{"href":"https:\/\/cmykprinted.com\/is\/wp-json\/wp\/v2\/media?parent=938"}],"wp:term":[{"taxonomy":"product_cat","embeddable":true,"href":"https:\/\/cmykprinted.com\/is\/wp-json\/wp\/v2\/product_cat?post=938"},{"taxonomy":"product_tag","embeddable":true,"href":"https:\/\/cmykprinted.com\/is\/wp-json\/wp\/v2\/product_tag?post=938"}],"curies":[{"name":"wp","href":"https:\/\/api.w.org\/{rel}","templated":true}]}}