{"id":956,"date":"2023-02-08T03:23:59","date_gmt":"2023-02-08T03:23:59","guid":{"rendered":"https:\/\/cmykprinted.com\/?post_type=product&#038;p=956"},"modified":"2023-02-08T03:36:40","modified_gmt":"2023-02-08T03:36:40","slug":"double-side-printed-folding-horizontal-pop-up-banner-stand","status":"publish","type":"product","link":"https:\/\/cmykprinted.com\/is\/product\/double-side-printed-folding-horizontal-pop-up-banner-stand\/","title":{"rendered":"Tv\u00f6faldur hli\u00f0 prenta\u00f0 samanbrj\u00f3tanlegur l\u00e1r\u00e9ttur pop-up bor\u00f0i standur"},"content":{"rendered":"","protected":false},"excerpt":{"rendered":"<p>L\u00e1r\u00e9tt Pop Up Banner Stand er fj\u00f6lh\u00e6f og \u00fe\u00e6gileg lausn fyrir b\u00e6\u00f0i inni og \u00fati vi\u00f0bur\u00f0i. \u00deessir A-ramma bor\u00f0ar eru l\u00e9ttir og me\u00f0f\u00e6rilegir og bj\u00f3\u00f0a upp \u00e1 augnablik og au\u00f0velt er a\u00f0 setja \u00fe\u00e6r upp \u00e1 nokkrum sek\u00fandum. \u00deau eru tilvalin fyrir \u00ed\u00fer\u00f3ttavi\u00f0bur\u00f0i, vi\u00f0skiptas\u00fdningar, kynningar og stefnumerkingar. Me\u00f0 samanbrj\u00f3tandi m\u00e1lmgrind sem fellur saman \u00ed geymslupoka eru \u00feau \u00f6rugg til notkunar \u00e1 \u00ed\u00fer\u00f3ttav\u00f6llum og au\u00f0veld \u00ed flutningi. Bor\u00f0arnar eru f\u00e1anlegir \u00ed \u00fdmsum st\u00e6r\u00f0um og ger\u00f0um, \u00fear \u00e1 me\u00f0al l\u00e1r\u00e9ttum, l\u00f3\u00f0r\u00e9ttum, hringjum og \u00fer\u00edhyrningum, og eru tv\u00edhli\u00f0a fyrir h\u00e1marks\u00fatsetningu. H\u00e6gt er a\u00f0 s\u00fdna mismunandi myndir \u00e1 hvorri hli\u00f0 e\u00f0a nota s\u00f6mu myndina. Bor\u00f0arnar eru me\u00f0 j\u00f6r\u00f0u ni\u00f0ri fyrir mj\u00fakt yfirbor\u00f0 e\u00f0a h\u00e6gt a\u00f0 \u00feyngja \u00fe\u00e6r \u00e1 har\u00f0a fleti.<\/p>\n<div style=\"width: 1290px;\" class=\"wp-video\"><!--[if lt IE 9]><script>document.createElement('video');<\/script><![endif]--><br \/>\n<video class=\"wp-video-shortcode\" id=\"video-956-1\" width=\"1290\" height=\"726\" loop autoplay preload=\"auto\" controls=\"controls\"><source type=\"video\/mp4\" src=\"http:\/\/cmykprinted.com\/wp-content\/uploads\/2022\/12\/horizontal-pop-up-banners.mp4?_=1\" \/><a href=\"http:\/\/cmykprinted.com\/wp-content\/uploads\/2022\/12\/horizontal-pop-up-banners.mp4\">http:\/\/cmykprinted.com\/wp-content\/uploads\/2022\/12\/horizontal-pop-up-banners.mp4<\/a><\/video><\/div>\n<p>&nbsp;<\/p>","protected":false},"featured_media":957,"template":"","meta":{"_kad_post_transparent":"default","_kad_post_title":"hide","_kad_post_layout":"fullwidth","_kad_post_sidebar_id":"","_kad_post_content_style":"unboxed","_kad_post_vertical_padding":"hide","_kad_post_feature":"hide","_kad_post_feature_position":"","_kad_post_header":false,"_kad_post_footer":false},"product_cat":[92,94],"product_tag":[272,271,270,273],"class_list":{"0":"post-956","1":"product","2":"type-product","3":"status-publish","4":"has-post-thumbnail","6":"product_cat-pop-up-banners","7":"product_cat-horizontal-pop-up-banners","8":"product_tag-folding-horizontal-pop-up-banner","9":"product_tag-horizontal-pop-up-banner","10":"product_tag-horizontal-pop-up-banner-stand","11":"product_tag-printed-horizontal-pop-up-banner","13":"first","14":"instock","15":"shipping-taxable","16":"product-type-simple","17":"entry","18":"content-bg","19":"loop-entry"},"_links":{"self":[{"href":"https:\/\/cmykprinted.com\/is\/wp-json\/wp\/v2\/product\/956","targetHints":{"allow":["GET"]}}],"collection":[{"href":"https:\/\/cmykprinted.com\/is\/wp-json\/wp\/v2\/product"}],"about":[{"href":"https:\/\/cmykprinted.com\/is\/wp-json\/wp\/v2\/types\/product"}],"version-history":[{"count":2,"href":"https:\/\/cmykprinted.com\/is\/wp-json\/wp\/v2\/product\/956\/revisions"}],"predecessor-version":[{"id":964,"href":"https:\/\/cmykprinted.com\/is\/wp-json\/wp\/v2\/product\/956\/revisions\/964"}],"wp:featuredmedia":[{"embeddable":true,"href":"https:\/\/cmykprinted.com\/is\/wp-json\/wp\/v2\/media\/957"}],"wp:attachment":[{"href":"https:\/\/cmykprinted.com\/is\/wp-json\/wp\/v2\/media?parent=956"}],"wp:term":[{"taxonomy":"product_cat","embeddable":true,"href":"https:\/\/cmykprinted.com\/is\/wp-json\/wp\/v2\/product_cat?post=956"},{"taxonomy":"product_tag","embeddable":true,"href":"https:\/\/cmykprinted.com\/is\/wp-json\/wp\/v2\/product_tag?post=956"}],"curies":[{"name":"wp","href":"https:\/\/api.w.org\/{rel}","templated":true}]}}