{"id":965,"date":"2023-02-08T04:50:30","date_gmt":"2023-02-08T04:50:30","guid":{"rendered":"https:\/\/cmykprinted.com\/?post_type=product&#038;p=965"},"modified":"2023-02-08T05:02:02","modified_gmt":"2023-02-08T05:02:02","slug":"straight-tension-fabric-backdrop-media-wall-for-events","status":"publish","type":"product","link":"https:\/\/cmykprinted.com\/is\/product\/straight-tension-fabric-backdrop-media-wall-for-events\/","title":{"rendered":"Bakgrunnsveggur me\u00f0 beinum spennuefni fyrir vi\u00f0bur\u00f0i"},"content":{"rendered":"","protected":false},"excerpt":{"rendered":"<p>Mest selda beina spennuefnisbakgrunnurinn okkar er fj\u00f6lh\u00e6fur og tilvalinn fyrir \u00fdmis forrit eins og bakgrunn \u00ed st\u00fad\u00ed\u00f3, svi\u00f0sbakgrunn, lj\u00f3smyndaklefa, bla\u00f0amannafund, ver\u00f0launaafhendingu og rau\u00f0a teppi\u00f0. Me\u00f0 m\u00f6guleikanum \u00e1 tveimur h\u00f6nnunum f\u00e6r\u00f0u h\u00e1marksver\u00f0m\u00e6ti og au\u00f0velda flutninga. Gert \u00far endingarg\u00f3\u00f0u, sveigjanlegu 100% p\u00f3l\u00fdester sem m\u00e1 \u00fevo \u00ed v\u00e9l, s\u00e9rsni\u00f0i\u00f0 d\u00fakprentunarferli okkar tryggir a\u00f0 h\u00f6nnunin haldist lifandi jafnvel eftir marga \u00fevotta og \u00ed hva\u00f0a ve\u00f0ri sem er. Prentun okkar notar vistv\u00e6na, n\u00e1tt\u00farulega ni\u00f0urbrj\u00f3tanlega leysiefni fyrir \u00f6ruggara og minna harkalegt ferli. L\u00e9ttur en samt traustur \u00e1lrammi sty\u00f0ur efni\u00f0 og kemur me\u00f0 smellul\u00e1sr\u00f6rum til a\u00f0 au\u00f0velda uppsetningu \u00e1n verkf\u00e6ra. Standurinn er stillanlegur a\u00f0 \u00feeirri st\u00e6r\u00f0 sem \u00fe\u00fa vilt og kemur me\u00f0 flytjanlegu r\u00fallandi h\u00f6r\u00f0u hulstri. Sending er \u00f3keypis og tekur 4-5 virka daga.<\/p>\n<div style=\"width: 1290px;\" class=\"wp-video\"><!--[if lt IE 9]><script>document.createElement('video');<\/script><![endif]--><br \/>\n<video class=\"wp-video-shortcode\" id=\"video-965-1\" width=\"1290\" height=\"726\" loop autoplay preload=\"metadata\" controls=\"controls\"><source type=\"video\/mp4\" src=\"http:\/\/cmykprinted.com\/wp-content\/uploads\/2023\/02\/Straight-Tension-Fabric-Backdrop.mp4?_=1\" \/><a href=\"http:\/\/cmykprinted.com\/wp-content\/uploads\/2023\/02\/Straight-Tension-Fabric-Backdrop.mp4\">http:\/\/cmykprinted.com\/wp-content\/uploads\/2023\/02\/Straight-Tension-Fabric-Backdrop.mp4<\/a><\/video><\/div>","protected":false},"featured_media":966,"template":"","meta":{"_kad_post_transparent":"default","_kad_post_title":"hide","_kad_post_layout":"fullwidth","_kad_post_sidebar_id":"","_kad_post_content_style":"unboxed","_kad_post_vertical_padding":"hide","_kad_post_feature":"hide","_kad_post_feature_position":"","_kad_post_header":false,"_kad_post_footer":false},"product_cat":[97,100],"product_tag":[274,196,197,198],"class_list":{"0":"post-965","1":"product","2":"type-product","3":"status-publish","4":"has-post-thumbnail","6":"product_cat-tension-fabric-displays","7":"product_cat-straight-tension-fabric-backdrop","8":"product_tag-events-media-wall","9":"product_tag-straight-tension-fabric-backdrop","10":"product_tag-tension-fabric-backdrop","11":"product_tag-tension-fabric-media-wall","13":"first","14":"instock","15":"shipping-taxable","16":"product-type-simple","17":"entry","18":"content-bg","19":"loop-entry"},"_links":{"self":[{"href":"https:\/\/cmykprinted.com\/is\/wp-json\/wp\/v2\/product\/965","targetHints":{"allow":["GET"]}}],"collection":[{"href":"https:\/\/cmykprinted.com\/is\/wp-json\/wp\/v2\/product"}],"about":[{"href":"https:\/\/cmykprinted.com\/is\/wp-json\/wp\/v2\/types\/product"}],"version-history":[{"count":2,"href":"https:\/\/cmykprinted.com\/is\/wp-json\/wp\/v2\/product\/965\/revisions"}],"predecessor-version":[{"id":975,"href":"https:\/\/cmykprinted.com\/is\/wp-json\/wp\/v2\/product\/965\/revisions\/975"}],"wp:featuredmedia":[{"embeddable":true,"href":"https:\/\/cmykprinted.com\/is\/wp-json\/wp\/v2\/media\/966"}],"wp:attachment":[{"href":"https:\/\/cmykprinted.com\/is\/wp-json\/wp\/v2\/media?parent=965"}],"wp:term":[{"taxonomy":"product_cat","embeddable":true,"href":"https:\/\/cmykprinted.com\/is\/wp-json\/wp\/v2\/product_cat?post=965"},{"taxonomy":"product_tag","embeddable":true,"href":"https:\/\/cmykprinted.com\/is\/wp-json\/wp\/v2\/product_tag?post=965"}],"curies":[{"name":"wp","href":"https:\/\/api.w.org\/{rel}","templated":true}]}}