{"id":976,"date":"2023-02-11T03:41:11","date_gmt":"2023-02-11T03:41:11","guid":{"rendered":"https:\/\/cmykprinted.com\/?post_type=product&#038;p=976"},"modified":"2023-02-11T03:46:13","modified_gmt":"2023-02-11T03:46:13","slug":"double-sided-feather-flags-with-free-design-at-cheap-price","status":"publish","type":"product","link":"https:\/\/cmykprinted.com\/is\/product\/double-sided-feather-flags-with-free-design-at-cheap-price\/","title":{"rendered":"Tv\u00edhli\u00f0a fja\u00f0raf\u00e1nar me\u00f0 \u00f3keypis h\u00f6nnun \u00e1 g\u00f3\u00f0u ver\u00f0i"},"content":{"rendered":"","protected":false},"excerpt":{"rendered":"<p>Tv\u00edhli\u00f0a fja\u00f0urf\u00e1nar eru miki\u00f0 nota\u00f0ur valkostur fyrir fyrirt\u00e6ki og stofnanir sem leita a\u00f0 \u00fe\u00e6gilegri a\u00f0fer\u00f0 til a\u00f0 augl\u00fdsa v\u00f6rumerki sitt e\u00f0a skilabo\u00f0. Me\u00f0 einfaldri uppsetningu og getu til a\u00f0 vera sta\u00f0settur \u00e1 hva\u00f0a sta\u00f0 sem er, bj\u00f3\u00f0a \u00feeir upp \u00e1 hagn\u00fdta lausn. Mastr fj\u00f6\u00f0urstrandf\u00e1nans er sm\u00ed\u00f0a\u00f0 \u00far sterkum efnum eins og \u00e1li og trefjagleri, sem gerir honum kleift a\u00f0 halda l\u00f6gun sinni jafnvel \u00ed vindasamt ve\u00f0ri og sl\u00e6mu ve\u00f0ri. F\u00e1ninn er prenta\u00f0ur \u00e1 h\u00e1g\u00e6\u00f0a 115 g\/m2 p\u00f3l\u00fdesterefni, sem b\u00fd\u00f0ur upp \u00e1 n\u00e6stum 100% endurspeglun \u00e1 bakhli\u00f0inni, sem tryggir a\u00f0 f\u00e1ninn s\u00e9 au\u00f0sj\u00e1anlegur og l\u00e6silegur \u00far fjarl\u00e6g\u00f0.<br \/>\nAuk \u00e1rei\u00f0anleika \u00feeirra og s\u00fdnileika eru fja\u00f0rastrandf\u00e1nar einnig au\u00f0veldir \u00ed flutningi og taka l\u00e1gmarks pl\u00e1ss. H\u00e6gt er a\u00f0 f\u00e6ra \u00fe\u00e6r \u00e1reynslulaust fr\u00e1 einum sta\u00f0 til annars og h\u00e6gt er a\u00f0 setja \u00fe\u00e6r upp \u00e1 hva\u00f0a yfirbor\u00f0i sem er me\u00f0 hj\u00e1lp \u00fdmissa grunnvalkosta.<br \/>\nA\u00f0 lokum eru fja\u00f0urstrandf\u00e1nar sveigjanleg og skilvirk lei\u00f0 til a\u00f0 s\u00fdna v\u00f6rumerki\u00f0 \u00feitt e\u00f0a skilabo\u00f0. Me\u00f0 einfaldri samsetningu, styrk og fr\u00e1b\u00e6ru s\u00fdnileika eru \u00feau fr\u00e1b\u00e6r kostur fyrir \u00f6ll fyrirt\u00e6ki e\u00f0a samt\u00f6k sem vilja n\u00e1 athygli.<\/p>\n<div style=\"width: 1280px;\" class=\"wp-video\"><!--[if lt IE 9]><script>document.createElement('video');<\/script><![endif]--><br \/>\n<video class=\"wp-video-shortcode\" id=\"video-976-1\" width=\"1280\" height=\"720\" loop autoplay preload=\"metadata\" controls=\"controls\"><source type=\"video\/mp4\" src=\"http:\/\/cmykprinted.com\/wp-content\/uploads\/2022\/12\/Feather-beach-flags.mp4?_=1\" \/><a href=\"http:\/\/cmykprinted.com\/wp-content\/uploads\/2022\/12\/Feather-beach-flags.mp4\">http:\/\/cmykprinted.com\/wp-content\/uploads\/2022\/12\/Feather-beach-flags.mp4<\/a><\/video><\/div>","protected":false},"featured_media":977,"template":"","meta":{"_kad_post_transparent":"default","_kad_post_title":"hide","_kad_post_layout":"fullwidth","_kad_post_sidebar_id":"","_kad_post_content_style":"unboxed","_kad_post_vertical_padding":"hide","_kad_post_feature":"hide","_kad_post_feature_position":"","_kad_post_header":false,"_kad_post_footer":false},"product_cat":[64,65],"product_tag":[278,275,276,277],"class_list":{"0":"post-976","1":"product","2":"type-product","3":"status-publish","4":"has-post-thumbnail","6":"product_cat-beach-flags","7":"product_cat-feather-flags-banners","8":"product_tag-cheap-feather-flags","9":"product_tag-double-sided-feather-flags","10":"product_tag-feather-flags","11":"product_tag-free-design-feather-flags","13":"first","14":"instock","15":"shipping-taxable","16":"product-type-simple","17":"entry","18":"content-bg","19":"loop-entry"},"_links":{"self":[{"href":"https:\/\/cmykprinted.com\/is\/wp-json\/wp\/v2\/product\/976","targetHints":{"allow":["GET"]}}],"collection":[{"href":"https:\/\/cmykprinted.com\/is\/wp-json\/wp\/v2\/product"}],"about":[{"href":"https:\/\/cmykprinted.com\/is\/wp-json\/wp\/v2\/types\/product"}],"version-history":[{"count":2,"href":"https:\/\/cmykprinted.com\/is\/wp-json\/wp\/v2\/product\/976\/revisions"}],"predecessor-version":[{"id":983,"href":"https:\/\/cmykprinted.com\/is\/wp-json\/wp\/v2\/product\/976\/revisions\/983"}],"wp:featuredmedia":[{"embeddable":true,"href":"https:\/\/cmykprinted.com\/is\/wp-json\/wp\/v2\/media\/977"}],"wp:attachment":[{"href":"https:\/\/cmykprinted.com\/is\/wp-json\/wp\/v2\/media?parent=976"}],"wp:term":[{"taxonomy":"product_cat","embeddable":true,"href":"https:\/\/cmykprinted.com\/is\/wp-json\/wp\/v2\/product_cat?post=976"},{"taxonomy":"product_tag","embeddable":true,"href":"https:\/\/cmykprinted.com\/is\/wp-json\/wp\/v2\/product_tag?post=976"}],"curies":[{"name":"wp","href":"https:\/\/api.w.org\/{rel}","templated":true}]}}