{"id":984,"date":"2023-02-11T03:57:42","date_gmt":"2023-02-11T03:57:42","guid":{"rendered":"https:\/\/cmykprinted.com\/?post_type=product&#038;p=984"},"modified":"2023-02-11T04:04:18","modified_gmt":"2023-02-11T04:04:18","slug":"10x15ft-50mm-hexagonal-pop-up-canopy-tent-aluminum-frame","status":"publish","type":"product","link":"https:\/\/cmykprinted.com\/is\/product\/10x15ft-50mm-hexagonal-pop-up-canopy-tent-aluminum-frame\/","title":{"rendered":"10X15FT 50mm sexhyrnt sprettigluggatjald \u00far \u00e1li"},"content":{"rendered":"","protected":false},"excerpt":{"rendered":"<p>50 mm sexhyrnd uppsprettur tjaldhiminn me\u00f0 \u00e1lgrind er fullkominn til a\u00f0 l\u00e1ta tjaldhiminn \u00feinn skera sig \u00far \u00e1 marka\u00f0sb\u00e1s e\u00f0a v\u00f6rus\u00fdningu. Ramminn st\u00e1tar af gl\u00e6silegum forskriftum, \u00fear \u00e1 me\u00f0al sexhyrndum ytri f\u00f3tlegg \u00far \u00e1li me\u00f0 50x50 mm st\u00e6r\u00f0 og 1,8 mm \u00feykkt. Hann hefur einnig fimm h\u00e6\u00f0arst\u00f6\u00f0ur me\u00f0 7,5 cm millibili og er sterkur og st\u00f6\u00f0ugur til langt\u00edmanotkunar.<br \/>\n\u00dea\u00f0 er flj\u00f3tlegt og au\u00f0velt a\u00f0 setja upp og taka ni\u00f0ur tjaldhiminn, \u00fe\u00f6kk s\u00e9 samanbrj\u00f3tanlegri \u00e1lgrindi hennar og lausum hlutum. \u00der\u00fdstihnappurinn breytir f\u00f3tastillingum og yfirst\u00e6r\u00f0, sem au\u00f0velt er a\u00f0 gr\u00edpa \u00ed dragpinna \u00ed efstu hornum gera uppsetningu og sundurli\u00f0un l\u00e9tt \u00e1n \u00feess a\u00f0 \u00feurfa verkf\u00e6ri.<br \/>\n\u00cd pakkanum er \u00e1lgrind sem er til s\u00f6lu \u00ed augl\u00fdsingum og h\u00e6gt er a\u00f0 setja upp og taka ni\u00f0ur af einum e\u00f0a tveimur einstaklingum \u00e1 nokkrum m\u00edn\u00fatum \u00e1n nokkurra verkf\u00e6ra. \u00dea\u00f0 kemur me\u00f0 1 \u00e1rs \u00e1byrg\u00f0 og l\u00edfst\u00ed\u00f0arbirg\u00f0ir af aukahlutum og hlutum. Ef \u00feig vantar s\u00e9rsni\u00f0na vinnu skaltu ekki hika vi\u00f0 a\u00f0 hafa samband vi\u00f0 okkur. Vi\u00f0 tryggjum 100% \u00e1n\u00e6gju og munum vinna a\u00f0 \u00fev\u00ed a\u00f0 leysa \u00f6ll vandam\u00e1l sem \u00fe\u00fa g\u00e6tir \u00e1tt.<br \/>\n\u00deessi tjaldhiminn hentar fyrir margs konar \u00fativi\u00f0bur\u00f0i, \u00fear \u00e1 me\u00f0al veislur, vi\u00f0skiptas\u00fdningar, \u00ed\u00fer\u00f3ttir, lautarfer\u00f0ir, grillveislur og fleira. \u00dea\u00f0 er h\u00e6gt a\u00f0 nota \u00e1 verslunarsv\u00e6\u00f0um, str\u00f6ndum, leikv\u00f6llum, g\u00f6r\u00f0um, g\u00f6r\u00f0um, b\u00e6jum og \u00f6\u00f0rum \u00fativistum, svo og innandyra eins og st\u00f3rum \u00ed\u00fer\u00f3ttah\u00fasum. Me\u00f0 h\u00e1g\u00e6\u00f0a g\u00e6\u00f0um getur\u00f0u veri\u00f0 viss um langl\u00edfi og endingu. Ef \u00fe\u00fa hefur einhverjar \u00e1hyggjur af g\u00e6\u00f0um \u00e1 fyrsta \u00e1ri skaltu ekki hika vi\u00f0 a\u00f0 hafa samband vi\u00f0 okkur. 100% \u00e1n\u00e6gju\u00e1byrg\u00f0 okkar tryggir a\u00f0 vi\u00f0 munum vinna a\u00f0 \u00fev\u00ed a\u00f0 leysa \u00f6ll vandam\u00e1l sem \u00fe\u00fa g\u00e6tir lent \u00ed.<\/p>\n<div style=\"width: 1280px;\" class=\"wp-video\"><!--[if lt IE 9]><script>document.createElement('video');<\/script><![endif]--><br \/>\n<video class=\"wp-video-shortcode\" id=\"video-984-1\" width=\"1280\" height=\"720\" loop autoplay preload=\"auto\" controls=\"controls\"><source type=\"video\/mp4\" src=\"http:\/\/cmykprinted.com\/wp-content\/uploads\/2022\/12\/10x15ft-Pop-up-Tent.mp4?_=1\" \/><a href=\"http:\/\/cmykprinted.com\/wp-content\/uploads\/2022\/12\/10x15ft-Pop-up-Tent.mp4\">http:\/\/cmykprinted.com\/wp-content\/uploads\/2022\/12\/10x15ft-Pop-up-Tent.mp4<\/a><\/video><\/div>","protected":false},"featured_media":985,"template":"","meta":{"_kad_post_transparent":"default","_kad_post_title":"hide","_kad_post_layout":"fullwidth","_kad_post_sidebar_id":"","_kad_post_content_style":"unboxed","_kad_post_vertical_padding":"hide","_kad_post_feature":"hide","_kad_post_feature_position":"","_kad_post_header":false,"_kad_post_footer":false},"product_cat":[68,76,74],"product_tag":[279,282,281,280],"class_list":{"0":"post-984","1":"product","2":"type-product","3":"status-publish","4":"has-post-thumbnail","6":"product_cat-custom-canopy-tents","7":"product_cat-10x15ft-pop-up-tents-50mm-heavy-duty-hexagon-aluminum-tents-custom-canopy-tents","8":"product_cat-50mm-heavy-duty-hexagon-aluminum-tents","9":"product_tag-10x15ft-hexagonal-pop-up-canopy-tent","10":"product_tag-50mm-hexagonal-pop-up-canopy","11":"product_tag-aluminum-frame-pop-up-canopy-tent","12":"product_tag-hexagonal-pop-up-canopy-tent","14":"first","15":"instock","16":"shipping-taxable","17":"product-type-simple","18":"entry","19":"content-bg","20":"loop-entry"},"_links":{"self":[{"href":"https:\/\/cmykprinted.com\/is\/wp-json\/wp\/v2\/product\/984","targetHints":{"allow":["GET"]}}],"collection":[{"href":"https:\/\/cmykprinted.com\/is\/wp-json\/wp\/v2\/product"}],"about":[{"href":"https:\/\/cmykprinted.com\/is\/wp-json\/wp\/v2\/types\/product"}],"version-history":[{"count":2,"href":"https:\/\/cmykprinted.com\/is\/wp-json\/wp\/v2\/product\/984\/revisions"}],"predecessor-version":[{"id":992,"href":"https:\/\/cmykprinted.com\/is\/wp-json\/wp\/v2\/product\/984\/revisions\/992"}],"wp:featuredmedia":[{"embeddable":true,"href":"https:\/\/cmykprinted.com\/is\/wp-json\/wp\/v2\/media\/985"}],"wp:attachment":[{"href":"https:\/\/cmykprinted.com\/is\/wp-json\/wp\/v2\/media?parent=984"}],"wp:term":[{"taxonomy":"product_cat","embeddable":true,"href":"https:\/\/cmykprinted.com\/is\/wp-json\/wp\/v2\/product_cat?post=984"},{"taxonomy":"product_tag","embeddable":true,"href":"https:\/\/cmykprinted.com\/is\/wp-json\/wp\/v2\/product_tag?post=984"}],"curies":[{"name":"wp","href":"https:\/\/api.w.org\/{rel}","templated":true}]}}