{"id":993,"date":"2023-02-11T08:06:52","date_gmt":"2023-02-11T08:06:52","guid":{"rendered":"https:\/\/cmykprinted.com\/?post_type=product&#038;p=993"},"modified":"2023-02-11T08:14:57","modified_gmt":"2023-02-11T08:14:57","slug":"wall-mounted-shop-front-flagpole-end-sign-shop-front-flags","status":"publish","type":"product","link":"https:\/\/cmykprinted.com\/is\/product\/wall-mounted-shop-front-flagpole-end-sign-shop-front-flags\/","title":{"rendered":"Veggfestir verslunarframhli\u00f0 f\u00e1nast\u00f6ng endaskilti verslunarframf\u00e1nar"},"content":{"rendered":"","protected":false},"excerpt":{"rendered":"<p>F\u00e1nast\u00f6ngin \u00ed b\u00fa\u00f0inni er h\u00f6nnu\u00f0 til a\u00f0 h\u00fdsa f\u00e1na af \u00fdmsum st\u00e6r\u00f0um og ger\u00f0um. Sterk sm\u00ed\u00f0i hans og einf\u00f6ld uppsetning gera \u00fea\u00f0 a\u00f0 vins\u00e6lu vali fyrir \u00fe\u00e1 sem vilja s\u00fdna f\u00e1na s\u00edna me\u00f0 stolti. St\u00f6ngin er forstillt til a\u00f0 flagga 3\u2032 x 5\u2032 USA f\u00e1na, sem er sta\u00f0alst\u00e6r\u00f0 fyrir flestar \u00edb\u00fa\u00f0ar- og atvinnuh\u00fasn\u00e6\u00f0i. Hins vegar, ef \u00fe\u00fa vilt breyta f\u00e1nanum \u00ed a\u00f0ra st\u00e6r\u00f0, er \u00fea\u00f0 einfalt og einfalt ferli sem h\u00e6gt er a\u00f0 kl\u00e1ra \u00e1 \u00f6rf\u00e1um m\u00edn\u00fatum.<\/p>","protected":false},"featured_media":994,"template":"","meta":{"_kad_post_transparent":"default","_kad_post_title":"hide","_kad_post_layout":"fullwidth","_kad_post_sidebar_id":"","_kad_post_content_style":"unboxed","_kad_post_vertical_padding":"hide","_kad_post_feature":"hide","_kad_post_feature_position":"","_kad_post_header":false,"_kad_post_footer":false},"product_cat":[79],"product_tag":[213,283,285,284,286],"class_list":{"0":"post-993","1":"product","2":"type-product","3":"status-publish","4":"has-post-thumbnail","6":"product_cat-custom-flags","7":"product_tag-end-sign-flags","8":"product_tag-shop-front-flagpole","9":"product_tag-small-wall-flags","10":"product_tag-wall-mounted-flags","11":"product_tag-window-mounted-flags-signs","13":"first","14":"instock","15":"shipping-taxable","16":"product-type-simple","17":"entry","18":"content-bg","19":"loop-entry"},"_links":{"self":[{"href":"https:\/\/cmykprinted.com\/is\/wp-json\/wp\/v2\/product\/993","targetHints":{"allow":["GET"]}}],"collection":[{"href":"https:\/\/cmykprinted.com\/is\/wp-json\/wp\/v2\/product"}],"about":[{"href":"https:\/\/cmykprinted.com\/is\/wp-json\/wp\/v2\/types\/product"}],"version-history":[{"count":1,"href":"https:\/\/cmykprinted.com\/is\/wp-json\/wp\/v2\/product\/993\/revisions"}],"predecessor-version":[{"id":999,"href":"https:\/\/cmykprinted.com\/is\/wp-json\/wp\/v2\/product\/993\/revisions\/999"}],"wp:featuredmedia":[{"embeddable":true,"href":"https:\/\/cmykprinted.com\/is\/wp-json\/wp\/v2\/media\/994"}],"wp:attachment":[{"href":"https:\/\/cmykprinted.com\/is\/wp-json\/wp\/v2\/media?parent=993"}],"wp:term":[{"taxonomy":"product_cat","embeddable":true,"href":"https:\/\/cmykprinted.com\/is\/wp-json\/wp\/v2\/product_cat?post=993"},{"taxonomy":"product_tag","embeddable":true,"href":"https:\/\/cmykprinted.com\/is\/wp-json\/wp\/v2\/product_tag?post=993"}],"curies":[{"name":"wp","href":"https:\/\/api.w.org\/{rel}","templated":true}]}}