{"id":1052,"date":"2023-02-13T07:20:10","date_gmt":"2023-02-13T07:20:10","guid":{"rendered":"https:\/\/cmykprinted.com\/?post_type=product&#038;p=1052"},"modified":"2023-02-13T07:26:04","modified_gmt":"2023-02-13T07:26:04","slug":"50mm-hexagonal-aluminum-10x20ft-pop-up-canopies-tents","status":"publish","type":"product","link":"https:\/\/cmykprinted.com\/it\/prodotto\/50mm-hexagonal-aluminum-10x20ft-pop-up-canopies-tents\/","title":{"rendered":"Tende a baldacchino pop-up esagonali in alluminio da 50 mm, 10x20 piedi"},"content":{"rendered":"","protected":false},"excerpt":{"rendered":"<p>Il baldacchino pop-up da 10x20 piedi con telaio in alluminio \u00e8 la scelta perfetta per fare una dichiarazione in una bancarella del mercato o in una fiera. Il telaio \u00e8 progettato per stupire con la sua gamba esterna esagonale in alluminio che misura 50x50 mm e uno spessore di 1,8 mm. Con cinque posizioni di altezza a intervalli di 7,5 cm, offre stabilit\u00e0 per un uso a lungo termine.<br \/>\nIl montaggio e lo smontaggio della capottina \u00e8 semplice, grazie al suo telaio pieghevole in alluminio e all&#039;assenza di parti sfuse. Le regolazioni della gamba a levetta a pulsante e i perni di trazione sovradimensionati agli angoli superiori rendono l&#039;installazione un gioco da ragazzi, senza la necessit\u00e0 di alcun attrezzo. La confezione include il telaio in alluminio del baldacchino pop-up commerciale e pu\u00f2 essere facilmente assemblato da una o due persone in pochi minuti, senza attrezzi.<br \/>\nQuesto baldacchino viene fornito con una garanzia di 1 anno e una fornitura a vita di accessori e parti. Se hai bisogno di un lavoro personalizzato, siamo qui per aiutarti. Garantiamo la soddisfazione di 100% e lavoreremo per risolvere eventuali problemi che potresti avere.<br \/>\nQuesto baldacchino versatile \u00e8 adatto per una vasta gamma di eventi all&#039;aperto, come feste, fiere, sport, picnic, barbecue e altro ancora. Pu\u00f2 essere utilizzato anche in aree commerciali, spiagge, campi da gioco, cortili, giardini, fattorie e altri ambienti esterni, nonch\u00e9 ambienti interni come grandi palestre. Con la sua qualit\u00e0 di fascia alta, puoi essere sicuro della sua longevit\u00e0 e durata. Se hai problemi di qualit\u00e0 entro il primo anno, contattaci. La nostra garanzia di soddisfazione 100% assicura che lavoreremo per risolvere qualsiasi problema tu possa avere.<\/p>\n<div style=\"width: 1280px;\" class=\"wp-video\"><!--[if lt IE 9]><script>document.createElement('video');<\/script><![endif]--><br \/>\n<video class=\"wp-video-shortcode\" id=\"video-1052-1\" width=\"1280\" height=\"720\" loop autoplay preload=\"auto\" controls=\"controls\"><source type=\"video\/mp4\" src=\"http:\/\/cmykprinted.com\/wp-content\/uploads\/2022\/12\/10x15ft-Pop-up-Tent.mp4?_=1\" \/><a href=\"http:\/\/cmykprinted.com\/wp-content\/uploads\/2022\/12\/10x15ft-Pop-up-Tent.mp4\">http:\/\/cmykprinted.com\/wp-content\/uploads\/2022\/12\/10x15ft-Pop-up-Tent.mp4<\/a><\/video><\/div>","protected":false},"featured_media":1053,"template":"","meta":{"_kad_post_transparent":"default","_kad_post_title":"hide","_kad_post_layout":"fullwidth","_kad_post_sidebar_id":"","_kad_post_content_style":"unboxed","_kad_post_vertical_padding":"hide","_kad_post_feature":"hide","_kad_post_feature_position":"","_kad_post_header":false,"_kad_post_footer":false},"product_cat":[68,77,74],"product_tag":[279,208,282,306,305,281,304,280],"class_list":{"0":"post-1052","1":"product","2":"type-product","3":"status-publish","4":"has-post-thumbnail","6":"product_cat-custom-canopy-tents","7":"product_cat-10x20ft-pop-up-canopies-50mm-heavy-duty-hexagon-aluminum-tents-custom-canopy-tents","8":"product_cat-50mm-heavy-duty-hexagon-aluminum-tents","9":"product_tag-10x15ft-hexagonal-pop-up-canopy-tent","10":"product_tag-10x20ft-pop-up-canopies","11":"product_tag-50mm-hexagonal-pop-up-canopy","12":"product_tag-50mm-hexagonal-pop-up-canopies","13":"product_tag-aluminum-canopies-pop-up-canopies","14":"product_tag-aluminum-frame-pop-up-canopy-tent","15":"product_tag-hexagonal-aluminum-canopies","16":"product_tag-hexagonal-pop-up-canopy-tent","18":"first","19":"instock","20":"shipping-taxable","21":"product-type-simple","22":"entry","23":"content-bg","24":"loop-entry"},"_links":{"self":[{"href":"https:\/\/cmykprinted.com\/it\/wp-json\/wp\/v2\/product\/1052","targetHints":{"allow":["GET"]}}],"collection":[{"href":"https:\/\/cmykprinted.com\/it\/wp-json\/wp\/v2\/product"}],"about":[{"href":"https:\/\/cmykprinted.com\/it\/wp-json\/wp\/v2\/types\/product"}],"version-history":[{"count":2,"href":"https:\/\/cmykprinted.com\/it\/wp-json\/wp\/v2\/product\/1052\/revisions"}],"predecessor-version":[{"id":1059,"href":"https:\/\/cmykprinted.com\/it\/wp-json\/wp\/v2\/product\/1052\/revisions\/1059"}],"wp:featuredmedia":[{"embeddable":true,"href":"https:\/\/cmykprinted.com\/it\/wp-json\/wp\/v2\/media\/1053"}],"wp:attachment":[{"href":"https:\/\/cmykprinted.com\/it\/wp-json\/wp\/v2\/media?parent=1052"}],"wp:term":[{"taxonomy":"product_cat","embeddable":true,"href":"https:\/\/cmykprinted.com\/it\/wp-json\/wp\/v2\/product_cat?post=1052"},{"taxonomy":"product_tag","embeddable":true,"href":"https:\/\/cmykprinted.com\/it\/wp-json\/wp\/v2\/product_tag?post=1052"}],"curies":[{"name":"wp","href":"https:\/\/api.w.org\/{rel}","templated":true}]}}