{"id":2002,"date":"2024-04-08T03:40:15","date_gmt":"2024-04-08T03:40:15","guid":{"rendered":"https:\/\/cmykprinted.com\/?post_type=product&#038;p=2002"},"modified":"2024-04-08T04:07:18","modified_gmt":"2024-04-08T04:07:18","slug":"3d-embossed-nickel-metallic-decal-label-stickers","status":"publish","type":"product","link":"https:\/\/cmykprinted.com\/it\/prodotto\/3d-in-rilievo-nichel-metallico-decalcomania-etichetta\/","title":{"rendered":"Adesivi per etichette con decalcomanie metalliche in nichel goffrato 3D"},"content":{"rendered":"","protected":false},"excerpt":{"rendered":"<p>Il MOQ: 1 foglio (17*30 cm), puoi disegnare molti loghi diversi di piccole dimensioni sul foglio. Il prezzo \u00e8 di 15 USD per foglio come costo del campione. Questo costo non include il costo di spedizione. Possiamo inviarli in tutto il mondo entro 10 giorni. Se i campioni non sono urgenti, possiamo utilizzare EMS per l&#039;invio, ci vorranno circa 12 giorni. Se urgente, utilizzeremo DHL o UPS o Fedex per l&#039;invio.<\/p>\n<p>Adesivo decalcomania trasferimento metallico Colore da scegliere: argento, nero, bianco, rosso, verde, viola, champagne, oro lucido, blu.<\/p>\n<p>Tempi di consegna rapidi: 2-3 giorni<\/p>\n<p>Applicazione\/Utilizzo: finch\u00e9 la superficie del prodotto \u00e8 pulita e liscia, la nostra etichetta di trasferimento metallica 3D pu\u00f2 funzionare su di essa. Usiamo un forte autoadesivo 3M sul retro, quindi l&#039;etichetta rimarr\u00e0 saldamente.<\/p>\n<p>Sono disponibili campioni di stock gratuiti, ti preghiamo di contattarci!<\/p>\n<p>&nbsp;<\/p>\n<div style=\"width: 640px;\" class=\"wp-video\"><!--[if lt IE 9]><script>document.createElement('video');<\/script><![endif]--><br \/>\n<video class=\"wp-video-shortcode\" id=\"video-2002-1\" width=\"640\" height=\"360\" preload=\"metadata\" controls=\"controls\"><source type=\"video\/mp4\" src=\"https:\/\/cmykprinted.com\/wp-content\/uploads\/2024\/04\/Embossed-Nickel-Decal-Label-Stickers.mp4?_=1\" \/><a href=\"https:\/\/cmykprinted.com\/wp-content\/uploads\/2024\/04\/Embossed-Nickel-Decal-Label-Stickers.mp4\">https:\/\/cmykprinted.com\/wp-content\/uploads\/2024\/04\/Embossed-Nickel-Decal-Label-Stickers.mp4<\/a><\/video><\/div>\n<p>&nbsp;<\/p>","protected":false},"featured_media":2003,"template":"","meta":{"_kad_post_transparent":"default","_kad_post_title":"hide","_kad_post_layout":"fullwidth","_kad_post_sidebar_id":"","_kad_post_content_style":"unboxed","_kad_post_vertical_padding":"hide","_kad_post_feature":"hide","_kad_post_feature_position":"","_kad_post_header":false,"_kad_post_footer":false},"product_cat":[101,102],"product_tag":[413,412,411,410,414],"class_list":{"0":"post-2002","1":"product","2":"type-product","3":"status-publish","4":"has-post-thumbnail","6":"product_cat-transfer-stickers","7":"product_cat-metal-transfer-stickers","8":"product_tag-3d-embossed-nickel-metallic-decal","9":"product_tag-embossed-decals","10":"product_tag-embossed-labels","11":"product_tag-embossed-stickers","12":"product_tag-nickel-metallic-decal-label-stickers","14":"first","15":"instock","16":"shipping-taxable","17":"product-type-simple","18":"entry","19":"content-bg","20":"loop-entry"},"_links":{"self":[{"href":"https:\/\/cmykprinted.com\/it\/wp-json\/wp\/v2\/product\/2002","targetHints":{"allow":["GET"]}}],"collection":[{"href":"https:\/\/cmykprinted.com\/it\/wp-json\/wp\/v2\/product"}],"about":[{"href":"https:\/\/cmykprinted.com\/it\/wp-json\/wp\/v2\/types\/product"}],"version-history":[{"count":1,"href":"https:\/\/cmykprinted.com\/it\/wp-json\/wp\/v2\/product\/2002\/revisions"}],"predecessor-version":[{"id":2009,"href":"https:\/\/cmykprinted.com\/it\/wp-json\/wp\/v2\/product\/2002\/revisions\/2009"}],"wp:featuredmedia":[{"embeddable":true,"href":"https:\/\/cmykprinted.com\/it\/wp-json\/wp\/v2\/media\/2003"}],"wp:attachment":[{"href":"https:\/\/cmykprinted.com\/it\/wp-json\/wp\/v2\/media?parent=2002"}],"wp:term":[{"taxonomy":"product_cat","embeddable":true,"href":"https:\/\/cmykprinted.com\/it\/wp-json\/wp\/v2\/product_cat?post=2002"},{"taxonomy":"product_tag","embeddable":true,"href":"https:\/\/cmykprinted.com\/it\/wp-json\/wp\/v2\/product_tag?post=2002"}],"curies":[{"name":"wp","href":"https:\/\/api.w.org\/{rel}","templated":true}]}}