{"id":2094,"date":"2024-05-06T12:36:30","date_gmt":"2024-05-06T12:36:30","guid":{"rendered":"https:\/\/cmykprinted.com\/?post_type=product&#038;p=2094"},"modified":"2024-05-06T12:44:46","modified_gmt":"2024-05-06T12:44:46","slug":"custom-champagne-metallic-logo-transfer-stickers-for-jar","status":"publish","type":"product","link":"https:\/\/cmykprinted.com\/it\/prodotto\/adesivi-di-trasferimento-del-logo-metallico-champagne-personalizzati-per-vasetto\/","title":{"rendered":"Adesivi personalizzati per trasferimento logo metallico champagne per barattolo"},"content":{"rendered":"","protected":false},"excerpt":{"rendered":"<p><strong>Adesivi personalizzati per trasferimento logo metallico champagne per barattolo:<\/strong><br \/>\nLa dimensione pi\u00f9 grande che possiamo realizzare \u00e8 17*30 cm, se il tuo logo \u00e8 di dimensioni pi\u00f9 piccole, possiamo inserire molti pezzi in un unico foglio.<br \/>\nGli adesivi di trasferimento metallici color champagne non assomigliano all&#039;adesivo in metallo dorato cos\u00ec lucido, a molti clienti non piace l&#039;effetto lucido, quindi sceglieranno il colore oro champagne per stampare il logo aziendale.<br \/>\nSiamo in grado di fornire tempi di consegna rapidi (2-3 giorni di produzione in serie) e 7 giorni di consegna in tutto il mondo.<br \/>\nPer il miglior prezzo finale, contattaci tramite whats app o e-mail, in modo che possiamo stabilire il prezzo. Abbiamo bisogno di vedere la tua opera d&#039;arte con informazioni su dimensioni e quantit\u00e0 e il colore che desideri. Se non disponi di queste informazioni, non possiamo fornirti il \u200b\u200bprezzo.<br \/>\nI nostri adesivi a trasferimento metallico personalizzati con adesivo permanente e resistente del marchio 3M. Puoi provare con l&#039;ordine del campione per vedere il nostro servizio e la nostra qualit\u00e0.<\/p>\n<p>&nbsp;<\/p>\n<p>&nbsp;<\/p>\n<div style=\"width: 1280px;\" class=\"wp-video\"><!--[if lt IE 9]><script>document.createElement('video');<\/script><![endif]--><br \/>\n<video class=\"wp-video-shortcode\" id=\"video-2094-1\" width=\"1280\" height=\"720\" preload=\"metadata\" controls=\"controls\"><source type=\"video\/mp4\" src=\"https:\/\/cmykprinted.com\/wp-content\/uploads\/2024\/05\/champagne-metal-transfer-label-1-1.mp4?_=1\" \/><a href=\"https:\/\/cmykprinted.com\/wp-content\/uploads\/2024\/05\/champagne-metal-transfer-label-1-1.mp4\">https:\/\/cmykprinted.com\/wp-content\/uploads\/2024\/05\/champagne-metal-transfer-label-1-1.mp4<\/a><\/video><\/div>\n<p>&nbsp;<\/p>\n<p>&nbsp;<\/p>","protected":false},"featured_media":2090,"template":"","meta":{"_kad_post_transparent":"default","_kad_post_title":"hide","_kad_post_layout":"fullwidth","_kad_post_sidebar_id":"","_kad_post_content_style":"unboxed","_kad_post_vertical_padding":"hide","_kad_post_feature":"hide","_kad_post_feature_position":"","_kad_post_header":false,"_kad_post_footer":false},"product_cat":[101,102],"product_tag":[451,454,450,449,452,453,448],"class_list":{"0":"post-2094","1":"product","2":"type-product","3":"status-publish","4":"has-post-thumbnail","6":"product_cat-transfer-stickers","7":"product_cat-metal-transfer-stickers","8":"product_tag-custom-champagne-metallic-transfer-stickers","9":"product_tag-custom-transfer-stickers","10":"product_tag-metallic-logo-transfer-stickers","11":"product_tag-transfer-stickers-for-jar","12":"product_tag-transfer-stickers-printing","13":"product_tag-uv-dtf-transfer-stickers","14":"product_tag-uv-transfer-label","16":"first","17":"instock","18":"shipping-taxable","19":"product-type-simple","20":"entry","21":"content-bg","22":"loop-entry"},"_links":{"self":[{"href":"https:\/\/cmykprinted.com\/it\/wp-json\/wp\/v2\/product\/2094","targetHints":{"allow":["GET"]}}],"collection":[{"href":"https:\/\/cmykprinted.com\/it\/wp-json\/wp\/v2\/product"}],"about":[{"href":"https:\/\/cmykprinted.com\/it\/wp-json\/wp\/v2\/types\/product"}],"version-history":[{"count":1,"href":"https:\/\/cmykprinted.com\/it\/wp-json\/wp\/v2\/product\/2094\/revisions"}],"predecessor-version":[{"id":2096,"href":"https:\/\/cmykprinted.com\/it\/wp-json\/wp\/v2\/product\/2094\/revisions\/2096"}],"wp:featuredmedia":[{"embeddable":true,"href":"https:\/\/cmykprinted.com\/it\/wp-json\/wp\/v2\/media\/2090"}],"wp:attachment":[{"href":"https:\/\/cmykprinted.com\/it\/wp-json\/wp\/v2\/media?parent=2094"}],"wp:term":[{"taxonomy":"product_cat","embeddable":true,"href":"https:\/\/cmykprinted.com\/it\/wp-json\/wp\/v2\/product_cat?post=2094"},{"taxonomy":"product_tag","embeddable":true,"href":"https:\/\/cmykprinted.com\/it\/wp-json\/wp\/v2\/product_tag?post=2094"}],"curies":[{"name":"wp","href":"https:\/\/api.w.org\/{rel}","templated":true}]}}