{"id":2189,"date":"2024-09-18T13:06:31","date_gmt":"2024-09-18T13:06:31","guid":{"rendered":"https:\/\/cmykprinted.com\/?post_type=product&#038;p=2189"},"modified":"2024-09-19T01:45:11","modified_gmt":"2024-09-19T01:45:11","slug":"full-colors-custom-8-feet-printed-spandex-table-covers","status":"publish","type":"product","link":"https:\/\/cmykprinted.com\/it\/prodotto\/colori-completi-personalizzati-8-piedi-stampato-spandex-copritavoli\/","title":{"rendered":"Copritavolo in spandex stampato personalizzato da 8 piedi a colori pieni"},"content":{"rendered":"","protected":false},"excerpt":{"rendered":"<p><strong>Copritavoli in spandex stampati personalizzati: un&#039;esposizione perfetta per il tuo marchio<\/strong><\/p>\n<p>Le tovaglie in spandex stampate sono diventate un punto fermo nel mondo delle fiere, degli eventi promozionali e delle esposizioni al dettaglio. Offrendo sia forma che funzionalit\u00e0, queste tovaglie in spandex elasticizzato, eleganti e sagomate sono progettate per offrire una vestibilit\u00e0 aderente, un aspetto visivo vivace e una durata senza pari.<\/p>\n<p><strong>Una soluzione su misura per soddisfare le tue esigenze<\/strong><\/p>\n<p>Le nostre tovaglie in spandex sono disponibili in diverse configurazioni per soddisfare le tue esigenze specifiche. Che tu abbia bisogno di una tovaglia a 4 lati, di una tovaglia a 4 lati con cerniera per un facile accesso allo spazio sotto il tavolo o di un design aperto sul retro a 3 lati per consentire a un membro dello staff di sedersi all&#039;esposizione, abbiamo quello che fa per te. La miscela di tessuto spandex\/poliestere assicura una finitura aderente e quasi senza pieghe che si adatta perfettamente a qualsiasi ambiente.<\/p>\n<p>Progettate sia per eventi indoor che outdoor, queste coperture sono popolari in fiere, negozi al dettaglio, eventi promozionali e lobby aziendali. Le tasche rinforzate sulle gambe e le cerniere resistenti sono doppie cucite per una maggiore durata, assicurando che la copertura rimanga saldamente in posizione, anche in condizioni di vento. Non dovrai pi\u00f9 preoccuparti che la tua tovaglia volasse via all&#039;aperto.<\/p>\n<p>Tessuto e stampa di alta qualit\u00e0 per il massimo impatto<\/p>\n<p>Ci\u00f2 che distingue le nostre tovaglie \u00e8 la qualit\u00e0 del materiale e del processo di stampa. Realizzate in tessuto da 280 GSM, le nostre tovaglie sono pi\u00f9 spesse e resistenti della maggior parte dei concorrenti, e questo si vede nel prodotto finale. Ci concentriamo su ogni dettaglio per fornire un prodotto che superi le aspettative.<\/p>\n<p>Le tasche per le gambe in polipropilene rinforzato sono extra larghe, assicurando che si adattino a qualsiasi configurazione di gambe del tavolo. Questa meticolosa attenzione al design rende le coperture non solo durevoli ma anche versatili, adatte a qualsiasi ambiente di evento.<\/p>\n<p>Una delle caratteristiche principali delle nostre tovaglie in spandex \u00e8 la stampa del logo vibrante e di alta qualit\u00e0 che far\u00e0 risaltare il tuo marchio. Utilizzando la tecnologia di sublimazione del colore, trasferiamo il tuo design utilizzando calore intenso, incorporando completamente i colori nel tessuto. Questa tecnica di stampa avanzata produce colori permanenti e brillanti che non sbiadiscono. Sia che tu voglia stampare migliaia di colori, immagini fotografiche di alta qualit\u00e0 o elementi spot-color, possiamo dare vita alla tua visione.<\/p>\n<p>Il nostro processo di stampa assicura che anche i dettagli pi\u00f9 intricati del tuo logo o design &#034;saltino&#034;, dando al tuo display un aspetto professionale e raffinato. Puoi anche creare un effetto 3D con il tuo design, se lo desideri.<\/p>\n<p>Opzioni di progettazione personalizzate: il tuo marchio, il tuo modo<\/p>\n<p>Offriamo opzioni di personalizzazione complete per soddisfare le tue esigenze di branding. Scegli tra uno sfondo bianco, uno dei nostri 20 colori di serie o forniscici un colore Pantone o un motivo specifico per lo sfondo. Che tu abbia bisogno di stampare l&#039;intera tovaglia o solo il pannello frontale, offriamo lo stesso prezzo per entrambe le opzioni.<\/p>\n<p>Se non disponi di un file grafico ad alta risoluzione, i nostri grafici possono aiutarti a convertire il file esistente o a creare un nuovo progetto di stampa.<\/p>\n<p>Durevole e facile da mantenere<\/p>\n<p>Le nostre tovaglie in spandex sono progettate per durare. Non solo sono antipiega, ma sono anche lavabili in lavatrice per una facile manutenzione. Basta usare acqua per lavare senza candeggina. Queste tovaglie torneranno subito in forma, dandoti un aspetto professionale ogni volta.<\/p>\n<p>Tempi di produzione rapidi e affidabili<\/p>\n<p>Comprendiamo l&#039;importanza delle scadenze, ecco perch\u00e9 offriamo programmi di produzione flessibili:<\/p>\n<p>Produzione di risparmio in 4 giorni<br \/>\nProduzione standard di 3 giorni<br \/>\nProduzione urgente in 2 giorni<br \/>\nProduzione espressa il giorno successivo<br \/>\nProduzione critica urgente in giornata<br \/>\nGarantiamo anche i nostri tempi di produzione. Se non rispettiamo i tempi garantiti, riceverai un rimborso completo e la tua tovaglia verr\u00e0 comunque stampata e spedita senza costi aggiuntivi.<\/p>\n<p>Nessun costo nascosto: ci\u00f2 che vedi \u00e8 ci\u00f2 che ottieni.<\/p>\n<div style=\"width: 854px;\" class=\"wp-video\"><!--[if lt IE 9]><script>document.createElement('video');<\/script><![endif]--><br \/>\n<video class=\"wp-video-shortcode\" id=\"video-2189-1\" width=\"854\" height=\"480\" preload=\"metadata\" controls=\"controls\"><source type=\"video\/mp4\" src=\"https:\/\/cmykprinted.com\/wp-content\/uploads\/2024\/09\/printed-spandex-table-covers.mp4?_=1\" \/><a href=\"https:\/\/cmykprinted.com\/wp-content\/uploads\/2024\/09\/printed-spandex-table-covers.mp4\">https:\/\/cmykprinted.com\/wp-content\/uploads\/2024\/09\/printed-spandex-table-covers.mp4<\/a><\/video><\/div>","protected":false},"featured_media":2193,"template":"","meta":{"_kad_post_transparent":"default","_kad_post_title":"hide","_kad_post_layout":"fullwidth","_kad_post_sidebar_id":"","_kad_post_content_style":"unboxed","_kad_post_vertical_padding":"hide","_kad_post_feature":"hide","_kad_post_feature_position":"","_kad_post_header":false,"_kad_post_footer":false},"product_cat":[80,81,83],"product_tag":[496,497,498,494,495],"class_list":{"0":"post-2189","1":"product","2":"type-product","3":"status-publish","4":"has-post-thumbnail","6":"product_cat-custom-tablecloth","7":"product_cat-custom-stretch-tablecloth","8":"product_cat-fitted-table-cover","9":"product_tag-8-feet-printed-spandex-table-covers","10":"product_tag-custom-8-feet-table-cover","11":"product_tag-full-colors-printed-table-covers","12":"product_tag-printed-spandex-table-covers","13":"product_tag-spandex-table-covers","15":"first","16":"instock","17":"shipping-taxable","18":"product-type-simple","19":"entry","20":"content-bg","21":"loop-entry"},"_links":{"self":[{"href":"https:\/\/cmykprinted.com\/it\/wp-json\/wp\/v2\/product\/2189","targetHints":{"allow":["GET"]}}],"collection":[{"href":"https:\/\/cmykprinted.com\/it\/wp-json\/wp\/v2\/product"}],"about":[{"href":"https:\/\/cmykprinted.com\/it\/wp-json\/wp\/v2\/types\/product"}],"version-history":[{"count":2,"href":"https:\/\/cmykprinted.com\/it\/wp-json\/wp\/v2\/product\/2189\/revisions"}],"predecessor-version":[{"id":2200,"href":"https:\/\/cmykprinted.com\/it\/wp-json\/wp\/v2\/product\/2189\/revisions\/2200"}],"wp:featuredmedia":[{"embeddable":true,"href":"https:\/\/cmykprinted.com\/it\/wp-json\/wp\/v2\/media\/2193"}],"wp:attachment":[{"href":"https:\/\/cmykprinted.com\/it\/wp-json\/wp\/v2\/media?parent=2189"}],"wp:term":[{"taxonomy":"product_cat","embeddable":true,"href":"https:\/\/cmykprinted.com\/it\/wp-json\/wp\/v2\/product_cat?post=2189"},{"taxonomy":"product_tag","embeddable":true,"href":"https:\/\/cmykprinted.com\/it\/wp-json\/wp\/v2\/product_tag?post=2189"}],"curies":[{"name":"wp","href":"https:\/\/api.w.org\/{rel}","templated":true}]}}