{"id":2660,"date":"2025-05-30T09:38:31","date_gmt":"2025-05-30T09:38:31","guid":{"rendered":"https:\/\/cmykprinted.com\/?post_type=product&#038;p=2660"},"modified":"2025-05-30T09:38:32","modified_gmt":"2025-05-30T09:38:32","slug":"custom-vinyl-banners-printing-for-business-and-vinyl-signs","status":"publish","type":"product","link":"https:\/\/cmykprinted.com\/it\/prodotto\/stampa-di-striscioni-in-vinile-personalizzati-per-aziende-e-cartelli-in-vinile\/","title":{"rendered":"Stampa di striscioni in vinile personalizzati per aziende e insegne in vinile"},"content":{"rendered":"","protected":false},"excerpt":{"rendered":"<p>Per promuovere la nostra attivit\u00e0, avevamo bisogno di qualcosa di audace, resistente e accattivante. Ecco perch\u00e9 abbiamo optato per striscioni in vinile personalizzati e non potremmo essere pi\u00f9 soddisfatti del risultato. Gli striscioni in vinile ci hanno offerto un modo professionale per pubblicizzare le vendite, promuovere i prossimi eventi e aumentare la visibilit\u00e0 del marchio sia in ambienti interni che esterni.<\/p>\n<p>Ci\u00f2 che apprezziamo di pi\u00f9 \u00e8 la flessibilit\u00e0. Abbiamo potuto personalizzare completamente i nostri banner con il nostro logo, i colori del brand e i messaggi. Che si tratti di un&#039;inaugurazione, di una fiera o semplicemente di una vendita del fine settimana, questi banner ci aiutano a farci notare. La stampa a colori vivaci fa risaltare la nostra grafica e possiamo scegliere tra un&#039;ampia gamma di formati per adattarli a diversi spazi espositivi, dalle vetrine alle recinzioni, ai palchi e altro ancora.<\/p>\n<p>Un altro grande vantaggio \u00e8 la durevolezza. Gli striscioni sono stampati su vinile ad alta resistenza, che resiste splendidamente a vento, pioggia e sole. Li abbiamo riutilizzati pi\u00f9 volte senza sbiadire n\u00e9 strapparsi. I bordi rinforzati e gli occhielli metallici li rendono facili da appendere e fissare, senza stress e senza problemi.<\/p>\n<p>Anche ordinare \u00e8 semplice. Abbiamo semplicemente caricato il nostro design, scelto le specifiche necessarie e ricevuto i nostri banner in tempi rapidi. La qualit\u00e0 \u00e8 stata impressionante, soprattutto considerando la rapidit\u00e0 di consegna.<\/p>\n<p>Nel complesso, la stampa di striscioni in vinile personalizzati si \u00e8 rivelata un modo conveniente e di grande impatto per promuovere la nostra attivit\u00e0. \u00c8 una soluzione semplice che offre risultati concreti.<\/p>\n<div style=\"width: 1290px;\" class=\"wp-video\"><!--[if lt IE 9]><script>document.createElement('video');<\/script><![endif]--><br \/>\n<video class=\"wp-video-shortcode\" id=\"video-2660-1\" width=\"1290\" height=\"726\" loop autoplay preload=\"auto\" controls=\"controls\"><source type=\"video\/mp4\" src=\"http:\/\/cmykprinted.com\/wp-content\/uploads\/2022\/12\/Fence-Mesh-Banners.mp4?_=1\" \/><a href=\"http:\/\/cmykprinted.com\/wp-content\/uploads\/2022\/12\/Fence-Mesh-Banners.mp4\">http:\/\/cmykprinted.com\/wp-content\/uploads\/2022\/12\/Fence-Mesh-Banners.mp4<\/a><\/video><\/div>\n<p>&nbsp;<\/p>","protected":false},"featured_media":2664,"template":"","meta":{"_kad_post_transparent":"default","_kad_post_title":"hide","_kad_post_layout":"fullwidth","_kad_post_sidebar_id":"","_kad_post_content_style":"unboxed","_kad_post_vertical_padding":"hide","_kad_post_feature":"hide","_kad_post_feature_position":"","_kad_post_header":false,"_kad_post_footer":false},"product_cat":[85,87,86],"product_tag":[602,601,603,600],"class_list":{"0":"post-2660","1":"product","2":"type-product","3":"status-publish","4":"has-post-thumbnail","6":"product_cat-outdoor-vinyl-banners","7":"product_cat-fabric-mesh-banners","8":"product_cat-fence-mesh-banners","9":"product_tag-custom-vinyl-banners-for-business","10":"product_tag-custom-vinyl-banners-printing","11":"product_tag-custom-vinyl-signs","12":"product_tag-vinyl-signs","14":"first","15":"instock","16":"shipping-taxable","17":"product-type-simple","18":"entry","19":"content-bg","20":"loop-entry"},"_links":{"self":[{"href":"https:\/\/cmykprinted.com\/it\/wp-json\/wp\/v2\/product\/2660","targetHints":{"allow":["GET"]}}],"collection":[{"href":"https:\/\/cmykprinted.com\/it\/wp-json\/wp\/v2\/product"}],"about":[{"href":"https:\/\/cmykprinted.com\/it\/wp-json\/wp\/v2\/types\/product"}],"version-history":[{"count":1,"href":"https:\/\/cmykprinted.com\/it\/wp-json\/wp\/v2\/product\/2660\/revisions"}],"predecessor-version":[{"id":2666,"href":"https:\/\/cmykprinted.com\/it\/wp-json\/wp\/v2\/product\/2660\/revisions\/2666"}],"wp:featuredmedia":[{"embeddable":true,"href":"https:\/\/cmykprinted.com\/it\/wp-json\/wp\/v2\/media\/2664"}],"wp:attachment":[{"href":"https:\/\/cmykprinted.com\/it\/wp-json\/wp\/v2\/media?parent=2660"}],"wp:term":[{"taxonomy":"product_cat","embeddable":true,"href":"https:\/\/cmykprinted.com\/it\/wp-json\/wp\/v2\/product_cat?post=2660"},{"taxonomy":"product_tag","embeddable":true,"href":"https:\/\/cmykprinted.com\/it\/wp-json\/wp\/v2\/product_tag?post=2660"}],"curies":[{"name":"wp","href":"https:\/\/api.w.org\/{rel}","templated":true}]}}