{"id":2790,"date":"2025-07-07T09:16:58","date_gmt":"2025-07-07T09:16:58","guid":{"rendered":"https:\/\/cmykprinted.com\/?post_type=product&#038;p=2790"},"modified":"2025-07-08T00:21:16","modified_gmt":"2025-07-08T00:21:16","slug":"double-sided-vinyl-banners","status":"publish","type":"product","link":"https:\/\/cmykprinted.com\/it\/prodotto\/striscioni-in-vinile-doppia-faccia\/","title":{"rendered":"Striscioni in vinile bifacciali da 18 once con $ 11"},"content":{"rendered":"","protected":false},"excerpt":{"rendered":"<p>Nel dinamico mondo del marketing e della promozione, fare una dichiarazione audace e catturare l&#039;attenzione \u00e8 fondamentale. Scopri i nostri striscioni in vinile bifacciali da 18 oz: la soluzione definitiva per aziende, eventi e privati \u200b\u200bche desiderano lasciare un segno indelebile.<\/p>\n<p>Realizzati con precisione e progettati per l&#039;eccellenza, questi striscioni non sono semplici pezzi di vinile; sono potenti strumenti progettati per elevare il tuo messaggio a nuovi livelli.<\/p>\n<p>Il cuore dei nostri striscioni in vinile bifacciale da 18 oz \u00e8 un livello eccezionale di resistenza. Realizzati in vinile di alta qualit\u00e0 e resistente, questi striscioni sono progettati per resistere alle condizioni atmosferiche pi\u00f9 avverse. Che si tratti di sole cocente, pioggia torrenziale, vento forte o temperature gelide, i nostri striscioni rimangono intatti e brillanti. Il peso di 18 oz garantisce una struttura robusta e resistente, che impedisce al tuo striscione di strapparsi, sfilacciarsi o sbiadire facilmente.<\/p>\n<p>Questa durevolezza li rende ideali per l&#039;uso esterno sia a breve che a lungo termine. Ad esempio, se stai promuovendo una promozione stagionale all&#039;esterno del tuo negozio, lo striscione manterr\u00e0 la sua integrit\u00e0 per tutta la durata della campagna. Oppure, se lo utilizzi per segnalare la posizione di un evento su larga scala che si protrae per diversi giorni, puoi essere certo che continuer\u00e0 a mantenere un aspetto impeccabile e a trasmettere il tuo messaggio in modo chiaro.<\/p>\n<p>La natura bifacciale di questi striscioni raddoppia l&#039;impatto. Indipendentemente dalla direzione da cui si avvicina il pubblico, verr\u00e0 accolto con un messaggio chiaro e coinvolgente. Questo \u00e8 particolarmente utile per le aree ad alto traffico come strade trafficate, incroci o ampi spazi aperti in occasione di festival e fiere.<\/p>\n<p>Massimizza la visibilit\u00e0 del tuo marchio, prodotto o evento, garantendo che il tuo investimento di marketing vada oltre.<\/p>\n<figure id=\"attachment_2785\" aria-describedby=\"caption-attachment-2785\" style=\"width: 1000px\" class=\"wp-caption alignnone\"><img fetchpriority=\"high\" decoding=\"async\" class=\"size-full wp-image-2785\" src=\"https:\/\/cmykprinted.com\/wp-content\/uploads\/2025\/07\/Street-Light-Pole-Banner.jpg\" alt=\" Striscioni in vinile bifacciali\" width=\"1000\" height=\"560\" srcset=\"https:\/\/cmykprinted.com\/wp-content\/uploads\/2025\/07\/Street-Light-Pole-Banner.jpg 1000w, https:\/\/cmykprinted.com\/wp-content\/uploads\/2025\/07\/Street-Light-Pole-Banner-300x168.jpg 300w, https:\/\/cmykprinted.com\/wp-content\/uploads\/2025\/07\/Street-Light-Pole-Banner-768x430.jpg 768w, https:\/\/cmykprinted.com\/wp-content\/uploads\/2025\/07\/Street-Light-Pole-Banner-18x10.jpg 18w, https:\/\/cmykprinted.com\/wp-content\/uploads\/2025\/07\/Street-Light-Pole-Banner-600x336.jpg 600w\" sizes=\"(max-width: 1000px) 100vw, 1000px\" \/><figcaption id=\"caption-attachment-2785\" class=\"wp-caption-text\">Striscioni in vinile bifacciali<\/figcaption><\/figure>","protected":false},"featured_media":2792,"template":"","meta":{"_kad_post_transparent":"default","_kad_post_title":"hide","_kad_post_layout":"fullwidth","_kad_post_sidebar_id":"","_kad_post_content_style":"unboxed","_kad_post_vertical_padding":"hide","_kad_post_feature":"hide","_kad_post_feature_position":"","_kad_post_header":false,"_kad_post_footer":false},"product_cat":[85,90,91,89],"product_tag":[644,645,643],"class_list":{"0":"post-2790","1":"product","2":"type-product","3":"status-publish","4":"has-post-thumbnail","6":"product_cat-outdoor-vinyl-banners","7":"product_cat-glossy-pvc-banners","8":"product_cat-matte-vinyl-banners","9":"product_cat-pvc-banners","10":"product_tag-18-oz-vinyl-banners","11":"product_tag-double-sided-banners","12":"product_tag-double-sided-vinyl-banners","14":"first","15":"instock","16":"shipping-taxable","17":"product-type-simple","18":"entry","19":"content-bg","20":"loop-entry"},"_links":{"self":[{"href":"https:\/\/cmykprinted.com\/it\/wp-json\/wp\/v2\/product\/2790","targetHints":{"allow":["GET"]}}],"collection":[{"href":"https:\/\/cmykprinted.com\/it\/wp-json\/wp\/v2\/product"}],"about":[{"href":"https:\/\/cmykprinted.com\/it\/wp-json\/wp\/v2\/types\/product"}],"version-history":[{"count":1,"href":"https:\/\/cmykprinted.com\/it\/wp-json\/wp\/v2\/product\/2790\/revisions"}],"predecessor-version":[{"id":2796,"href":"https:\/\/cmykprinted.com\/it\/wp-json\/wp\/v2\/product\/2790\/revisions\/2796"}],"wp:featuredmedia":[{"embeddable":true,"href":"https:\/\/cmykprinted.com\/it\/wp-json\/wp\/v2\/media\/2792"}],"wp:attachment":[{"href":"https:\/\/cmykprinted.com\/it\/wp-json\/wp\/v2\/media?parent=2790"}],"wp:term":[{"taxonomy":"product_cat","embeddable":true,"href":"https:\/\/cmykprinted.com\/it\/wp-json\/wp\/v2\/product_cat?post=2790"},{"taxonomy":"product_tag","embeddable":true,"href":"https:\/\/cmykprinted.com\/it\/wp-json\/wp\/v2\/product_tag?post=2790"}],"curies":[{"name":"wp","href":"https:\/\/api.w.org\/{rel}","templated":true}]}}