{"id":2810,"date":"2025-07-10T09:30:52","date_gmt":"2025-07-10T09:30:52","guid":{"rendered":"https:\/\/cmykprinted.com\/?post_type=product&#038;p=2810"},"modified":"2025-07-10T09:30:52","modified_gmt":"2025-07-10T09:30:52","slug":"breakaway-banner-for-football","status":"publish","type":"product","link":"https:\/\/cmykprinted.com\/it\/prodotto\/striscione-rompibile-per-calcio\/","title":{"rendered":"Banner staccabile per il calcio a prezzo competitivo"},"content":{"rendered":"","protected":false},"excerpt":{"rendered":"<p>Vuoi portare un&#039;emozione e uno spirito di squadra senza pari alle tue partite di calcio senza dover sforare il budget? I nostri striscioni Breakaway per il calcio offrono la soluzione perfetta a un prezzo competitivo. Progettati per l&#039;ingresso spettacolare dei giocatori, questi striscioni creano uno spettacolo emozionante che infonde energia sia agli atleti che ai tifosi.<\/p>\n<p>Crea momenti straordinari durante la partita<\/p>\n<p>I nostri striscioni da football sono realizzati in tessuto resistente e di alta qualit\u00e0, in grado di resistere a un uso ripetuto, partita dopo partita. Lo striscione \u00e8 composto da due pannelli che si fissano con chiusure a strappo, consentendo ai giocatori di sfondare al centro per un ingresso esplosivo in campo. \u00c8 un modo indimenticabile per mostrare l&#039;orgoglio della squadra e infiammare il pubblico.<\/p>\n<p>Facile da configurare e riutilizzare<\/p>\n<p>Ogni striscione staccabile per il football americano \u00e8 dotato di tasche su entrambi i lati per contenere i pali di supporto. I pali possono essere ancorati al terreno per garantire stabilit\u00e0, mentre le corde tenute dalle cheerleader o dallo staff mantengono la parte superiore ben salda. Il montaggio \u00e8 rapido e semplice, garantendovi di essere pronti per il calcio d&#039;inizio in pochi minuti. Dopo la partita, \u00e8 sufficiente riattaccare i pannelli e arrotolare lo striscione per riporlo in modo compatto.<\/p>\n<p>Stampa personalizzata vibrante<\/p>\n<p>Offriamo la stampa a colori ad alta risoluzione, cos\u00ec puoi personalizzare il tuo striscione con loghi della squadra, nomi delle scuole, mascotte, slogan o grafiche degli sponsor. Le stampe vivide rimangono brillanti e accattivanti anche dopo molteplici utilizzi, aiutando la tua squadra a distinguersi sul campo.<\/p>\n<div style=\"width: 960px;\" class=\"wp-video\"><!--[if lt IE 9]><script>document.createElement('video');<\/script><![endif]--><br \/>\n<video class=\"wp-video-shortcode\" id=\"video-2810-1\" width=\"960\" height=\"540\" preload=\"metadata\" controls=\"controls\"><source type=\"video\/mp4\" src=\"https:\/\/cmykprinted.com\/wp-content\/uploads\/2025\/07\/Breakaway-Banners.mp4?_=1\" \/><a href=\"https:\/\/cmykprinted.com\/wp-content\/uploads\/2025\/07\/Breakaway-Banners.mp4\">https:\/\/cmykprinted.com\/wp-content\/uploads\/2025\/07\/Breakaway-Banners.mp4<\/a><\/video><\/div>","protected":false},"featured_media":2816,"template":"","meta":{"_kad_post_transparent":"default","_kad_post_title":"hide","_kad_post_layout":"fullwidth","_kad_post_sidebar_id":"","_kad_post_content_style":"unboxed","_kad_post_vertical_padding":"hide","_kad_post_feature":"hide","_kad_post_feature_position":"","_kad_post_header":false,"_kad_post_footer":false},"product_cat":[79],"product_tag":[650,649],"class_list":{"0":"post-2810","1":"product","2":"type-product","3":"status-publish","4":"has-post-thumbnail","6":"product_cat-custom-flags","7":"product_tag-breakaway-banner","8":"product_tag-breakaway-banner-for-football","10":"first","11":"instock","12":"shipping-taxable","13":"product-type-simple","14":"entry","15":"content-bg","16":"loop-entry"},"_links":{"self":[{"href":"https:\/\/cmykprinted.com\/it\/wp-json\/wp\/v2\/product\/2810","targetHints":{"allow":["GET"]}}],"collection":[{"href":"https:\/\/cmykprinted.com\/it\/wp-json\/wp\/v2\/product"}],"about":[{"href":"https:\/\/cmykprinted.com\/it\/wp-json\/wp\/v2\/types\/product"}],"version-history":[{"count":1,"href":"https:\/\/cmykprinted.com\/it\/wp-json\/wp\/v2\/product\/2810\/revisions"}],"predecessor-version":[{"id":2820,"href":"https:\/\/cmykprinted.com\/it\/wp-json\/wp\/v2\/product\/2810\/revisions\/2820"}],"wp:featuredmedia":[{"embeddable":true,"href":"https:\/\/cmykprinted.com\/it\/wp-json\/wp\/v2\/media\/2816"}],"wp:attachment":[{"href":"https:\/\/cmykprinted.com\/it\/wp-json\/wp\/v2\/media?parent=2810"}],"wp:term":[{"taxonomy":"product_cat","embeddable":true,"href":"https:\/\/cmykprinted.com\/it\/wp-json\/wp\/v2\/product_cat?post=2810"},{"taxonomy":"product_tag","embeddable":true,"href":"https:\/\/cmykprinted.com\/it\/wp-json\/wp\/v2\/product_tag?post=2810"}],"curies":[{"name":"wp","href":"https:\/\/api.w.org\/{rel}","templated":true}]}}