{"id":2866,"date":"2025-10-30T09:12:11","date_gmt":"2025-10-30T09:12:11","guid":{"rendered":"https:\/\/cmykprinted.com\/?post_type=product&#038;p=2866"},"modified":"2025-10-30T09:12:11","modified_gmt":"2025-10-30T09:12:11","slug":"collapsible-trade-show-displays","status":"publish","type":"product","link":"https:\/\/cmykprinted.com\/it\/prodotto\/espositori-da-fiera-pieghevoli\/","title":{"rendered":"Espositori fieristici pieghevoli di alta qualit\u00e0 con luce LED"},"content":{"rendered":"","protected":false},"excerpt":{"rendered":"<p>Fai risplendere il tuo brand a ogni fiera con i nostri espositori pieghevoli di alta qualit\u00e0 con luce LED: la combinazione perfetta di portabilit\u00e0, professionalit\u00e0 e impatto visivo. Progettati per i professionisti del marketing moderni che hanno bisogno di un allestimento rapido e di distinguersi all&#039;istante, questi espositori sono caratterizzati da telai in alluminio leggero e grafiche in tessuto tensionato di alta qualit\u00e0 che offrono immagini straordinarie e senza pieghe.<\/p>\n<p>Grazie all&#039;innovativa struttura pieghevole, il montaggio e lo smontaggio richiedono solo pochi minuti, senza bisogno di attrezzi. Una volta assemblato, il telaio resistente fornisce una base solida, mentre il sistema di illuminazione a LED integrato assicura che la grafica del tuo marchio sia brillantemente illuminata, attirando l&#039;attenzione anche negli ambienti fieristici pi\u00f9 affollati.<\/p>\n<p>Ideali per fiere, esposizioni, convegni e promozioni al dettaglio, questi espositori sono facili da imballare, trasportare e riutilizzare, il che li rende un investimento conveniente a lungo termine. Le opzioni di stampa personalizzate consentono di mettere in risalto i colori, i loghi e i messaggi di marketing della vostra azienda con una qualit\u00e0 vivida e ad alta definizione.<\/p>\n<p>Che tu stia lanciando un nuovo prodotto, rafforzando la brand awareness o coinvolgendo i clienti di persona, i nostri espositori LED pieghevoli per fiere offrono il massimo impatto con il minimo sforzo. Stupisci il tuo pubblico, aumenta la visibilit\u00e0 del tuo brand e crea una presentazione professionale che si distingue davvero, sempre e ovunque.<\/p>\n<div style=\"width: 720px;\" class=\"wp-video\"><!--[if lt IE 9]><script>document.createElement('video');<\/script><![endif]--><br \/>\n<video class=\"wp-video-shortcode\" id=\"video-2866-1\" width=\"720\" height=\"1280\" preload=\"metadata\" controls=\"controls\"><source type=\"video\/mp4\" src=\"https:\/\/cmykprinted.com\/wp-content\/uploads\/2025\/10\/Collapsible-Trade-Show-Displays.mp4?_=1\" \/><a href=\"https:\/\/cmykprinted.com\/wp-content\/uploads\/2025\/10\/Collapsible-Trade-Show-Displays.mp4\">https:\/\/cmykprinted.com\/wp-content\/uploads\/2025\/10\/Collapsible-Trade-Show-Displays.mp4<\/a><\/video><\/div>","protected":false},"featured_media":2868,"template":"","meta":{"_kad_post_transparent":"default","_kad_post_title":"hide","_kad_post_layout":"fullwidth","_kad_post_sidebar_id":"","_kad_post_content_style":"unboxed","_kad_post_vertical_padding":"hide","_kad_post_feature":"hide","_kad_post_feature_position":"","_kad_post_header":false,"_kad_post_footer":false},"product_cat":[97,99],"product_tag":[665,667,668,666],"class_list":{"0":"post-2866","1":"product","2":"type-product","3":"status-publish","4":"has-post-thumbnail","6":"product_cat-tension-fabric-displays","7":"product_cat-custom-fabric-displays","8":"product_tag-collapsible-trade-show-displays","9":"product_tag-top-quality-collapsible-trade-show-displays","10":"product_tag-trade-show-displays","11":"product_tag-trade-show-displays-with-led-light","13":"first","14":"instock","15":"shipping-taxable","16":"product-type-simple","17":"entry","18":"content-bg","19":"loop-entry"},"_links":{"self":[{"href":"https:\/\/cmykprinted.com\/it\/wp-json\/wp\/v2\/product\/2866","targetHints":{"allow":["GET"]}}],"collection":[{"href":"https:\/\/cmykprinted.com\/it\/wp-json\/wp\/v2\/product"}],"about":[{"href":"https:\/\/cmykprinted.com\/it\/wp-json\/wp\/v2\/types\/product"}],"version-history":[{"count":1,"href":"https:\/\/cmykprinted.com\/it\/wp-json\/wp\/v2\/product\/2866\/revisions"}],"predecessor-version":[{"id":2875,"href":"https:\/\/cmykprinted.com\/it\/wp-json\/wp\/v2\/product\/2866\/revisions\/2875"}],"wp:featuredmedia":[{"embeddable":true,"href":"https:\/\/cmykprinted.com\/it\/wp-json\/wp\/v2\/media\/2868"}],"wp:attachment":[{"href":"https:\/\/cmykprinted.com\/it\/wp-json\/wp\/v2\/media?parent=2866"}],"wp:term":[{"taxonomy":"product_cat","embeddable":true,"href":"https:\/\/cmykprinted.com\/it\/wp-json\/wp\/v2\/product_cat?post=2866"},{"taxonomy":"product_tag","embeddable":true,"href":"https:\/\/cmykprinted.com\/it\/wp-json\/wp\/v2\/product_tag?post=2866"}],"curies":[{"name":"wp","href":"https:\/\/api.w.org\/{rel}","templated":true}]}}