{"id":536,"date":"2022-12-18T04:41:34","date_gmt":"2022-12-18T04:41:34","guid":{"rendered":"https:\/\/cmykprinted.com\/?post_type=product&#038;p=536"},"modified":"2022-12-18T05:05:21","modified_gmt":"2022-12-18T05:05:21","slug":"outdoor-circle-pop-up-banner-stand-with-full-color-printing","status":"publish","type":"product","link":"https:\/\/cmykprinted.com\/it\/prodotto\/outdoor-circle-pop-up-banner-stand-with-full-color-printing\/","title":{"rendered":"Espositore pop-up circolare per esterni con stampa a colori"},"content":{"rendered":"","protected":false},"excerpt":{"rendered":"<p>Il banner pop-up circolare che hai descritto suona come un utile strumento di marketing e pubblicit\u00e0 che pu\u00f2 essere utilizzato per mostrare il logo o il marchio di un&#039;azienda in occasione di eventi, fiere e altre attivit\u00e0 promozionali. La sua forma unica e il rapido tempo di installazione lo rendono adatto per l&#039;uso in una variet\u00e0 di ambienti e la disponibilit\u00e0 di diverse dimensioni consente flessibilit\u00e0 in termini di quantit\u00e0 di spazio disponibile per l&#039;esposizione. La struttura resistente e brevettata e il design leggero dello striscione ne facilitano il trasporto e lo stoccaggio, mentre la borsa per il trasporto aiuta a mantenerlo protetto durante il trasporto. La stampa a colori consente la personalizzazione e la possibilit\u00e0 di creare display visivamente accattivanti che mettono in mostra in modo efficace il marchio di un&#039;azienda.<\/p>\n<div style=\"width: 1290px;\" class=\"wp-video\"><!--[if lt IE 9]><script>document.createElement('video');<\/script><![endif]--><br \/>\n<video class=\"wp-video-shortcode\" id=\"video-536-1\" width=\"1290\" height=\"726\" loop autoplay preload=\"auto\" controls=\"controls\"><source type=\"video\/mp4\" src=\"http:\/\/cmykprinted.com\/wp-content\/uploads\/2022\/12\/Circle-Pop-Up-Banners.mp4?_=1\" \/><a href=\"http:\/\/cmykprinted.com\/wp-content\/uploads\/2022\/12\/Circle-Pop-Up-Banners.mp4\">http:\/\/cmykprinted.com\/wp-content\/uploads\/2022\/12\/Circle-Pop-Up-Banners.mp4<\/a><\/video><\/div>\n<p>&nbsp;<\/p>","protected":false},"featured_media":537,"template":"","meta":{"_kad_post_transparent":"default","_kad_post_title":"hide","_kad_post_layout":"fullwidth","_kad_post_sidebar_id":"","_kad_post_content_style":"unboxed","_kad_post_vertical_padding":"hide","_kad_post_feature":"hide","_kad_post_feature_position":"","_kad_post_header":false,"_kad_post_footer":false},"product_cat":[92,93],"product_tag":[125,127,126,128],"class_list":{"0":"post-536","1":"product","2":"type-product","3":"status-publish","4":"has-post-thumbnail","6":"product_cat-pop-up-banners","7":"product_cat-circle-pop-up-banners","8":"product_tag-circle-pop-up-banner","9":"product_tag-circle-pop-up-banner-stand","10":"product_tag-outdoor-pop-up-banner","11":"product_tag-pop-up-banner","13":"first","14":"instock","15":"shipping-taxable","16":"product-type-simple","17":"entry","18":"content-bg","19":"loop-entry"},"_links":{"self":[{"href":"https:\/\/cmykprinted.com\/it\/wp-json\/wp\/v2\/product\/536","targetHints":{"allow":["GET"]}}],"collection":[{"href":"https:\/\/cmykprinted.com\/it\/wp-json\/wp\/v2\/product"}],"about":[{"href":"https:\/\/cmykprinted.com\/it\/wp-json\/wp\/v2\/types\/product"}],"version-history":[{"count":3,"href":"https:\/\/cmykprinted.com\/it\/wp-json\/wp\/v2\/product\/536\/revisions"}],"predecessor-version":[{"id":548,"href":"https:\/\/cmykprinted.com\/it\/wp-json\/wp\/v2\/product\/536\/revisions\/548"}],"wp:featuredmedia":[{"embeddable":true,"href":"https:\/\/cmykprinted.com\/it\/wp-json\/wp\/v2\/media\/537"}],"wp:attachment":[{"href":"https:\/\/cmykprinted.com\/it\/wp-json\/wp\/v2\/media?parent=536"}],"wp:term":[{"taxonomy":"product_cat","embeddable":true,"href":"https:\/\/cmykprinted.com\/it\/wp-json\/wp\/v2\/product_cat?post=536"},{"taxonomy":"product_tag","embeddable":true,"href":"https:\/\/cmykprinted.com\/it\/wp-json\/wp\/v2\/product_tag?post=536"}],"curies":[{"name":"wp","href":"https:\/\/api.w.org\/{rel}","templated":true}]}}