{"id":549,"date":"2022-12-18T09:53:56","date_gmt":"2022-12-18T09:53:56","guid":{"rendered":"https:\/\/cmykprinted.com\/?post_type=product&#038;p=549"},"modified":"2022-12-18T10:09:57","modified_gmt":"2022-12-18T10:09:57","slug":"custom-shop-front-flag-double-sided-wall-flag-banner-sign","status":"publish","type":"product","link":"https:\/\/cmykprinted.com\/it\/prodotto\/custom-shop-front-flag-double-sided-wall-flag-banner-sign\/","title":{"rendered":"Custom Shop Front Flag Bandiera a doppia faccia da parete"},"content":{"rendered":"","protected":false},"excerpt":{"rendered":"<p>Le bandiere dei negozi sono un modo popolare per le aziende di pubblicizzare i propri prodotti o servizi ai passanti. In genere sono montati all&#039;esterno di un negozio o di un negozio e sono progettati per attirare l&#039;attenzione e attirare l&#039;attenzione. I due tipi principali di bandiere per negozi sono gli stili appuntiti e dritti. Le bandiere a bordo appuntito hanno una forma triangolare e sono generalmente montate su un palo, mentre le bandiere a bordo dritto sono rettangolari e possono essere montate a parete o sospese al soffitto. Entrambi i tipi di bandiere possono essere stampati con grafica singola o fronte-retro, a seconda delle esigenze dell&#039;azienda.<br \/>\nLe bandiere dei negozi sono generalmente realizzate in alluminio o tessuto e possono essere stampate con una variet\u00e0 di metodi, tra cui la stampa digitale UV o la sublimazione del colore. La stampa digitale UV \u00e8 un processo che utilizza la luce UV per polimerizzare l&#039;inchiostro, il che si traduce in colori pi\u00f9 duraturi e una migliore resistenza allo sbiadimento e ai danni causati dall&#039;acqua. La sublimazione del colore \u00e8 un processo che utilizza il calore per trasferire l&#039;inchiostro da una carta speciale al tessuto, ottenendo una finitura vibrante e nitida.<\/p>\n<p>&nbsp;<\/p>","protected":false},"featured_media":550,"template":"","meta":{"_kad_post_transparent":"default","_kad_post_title":"hide","_kad_post_layout":"fullwidth","_kad_post_sidebar_id":"","_kad_post_content_style":"unboxed","_kad_post_vertical_padding":"hide","_kad_post_feature":"hide","_kad_post_feature_position":"","_kad_post_header":false,"_kad_post_footer":false},"product_cat":[79],"product_tag":[131,133,132,129,130],"class_list":{"0":"post-549","1":"product","2":"type-product","3":"status-publish","4":"has-post-thumbnail","6":"product_cat-custom-flags","7":"product_tag-custom-flag","8":"product_tag-custom-wall-sign","9":"product_tag-double-sided-wall-flag","10":"product_tag-shop-front-flag","11":"product_tag-wall-flag","13":"first","14":"instock","15":"shipping-taxable","16":"product-type-simple","17":"entry","18":"content-bg","19":"loop-entry"},"_links":{"self":[{"href":"https:\/\/cmykprinted.com\/it\/wp-json\/wp\/v2\/product\/549","targetHints":{"allow":["GET"]}}],"collection":[{"href":"https:\/\/cmykprinted.com\/it\/wp-json\/wp\/v2\/product"}],"about":[{"href":"https:\/\/cmykprinted.com\/it\/wp-json\/wp\/v2\/types\/product"}],"version-history":[{"count":2,"href":"https:\/\/cmykprinted.com\/it\/wp-json\/wp\/v2\/product\/549\/revisions"}],"predecessor-version":[{"id":556,"href":"https:\/\/cmykprinted.com\/it\/wp-json\/wp\/v2\/product\/549\/revisions\/556"}],"wp:featuredmedia":[{"embeddable":true,"href":"https:\/\/cmykprinted.com\/it\/wp-json\/wp\/v2\/media\/550"}],"wp:attachment":[{"href":"https:\/\/cmykprinted.com\/it\/wp-json\/wp\/v2\/media?parent=549"}],"wp:term":[{"taxonomy":"product_cat","embeddable":true,"href":"https:\/\/cmykprinted.com\/it\/wp-json\/wp\/v2\/product_cat?post=549"},{"taxonomy":"product_tag","embeddable":true,"href":"https:\/\/cmykprinted.com\/it\/wp-json\/wp\/v2\/product_tag?post=549"}],"curies":[{"name":"wp","href":"https:\/\/api.w.org\/{rel}","templated":true}]}}