{"id":599,"date":"2022-12-21T12:16:59","date_gmt":"2022-12-21T12:16:59","guid":{"rendered":"https:\/\/cmykprinted.com\/?post_type=product&#038;p=599"},"modified":"2022-12-21T13:11:04","modified_gmt":"2022-12-21T13:11:04","slug":"outdoor-promotional-custom-rectangular-beach-flags-banners","status":"publish","type":"product","link":"https:\/\/cmykprinted.com\/it\/prodotto\/outdoor-promotional-custom-rectangular-beach-flags-banners\/","title":{"rendered":"Gerilim Kuma\u015f Ekranlar\u0131 02"},"content":{"rendered":"","protected":false},"excerpt":{"rendered":"<p>A differenza di altri prodotti per la stampa di bandiere, il Rectangular Beach Flag rimane dritto e teso e non ruota con il vento, anche nelle condizioni pi\u00f9 rafficate. Ci\u00f2 \u00e8 dovuto al suo design e costruzione unici, che utilizza materiali leggeri e durevoli e una base robusta per mantenere la bandiera in posizione verticale e stabile. Conosciuto anche come banner volante, questo particolare beach flag \u00e8 ideale per l&#039;uso in situazioni in cui \u00e8 importante avere un testo chiaramente leggibile sul materiale pubblicitario. Queste bandiere stampate sono una forma popolare di pubblicit\u00e0 per fiere, eventi e altri raduni all&#039;aperto e sono adatte per l&#039;uso sia all&#039;interno che all&#039;esterno. L&#039;opzione fronte-retro, in cui la bandiera \u00e8 stampata su entrambi i lati, \u00e8 disponibile per il massimo impatto e visibilit\u00e0 ed \u00e8 particolarmente utile in situazioni in cui la bandiera sar\u00e0 vista da pi\u00f9 angolazioni. Per ulteriori informazioni sulle varie dimensioni e basi disponibili per queste bandiere, consultare la scheda delle specifiche.<\/p>\n<div style=\"width: 1290px;\" class=\"wp-video\"><!--[if lt IE 9]><script>document.createElement('video');<\/script><![endif]--><br \/>\n<video class=\"wp-video-shortcode\" id=\"video-599-1\" width=\"1290\" height=\"726\" loop autoplay preload=\"auto\" controls=\"controls\"><source type=\"video\/mp4\" src=\"http:\/\/cmykprinted.com\/wp-content\/uploads\/2022\/12\/Rectangular-Beach-Flags.mp4?_=1\" \/><a href=\"http:\/\/cmykprinted.com\/wp-content\/uploads\/2022\/12\/Rectangular-Beach-Flags.mp4\">http:\/\/cmykprinted.com\/wp-content\/uploads\/2022\/12\/Rectangular-Beach-Flags.mp4<\/a><\/video><\/div>","protected":false},"featured_media":600,"template":"","meta":{"_kad_post_transparent":"default","_kad_post_title":"hide","_kad_post_layout":"fullwidth","_kad_post_sidebar_id":"","_kad_post_content_style":"unboxed","_kad_post_vertical_padding":"hide","_kad_post_feature":"hide","_kad_post_feature_position":"","_kad_post_header":false,"_kad_post_footer":false},"product_cat":[64,66],"product_tag":[144,142,146,143,145],"class_list":{"0":"post-599","1":"product","2":"type-product","3":"status-publish","4":"has-post-thumbnail","6":"product_cat-beach-flags","7":"product_cat-rectangular-flags-banners","8":"product_tag-custom-beach-flags","9":"product_tag-outdoor-beach-flags","10":"product_tag-outdoor-promotional-beach-banners","11":"product_tag-promotional-beach-flags","12":"product_tag-rectangular-beach-flags","14":"first","15":"instock","16":"shipping-taxable","17":"product-type-simple","18":"entry","19":"content-bg","20":"loop-entry"},"_links":{"self":[{"href":"https:\/\/cmykprinted.com\/it\/wp-json\/wp\/v2\/product\/599","targetHints":{"allow":["GET"]}}],"collection":[{"href":"https:\/\/cmykprinted.com\/it\/wp-json\/wp\/v2\/product"}],"about":[{"href":"https:\/\/cmykprinted.com\/it\/wp-json\/wp\/v2\/types\/product"}],"version-history":[{"count":5,"href":"https:\/\/cmykprinted.com\/it\/wp-json\/wp\/v2\/product\/599\/revisions"}],"predecessor-version":[{"id":611,"href":"https:\/\/cmykprinted.com\/it\/wp-json\/wp\/v2\/product\/599\/revisions\/611"}],"wp:featuredmedia":[{"embeddable":true,"href":"https:\/\/cmykprinted.com\/it\/wp-json\/wp\/v2\/media\/600"}],"wp:attachment":[{"href":"https:\/\/cmykprinted.com\/it\/wp-json\/wp\/v2\/media?parent=599"}],"wp:term":[{"taxonomy":"product_cat","embeddable":true,"href":"https:\/\/cmykprinted.com\/it\/wp-json\/wp\/v2\/product_cat?post=599"},{"taxonomy":"product_tag","embeddable":true,"href":"https:\/\/cmykprinted.com\/it\/wp-json\/wp\/v2\/product_tag?post=599"}],"curies":[{"name":"wp","href":"https:\/\/api.w.org\/{rel}","templated":true}]}}