{"id":692,"date":"2022-12-29T10:09:13","date_gmt":"2022-12-29T10:09:13","guid":{"rendered":"https:\/\/cmykprinted.com\/?post_type=product&#038;p=692"},"modified":"2022-12-29T10:44:20","modified_gmt":"2022-12-29T10:44:20","slug":"double-sided-printed-advertising-beach-teardrop-flags-banner","status":"publish","type":"product","link":"https:\/\/cmykprinted.com\/it\/prodotto\/double-sided-printed-advertising-beach-teardrop-flags-banner\/","title":{"rendered":"Striscione con bandiere a goccia da spiaggia stampate su entrambi i lati"},"content":{"rendered":"","protected":false},"excerpt":{"rendered":"<p>Le bandiere a goccia, note anche come striscioni con bandiera a goccia o bandiere con piume a goccia, sono un tipo di grande bandiera a forma di lacrima utilizzata per scopi pubblicitari e di marketing. Sono realizzati stampando un disegno personalizzato sulla bandiera utilizzando un processo di sublimazione del colore, che consente una grafica vivace e di alta qualit\u00e0. Le bandiere sono attaccate a un&#039;asta leggera in alluminio e fibra di vetro, che \u00e8 pieghevole e aiuta a mantenere la bandiera tesa anche in condizioni di vento. L&#039;asta della bandiera pu\u00f2 essere conficcata nel terreno o posizionata su un supporto per bandiera, a seconda delle esigenze e delle preferenze specifiche dell&#039;utente.<br \/>\nUtilizzare uno striscione con bandiera a goccia davanti al tuo negozio o alla tua attivit\u00e0 pu\u00f2 essere un modo efficace per attirare l&#039;attenzione di potenziali clienti e altri passanti. Queste bandiere attirano l&#039;attenzione e possono aiutarti a promuovere efficacemente la tua attivit\u00e0 e i suoi prodotti o servizi. Gli striscioni con bandiera a goccia sono anche versatili e possono essere utilizzati in una variet\u00e0 di impostazioni, tra cui fiere, eventi all&#039;aperto e vetrine. Scegliendo un design personalizzato che rifletta accuratamente il marchio e il messaggio della tua attivit\u00e0, puoi comunicare efficacemente il tuo messaggio e fare una forte impressione sul tuo pubblico di destinazione.<\/p>\n<div style=\"width: 1280px;\" class=\"wp-video\"><!--[if lt IE 9]><script>document.createElement('video');<\/script><![endif]--><br \/>\n<video class=\"wp-video-shortcode\" id=\"video-692-1\" width=\"1280\" height=\"720\" loop autoplay preload=\"metadata\" controls=\"controls\"><source type=\"video\/mp4\" src=\"http:\/\/cmykprinted.com\/wp-content\/uploads\/2022\/12\/Beach-Teardrop-Flags-Banner.mp4?_=1\" \/><a href=\"http:\/\/cmykprinted.com\/wp-content\/uploads\/2022\/12\/Beach-Teardrop-Flags-Banner.mp4\">http:\/\/cmykprinted.com\/wp-content\/uploads\/2022\/12\/Beach-Teardrop-Flags-Banner.mp4<\/a><\/video><\/div>","protected":false},"featured_media":693,"template":"","meta":{"_kad_post_transparent":"default","_kad_post_title":"hide","_kad_post_layout":"fullwidth","_kad_post_sidebar_id":"","_kad_post_content_style":"unboxed","_kad_post_vertical_padding":"hide","_kad_post_feature":"hide","_kad_post_feature_position":"","_kad_post_header":false,"_kad_post_footer":false},"product_cat":[64,67],"product_tag":[177,176,175,178],"class_list":{"0":"post-692","1":"product","2":"type-product","3":"status-publish","4":"has-post-thumbnail","6":"product_cat-beach-flags","7":"product_cat-teardrop-flags-banners","8":"product_tag-advertising-beach-flags","9":"product_tag-beach-teardrop-banner","10":"product_tag-beach-teardrop-flags","11":"product_tag-teardrop-flags","13":"first","14":"instock","15":"shipping-taxable","16":"product-type-simple","17":"entry","18":"content-bg","19":"loop-entry"},"_links":{"self":[{"href":"https:\/\/cmykprinted.com\/it\/wp-json\/wp\/v2\/product\/692","targetHints":{"allow":["GET"]}}],"collection":[{"href":"https:\/\/cmykprinted.com\/it\/wp-json\/wp\/v2\/product"}],"about":[{"href":"https:\/\/cmykprinted.com\/it\/wp-json\/wp\/v2\/types\/product"}],"version-history":[{"count":4,"href":"https:\/\/cmykprinted.com\/it\/wp-json\/wp\/v2\/product\/692\/revisions"}],"predecessor-version":[{"id":703,"href":"https:\/\/cmykprinted.com\/it\/wp-json\/wp\/v2\/product\/692\/revisions\/703"}],"wp:featuredmedia":[{"embeddable":true,"href":"https:\/\/cmykprinted.com\/it\/wp-json\/wp\/v2\/media\/693"}],"wp:attachment":[{"href":"https:\/\/cmykprinted.com\/it\/wp-json\/wp\/v2\/media?parent=692"}],"wp:term":[{"taxonomy":"product_cat","embeddable":true,"href":"https:\/\/cmykprinted.com\/it\/wp-json\/wp\/v2\/product_cat?post=692"},{"taxonomy":"product_tag","embeddable":true,"href":"https:\/\/cmykprinted.com\/it\/wp-json\/wp\/v2\/product_tag?post=692"}],"curies":[{"name":"wp","href":"https:\/\/api.w.org\/{rel}","templated":true}]}}