{"id":842,"date":"2023-01-01T06:44:35","date_gmt":"2023-01-01T06:44:35","guid":{"rendered":"https:\/\/cmykprinted.com\/?post_type=product&#038;p=842"},"modified":"2023-01-01T06:50:35","modified_gmt":"2023-01-01T06:50:35","slug":"rectangle-flag-banners-with-custom-printing-fast-delivery","status":"publish","type":"product","link":"https:\/\/cmykprinted.com\/it\/prodotto\/rectangle-flag-banners-with-custom-printing-fast-delivery\/","title":{"rendered":"Bandiere rettangolari con stampa personalizzata e consegna rapida"},"content":{"rendered":"","protected":false},"excerpt":{"rendered":"<p>Se stai cercando di avere un grande impatto con la tua prossima promozione o evento, prendi in considerazione la possibilit\u00e0 di stampare banner rettangolari personalizzati con il tuo logo o design preferito. Questi striscioni sono disponibili in tre dimensioni: 5 piedi, 8 piedi o 11 piedi, quindi puoi scegliere l&#039;opzione pi\u00f9 adatta alle tue esigenze. Quando pi\u00f9 bandiere sono allineate in fila, creano un display enorme e visivamente impressionante che conferir\u00e0 un&#039;atmosfera pulita, professionale ed emozionante al tuo evento.<br \/>\nUna delle grandi cose di questi banner rettangolari \u00e8 che la stampa personalizzata sul lato anteriore \u00e8 visibile sul retro in formato immagine speculare. Ci\u00f2 significa che puoi utilizzarli in una variet\u00e0 di impostazioni e visualizzare comunque il tuo messaggio in modo ben visibile. Inoltre, \u00e8 disponibile la stampa fronte-retro per coloro che desiderano trasmettere messaggi doppi.<br \/>\nIniziare con il tuo banner rettangolare personalizzato \u00e8 facile: carica semplicemente il tuo logo o design seguendo le istruzioni sopra, oppure scarica il modello grafico qui sotto e crea il tuo file da caricare e pagare. Con la nostra stampa di alta qualit\u00e0 e l&#039;attenzione ai dettagli, puoi essere certo che il tuo banner con bandiera rettangolare lascer\u00e0 un&#039;impressione duratura sul tuo pubblico.<\/p>\n<div style=\"width: 1280px;\" class=\"wp-video\"><!--[if lt IE 9]><script>document.createElement('video');<\/script><![endif]--><br \/>\n<video class=\"wp-video-shortcode\" id=\"video-842-1\" width=\"1280\" height=\"720\" loop autoplay preload=\"metadata\" controls=\"controls\"><source type=\"video\/mp4\" src=\"http:\/\/cmykprinted.com\/wp-content\/uploads\/2022\/12\/Feather-beach-flags.mp4?_=1\" \/><a href=\"http:\/\/cmykprinted.com\/wp-content\/uploads\/2022\/12\/Feather-beach-flags.mp4\">http:\/\/cmykprinted.com\/wp-content\/uploads\/2022\/12\/Feather-beach-flags.mp4<\/a><\/video><\/div>","protected":false},"featured_media":843,"template":"","meta":{"_kad_post_transparent":"default","_kad_post_title":"hide","_kad_post_layout":"fullwidth","_kad_post_sidebar_id":"","_kad_post_content_style":"unboxed","_kad_post_vertical_padding":"hide","_kad_post_feature":"hide","_kad_post_feature_position":"","_kad_post_header":false,"_kad_post_footer":false},"product_cat":[64,66],"product_tag":[236,235,234],"class_list":{"0":"post-842","1":"product","2":"type-product","3":"status-publish","4":"has-post-thumbnail","6":"product_cat-beach-flags","7":"product_cat-rectangular-flags-banners","8":"product_tag-custom-rectangle-banners","9":"product_tag-custom-rectangle-flag","10":"product_tag-rectangle-flag-banners","12":"first","13":"instock","14":"shipping-taxable","15":"product-type-simple","16":"entry","17":"content-bg","18":"loop-entry"},"_links":{"self":[{"href":"https:\/\/cmykprinted.com\/it\/wp-json\/wp\/v2\/product\/842","targetHints":{"allow":["GET"]}}],"collection":[{"href":"https:\/\/cmykprinted.com\/it\/wp-json\/wp\/v2\/product"}],"about":[{"href":"https:\/\/cmykprinted.com\/it\/wp-json\/wp\/v2\/types\/product"}],"version-history":[{"count":1,"href":"https:\/\/cmykprinted.com\/it\/wp-json\/wp\/v2\/product\/842\/revisions"}],"predecessor-version":[{"id":848,"href":"https:\/\/cmykprinted.com\/it\/wp-json\/wp\/v2\/product\/842\/revisions\/848"}],"wp:featuredmedia":[{"embeddable":true,"href":"https:\/\/cmykprinted.com\/it\/wp-json\/wp\/v2\/media\/843"}],"wp:attachment":[{"href":"https:\/\/cmykprinted.com\/it\/wp-json\/wp\/v2\/media?parent=842"}],"wp:term":[{"taxonomy":"product_cat","embeddable":true,"href":"https:\/\/cmykprinted.com\/it\/wp-json\/wp\/v2\/product_cat?post=842"},{"taxonomy":"product_tag","embeddable":true,"href":"https:\/\/cmykprinted.com\/it\/wp-json\/wp\/v2\/product_tag?post=842"}],"curies":[{"name":"wp","href":"https:\/\/api.w.org\/{rel}","templated":true}]}}