{"id":858,"date":"2023-01-01T07:50:37","date_gmt":"2023-01-01T07:50:37","guid":{"rendered":"https:\/\/cmykprinted.com\/?post_type=product&#038;p=858"},"modified":"2023-01-01T07:57:12","modified_gmt":"2023-01-01T07:57:12","slug":"custom-branded-promotional-hand-held-stick-flags-printing","status":"publish","type":"product","link":"https:\/\/cmykprinted.com\/it\/prodotto\/custom-branded-promotional-hand-held-stick-flags-printing\/","title":{"rendered":"Stampa di bandiere a bastone promozionali personalizzate con marchio"},"content":{"rendered":"","protected":false},"excerpt":{"rendered":"<p>Le bandierine con bastoncini portatili sono una scelta popolare per le aziende e le organizzazioni che desiderano aumentare la visibilit\u00e0 del marchio e interagire con il proprio pubblico target in occasione di sfilate, eventi sportivi e altri raduni all&#039;aperto. Queste bandiere sono particolarmente apprezzate dai bambini e dagli altri partecipanti che si divertono a sventolarle e mostrare il loro sostegno a una particolare causa o squadra.<br \/>\nUno dei principali punti di forza delle bandiere con bastoncino portatile \u00e8 l&#039;ampia area di branding, che consente alle aziende di utilizzare ogni millimetro dello spazio visualizzato a parte la striscia bianca attorno al bastoncino montato. Ci\u00f2 offre ampio spazio alle aziende per mostrare l&#039;identit\u00e0, il logo e il messaggio del proprio marchio, assicurandosi di essere visti da un pubblico ampio e ricettivo.<br \/>\nOltre ad essere un efficace strumento di marketing, le bandierine portatili sono anche una scelta conveniente per le aziende e le organizzazioni che desiderano promuovere il proprio marchio. Sono realizzati con materiali durevoli, come poliestere o nylon, e sono dotati di un bastoncino di legno o plastica per agitarli facilmente. Queste bandiere sono leggere e facili da trasportare, il che le rende una scelta pratica per eventi all&#039;aperto.<br \/>\nNel complesso, le bandierine portatili sono uno strumento di marketing economico e interattivo che pu\u00f2 essere utilizzato per promuovere l&#039;identit\u00e0 di un marchio e aumentare la visibilit\u00e0 in una variet\u00e0 di eventi.<\/p>\n<div style=\"width: 1290px;\" class=\"wp-video\"><!--[if lt IE 9]><script>document.createElement('video');<\/script><![endif]--><br \/>\n<video class=\"wp-video-shortcode\" id=\"video-858-1\" width=\"1290\" height=\"726\" loop autoplay preload=\"auto\" controls=\"controls\"><source type=\"video\/mp4\" src=\"http:\/\/cmykprinted.com\/wp-content\/uploads\/2022\/12\/Custom-Printed-Hand-Flags.mp4?_=1\" \/><a href=\"http:\/\/cmykprinted.com\/wp-content\/uploads\/2022\/12\/Custom-Printed-Hand-Flags.mp4\">http:\/\/cmykprinted.com\/wp-content\/uploads\/2022\/12\/Custom-Printed-Hand-Flags.mp4<\/a><\/video><\/div>\n<p>&nbsp;<\/p>","protected":false},"featured_media":859,"template":"","meta":{"_kad_post_transparent":"default","_kad_post_title":"hide","_kad_post_layout":"fullwidth","_kad_post_sidebar_id":"","_kad_post_content_style":"unboxed","_kad_post_vertical_padding":"hide","_kad_post_feature":"hide","_kad_post_feature_position":"","_kad_post_header":false,"_kad_post_footer":false},"product_cat":[79],"product_tag":[153,243,241,242],"class_list":{"0":"post-858","1":"product","2":"type-product","3":"status-publish","4":"has-post-thumbnail","6":"product_cat-custom-flags","7":"product_tag-custom-hand-flags","8":"product_tag-hand-flags-printing","9":"product_tag-hand-held-stick-flags","10":"product_tag-promotional-hand-flags","12":"first","13":"instock","14":"shipping-taxable","15":"product-type-simple","16":"entry","17":"content-bg","18":"loop-entry"},"_links":{"self":[{"href":"https:\/\/cmykprinted.com\/it\/wp-json\/wp\/v2\/product\/858","targetHints":{"allow":["GET"]}}],"collection":[{"href":"https:\/\/cmykprinted.com\/it\/wp-json\/wp\/v2\/product"}],"about":[{"href":"https:\/\/cmykprinted.com\/it\/wp-json\/wp\/v2\/types\/product"}],"version-history":[{"count":2,"href":"https:\/\/cmykprinted.com\/it\/wp-json\/wp\/v2\/product\/858\/revisions"}],"predecessor-version":[{"id":865,"href":"https:\/\/cmykprinted.com\/it\/wp-json\/wp\/v2\/product\/858\/revisions\/865"}],"wp:featuredmedia":[{"embeddable":true,"href":"https:\/\/cmykprinted.com\/it\/wp-json\/wp\/v2\/media\/859"}],"wp:attachment":[{"href":"https:\/\/cmykprinted.com\/it\/wp-json\/wp\/v2\/media?parent=858"}],"wp:term":[{"taxonomy":"product_cat","embeddable":true,"href":"https:\/\/cmykprinted.com\/it\/wp-json\/wp\/v2\/product_cat?post=858"},{"taxonomy":"product_tag","embeddable":true,"href":"https:\/\/cmykprinted.com\/it\/wp-json\/wp\/v2\/product_tag?post=858"}],"curies":[{"name":"wp","href":"https:\/\/api.w.org\/{rel}","templated":true}]}}