{"id":904,"date":"2023-01-11T13:28:48","date_gmt":"2023-01-11T13:28:48","guid":{"rendered":"https:\/\/cmykprinted.com\/?post_type=product&#038;p=904"},"modified":"2023-01-12T06:44:08","modified_gmt":"2023-01-12T06:44:08","slug":"uv-3d-dtf-vinyl-adhesive-transfer-stickers-labels-printing","status":"publish","type":"product","link":"https:\/\/cmykprinted.com\/it\/prodotto\/uv-3d-dtf-vinyl-adhesive-transfer-stickers-labels-printing\/","title":{"rendered":"Stampa di etichette adesive adesive trasferibili in vinile UV 3D DTF"},"content":{"rendered":"","protected":false},"excerpt":{"rendered":"<p>Ti presentiamo il nostro nuovo adesivo UV personalizzato con un effetto stereo 3D unico. Puoi progettare il tuo motivo, logo o testo per gli adesivi. Realizzati in pasta di trasferimento UV, gli adesivi sono altamente adesivi, impermeabili e resistenti ai graffi. Tuttavia, \u00e8 importante notare che l&#039;uso di acqua calda o riscaldamento pu\u00f2 influire sulla viscosit\u00e0 della pasta. Questi adesivi possono essere applicati su una variet\u00e0 di superfici lisce tra cui metallo, plastica, vetro, superfici verniciate, libri, cartone, legno e persino automobili (assicurati solo che la superficie sia pulita prima dell&#039;applicazione). La dimensione di stampa degli adesivi \u00e8 A3 (11X16 pollici) e la quantit\u00e0 di adesivi che riceverai dipender\u00e0 dalla dimensione scelta. Se hai bisogno di pi\u00f9 quantit\u00e0, faccelo sapere in anticipo. Inoltre, per ottenere i migliori risultati, carica immagini di alta qualit\u00e0, ad alta risoluzione, nitide, pi\u00f9 grandi, in modalit\u00e0 macro e a fuoco. Maggiore \u00e8 la qualit\u00e0 della foto, migliore sar\u00e0 l&#039;effetto finale.<\/p>\n<div style=\"width: 1280px;\" class=\"wp-video\"><!--[if lt IE 9]><script>document.createElement('video');<\/script><![endif]--><br \/>\n<video class=\"wp-video-shortcode\" id=\"video-904-1\" width=\"1280\" height=\"720\" loop autoplay preload=\"auto\" controls=\"controls\"><source type=\"video\/mp4\" src=\"http:\/\/cmykprinted.com\/wp-content\/uploads\/2022\/12\/UV-transfer-stickers.mp4?_=1\" \/><a href=\"http:\/\/cmykprinted.com\/wp-content\/uploads\/2022\/12\/UV-transfer-stickers.mp4\">http:\/\/cmykprinted.com\/wp-content\/uploads\/2022\/12\/UV-transfer-stickers.mp4<\/a><\/video><\/div>","protected":false},"featured_media":905,"template":"","meta":{"_kad_post_transparent":"default","_kad_post_title":"hide","_kad_post_layout":"fullwidth","_kad_post_sidebar_id":"","_kad_post_content_style":"unboxed","_kad_post_vertical_padding":"hide","_kad_post_feature":"hide","_kad_post_feature_position":"","_kad_post_header":false,"_kad_post_footer":false},"product_cat":[101,103],"product_tag":[202,252,251,250],"class_list":{"0":"post-904","1":"product","2":"type-product","3":"status-publish","4":"has-post-thumbnail","6":"product_cat-transfer-stickers","7":"product_cat-uv-transfer-stickers","8":"product_tag-adhesive-transfer-stickers","9":"product_tag-dtf-transfer-stickers","10":"product_tag-uv-3d-stickers","11":"product_tag-vinyl-transfer-stickers","13":"first","14":"instock","15":"shipping-taxable","16":"product-type-simple","17":"entry","18":"content-bg","19":"loop-entry"},"_links":{"self":[{"href":"https:\/\/cmykprinted.com\/it\/wp-json\/wp\/v2\/product\/904","targetHints":{"allow":["GET"]}}],"collection":[{"href":"https:\/\/cmykprinted.com\/it\/wp-json\/wp\/v2\/product"}],"about":[{"href":"https:\/\/cmykprinted.com\/it\/wp-json\/wp\/v2\/types\/product"}],"version-history":[{"count":3,"href":"https:\/\/cmykprinted.com\/it\/wp-json\/wp\/v2\/product\/904\/revisions"}],"predecessor-version":[{"id":912,"href":"https:\/\/cmykprinted.com\/it\/wp-json\/wp\/v2\/product\/904\/revisions\/912"}],"wp:featuredmedia":[{"embeddable":true,"href":"https:\/\/cmykprinted.com\/it\/wp-json\/wp\/v2\/media\/905"}],"wp:attachment":[{"href":"https:\/\/cmykprinted.com\/it\/wp-json\/wp\/v2\/media?parent=904"}],"wp:term":[{"taxonomy":"product_cat","embeddable":true,"href":"https:\/\/cmykprinted.com\/it\/wp-json\/wp\/v2\/product_cat?post=904"},{"taxonomy":"product_tag","embeddable":true,"href":"https:\/\/cmykprinted.com\/it\/wp-json\/wp\/v2\/product_tag?post=904"}],"curies":[{"name":"wp","href":"https:\/\/api.w.org\/{rel}","templated":true}]}}