{"id":913,"date":"2023-01-13T12:49:09","date_gmt":"2023-01-13T12:49:09","guid":{"rendered":"https:\/\/cmykprinted.com\/?post_type=product&#038;p=913"},"modified":"2023-01-13T12:59:43","modified_gmt":"2023-01-13T12:59:43","slug":"custom-personalized-teardrop-shaped-advertising-flags","status":"publish","type":"product","link":"https:\/\/cmykprinted.com\/it\/prodotto\/custom-personalized-teardrop-shaped-advertising-flags\/","title":{"rendered":"Bandiere pubblicitarie personalizzate a forma di lacrima"},"content":{"rendered":"","protected":false},"excerpt":{"rendered":"<p>Le bandiere pubblicitarie a forma di goccia, conosciute anche come striscioni piumati, sono un ottimo modo per promuovere la tua attivit\u00e0 e catturare l&#039;attenzione dei potenziali clienti. Con una variet\u00e0 di opzioni disponibili, le nostre bandiere possono essere utilizzate sia all&#039;interno che all&#039;esterno, rendendole una scelta versatile per qualsiasi attivit\u00e0 commerciale.<br \/>\nLe nostre bandiere sono dotate di diverse opzioni di base, tra cui picchetti e basi a croce, per garantire che possano essere posizionate in qualsiasi luogo. Offriamo anche opzioni di stampa sia su un lato che su entrambi i lati, in modo che la tua pubblicit\u00e0 possa essere vista da tutte le angolazioni.<br \/>\nLe nostre bandiere sono realizzate in resistente 3,24 once. tessuto in poliestere e sono stampati con inchiostro resistente ai raggi UV per garantire che possano resistere agli elementi e durare a lungo. Le bandiere sono anche leggere e facili da trasportare, il che le rende perfette per eventi e fiere.<br \/>\nQuando acquisti uno dei nostri kit di aste, riceverai anche una custodia da viaggio, che ti consente di trasportare facilmente la tua bandiera in luoghi diversi. Con le nostre bandiere di alta qualit\u00e0 e le convenienti opzioni di viaggio, puoi essere certo che la tua attivit\u00e0 sar\u00e0 visibile ovunque tu vada.<\/p>\n<div style=\"width: 1280px;\" class=\"wp-video\"><!--[if lt IE 9]><script>document.createElement('video');<\/script><![endif]--><br \/>\n<video class=\"wp-video-shortcode\" id=\"video-913-1\" width=\"1280\" height=\"720\" loop autoplay preload=\"metadata\" controls=\"controls\"><source type=\"video\/mp4\" src=\"http:\/\/cmykprinted.com\/wp-content\/uploads\/2022\/12\/Feather-beach-flags.mp4?_=1\" \/><a href=\"http:\/\/cmykprinted.com\/wp-content\/uploads\/2022\/12\/Feather-beach-flags.mp4\">http:\/\/cmykprinted.com\/wp-content\/uploads\/2022\/12\/Feather-beach-flags.mp4<\/a><\/video><\/div>","protected":false},"featured_media":914,"template":"","meta":{"_kad_post_transparent":"default","_kad_post_title":"hide","_kad_post_layout":"fullwidth","_kad_post_sidebar_id":"","_kad_post_content_style":"unboxed","_kad_post_vertical_padding":"hide","_kad_post_feature":"hide","_kad_post_feature_position":"","_kad_post_header":false,"_kad_post_footer":false},"product_cat":[64,67],"product_tag":[254,255,256,253],"class_list":{"0":"post-913","1":"product","2":"type-product","3":"status-publish","4":"has-post-thumbnail","6":"product_cat-beach-flags","7":"product_cat-teardrop-flags-banners","8":"product_tag-custom-teardrop-flags","9":"product_tag-personalized-teardrop-flags","10":"product_tag-teardrop-advertising-flags","11":"product_tag-teardrop-shaped-advertising-flags","13":"first","14":"instock","15":"shipping-taxable","16":"product-type-simple","17":"entry","18":"content-bg","19":"loop-entry"},"_links":{"self":[{"href":"https:\/\/cmykprinted.com\/it\/wp-json\/wp\/v2\/product\/913","targetHints":{"allow":["GET"]}}],"collection":[{"href":"https:\/\/cmykprinted.com\/it\/wp-json\/wp\/v2\/product"}],"about":[{"href":"https:\/\/cmykprinted.com\/it\/wp-json\/wp\/v2\/types\/product"}],"version-history":[{"count":2,"href":"https:\/\/cmykprinted.com\/it\/wp-json\/wp\/v2\/product\/913\/revisions"}],"predecessor-version":[{"id":920,"href":"https:\/\/cmykprinted.com\/it\/wp-json\/wp\/v2\/product\/913\/revisions\/920"}],"wp:featuredmedia":[{"embeddable":true,"href":"https:\/\/cmykprinted.com\/it\/wp-json\/wp\/v2\/media\/914"}],"wp:attachment":[{"href":"https:\/\/cmykprinted.com\/it\/wp-json\/wp\/v2\/media?parent=913"}],"wp:term":[{"taxonomy":"product_cat","embeddable":true,"href":"https:\/\/cmykprinted.com\/it\/wp-json\/wp\/v2\/product_cat?post=913"},{"taxonomy":"product_tag","embeddable":true,"href":"https:\/\/cmykprinted.com\/it\/wp-json\/wp\/v2\/product_tag?post=913"}],"curies":[{"name":"wp","href":"https:\/\/api.w.org\/{rel}","templated":true}]}}