{"id":938,"date":"2023-01-15T14:03:34","date_gmt":"2023-01-15T14:03:34","guid":{"rendered":"https:\/\/cmykprinted.com\/?post_type=product&#038;p=938"},"modified":"2023-01-15T14:14:31","modified_gmt":"2023-01-15T14:14:31","slug":"trade-show-fitted-custom-stretch-table-cover-tablecloth","status":"publish","type":"product","link":"https:\/\/cmykprinted.com\/it\/prodotto\/trade-show-fitted-custom-stretch-table-cover-tablecloth\/","title":{"rendered":"Tovaglia elasticizzata personalizzata per fiere"},"content":{"rendered":"","protected":false},"excerpt":{"rendered":"<p>Ospitare un evento aziendale pu\u00f2 essere impegnativo, poich\u00e9 vuoi fare una buona impressione sia sui clienti nuovi che su quelli esistenti. I nostri copritavolo elasticizzati sono un&#039;ottima soluzione per decorare il tuo stand e promuovere la tua attivit\u00e0. La nostra selezione di eleganti fodere in spandex \u00e8 economica e pu\u00f2 essere utilizzata per migliorare l&#039;aspetto dei tuoi tavoli. Realizzate in resistente tessuto elasticizzato da 180 g\/mq, le nostre fodere sono resistenti agli strappi e possono essere riutilizzate per pi\u00f9 eventi. Con la nostra tecnologia di stampa a colori a 1440 DPI, la grafica sulle copertine \u00e8 vivida e nitida, sicuramente attirer\u00e0 l&#039;attenzione dei partecipanti. Le nostre fodere sono disponibili in due stili: con cerniera posteriore e su 3 lati, entrambe facili da installare e che rimangono saldamente in posizione. Le tovaglie elasticizzate in spandex sono versatili e convenienti, il che le rende perfette per qualsiasi tipo di evento, come feste, fiere e altro ancora.<\/p>","protected":false},"featured_media":939,"template":"","meta":{"_kad_post_transparent":"default","_kad_post_title":"hide","_kad_post_layout":"fullwidth","_kad_post_sidebar_id":"","_kad_post_content_style":"unboxed","_kad_post_vertical_padding":"hide","_kad_post_feature":"hide","_kad_post_feature_position":"","_kad_post_header":false,"_kad_post_footer":false},"product_cat":[80,81],"product_tag":[117,265,264,266],"class_list":{"0":"post-938","1":"product","2":"type-product","3":"status-publish","4":"has-post-thumbnail","6":"product_cat-custom-tablecloth","7":"product_cat-custom-stretch-tablecloth","8":"product_tag-custom-stretch-tablecloth","9":"product_tag-fitted-tablecloth","10":"product_tag-stretch-table-cover","11":"product_tag-trade-show-table-cover","13":"first","14":"instock","15":"shipping-taxable","16":"product-type-simple","17":"entry","18":"content-bg","19":"loop-entry"},"_links":{"self":[{"href":"https:\/\/cmykprinted.com\/it\/wp-json\/wp\/v2\/product\/938","targetHints":{"allow":["GET"]}}],"collection":[{"href":"https:\/\/cmykprinted.com\/it\/wp-json\/wp\/v2\/product"}],"about":[{"href":"https:\/\/cmykprinted.com\/it\/wp-json\/wp\/v2\/types\/product"}],"version-history":[{"count":3,"href":"https:\/\/cmykprinted.com\/it\/wp-json\/wp\/v2\/product\/938\/revisions"}],"predecessor-version":[{"id":947,"href":"https:\/\/cmykprinted.com\/it\/wp-json\/wp\/v2\/product\/938\/revisions\/947"}],"wp:featuredmedia":[{"embeddable":true,"href":"https:\/\/cmykprinted.com\/it\/wp-json\/wp\/v2\/media\/939"}],"wp:attachment":[{"href":"https:\/\/cmykprinted.com\/it\/wp-json\/wp\/v2\/media?parent=938"}],"wp:term":[{"taxonomy":"product_cat","embeddable":true,"href":"https:\/\/cmykprinted.com\/it\/wp-json\/wp\/v2\/product_cat?post=938"},{"taxonomy":"product_tag","embeddable":true,"href":"https:\/\/cmykprinted.com\/it\/wp-json\/wp\/v2\/product_tag?post=938"}],"curies":[{"name":"wp","href":"https:\/\/api.w.org\/{rel}","templated":true}]}}