{"id":984,"date":"2023-02-11T03:57:42","date_gmt":"2023-02-11T03:57:42","guid":{"rendered":"https:\/\/cmykprinted.com\/?post_type=product&#038;p=984"},"modified":"2023-02-11T04:04:18","modified_gmt":"2023-02-11T04:04:18","slug":"10x15ft-50mm-hexagonal-pop-up-canopy-tent-aluminum-frame","status":"publish","type":"product","link":"https:\/\/cmykprinted.com\/it\/prodotto\/10x15ft-50mm-hexagonal-pop-up-canopy-tent-aluminum-frame\/","title":{"rendered":"Tenda a baldacchino pop-up esagonale da 10X15 piedi con telaio in alluminio da 50 mm"},"content":{"rendered":"","protected":false},"excerpt":{"rendered":"<p>Un baldacchino pop-up esagonale da 50 mm con telaio in alluminio \u00e8 perfetto per far risaltare il tuo baldacchino in una bancarella del mercato o in una fiera. Il telaio vanta specifiche impressionanti, tra cui una gamba esterna esagonale in alluminio con dimensioni 50x50 mm e uno spessore di 1,8 mm. Ha anche cinque posizioni di altezza con un intervallo di 7,5 cm ed \u00e8 forte e stabile per un uso a lungo termine.<br \/>\nIl montaggio e lo smontaggio della capottina \u00e8 facile e veloce, grazie al telaio pieghevole in alluminio e all&#039;assenza di parti sfuse. Le regolazioni delle gambe con pulsante a levetta e i perni di trazione oversize e facili da afferrare agli angoli superiori rendono l&#039;installazione e la rottura un gioco da ragazzi senza la necessit\u00e0 di alcun attrezzo.<br \/>\nIl pacchetto include il telaio in alluminio a baldacchino pop-up commerciale e pu\u00f2 essere montato e smontato da una o due persone in pochi minuti senza attrezzi. Viene fornito con una garanzia di 1 anno e una fornitura a vita di accessori e parti. Se hai bisogno di un lavoro personalizzato, non esitare a contattarci. Garantiamo la soddisfazione di 100% e lavoreremo per risolvere eventuali problemi che potresti avere.<br \/>\nQuesto baldacchino \u00e8 adatto per una variet\u00e0 di eventi all&#039;aperto, tra cui feste, fiere, sport, picnic, barbecue e altro ancora. Pu\u00f2 essere utilizzato in aree commerciali, spiagge, campi da gioco, cortili, giardini, fattorie e altri ambienti esterni, nonch\u00e9 in ambienti interni come grandi palestre. Con una qualit\u00e0 di fascia alta, puoi essere certo della sua longevit\u00e0 e durata. Se hai problemi di qualit\u00e0 entro il primo anno, non esitare a contattarci. La nostra garanzia di soddisfazione 100% assicura che lavoreremo per risolvere eventuali problemi che potresti avere.<\/p>\n<div style=\"width: 1280px;\" class=\"wp-video\"><!--[if lt IE 9]><script>document.createElement('video');<\/script><![endif]--><br \/>\n<video class=\"wp-video-shortcode\" id=\"video-984-1\" width=\"1280\" height=\"720\" loop autoplay preload=\"auto\" controls=\"controls\"><source type=\"video\/mp4\" src=\"http:\/\/cmykprinted.com\/wp-content\/uploads\/2022\/12\/10x15ft-Pop-up-Tent.mp4?_=1\" \/><a href=\"http:\/\/cmykprinted.com\/wp-content\/uploads\/2022\/12\/10x15ft-Pop-up-Tent.mp4\">http:\/\/cmykprinted.com\/wp-content\/uploads\/2022\/12\/10x15ft-Pop-up-Tent.mp4<\/a><\/video><\/div>","protected":false},"featured_media":985,"template":"","meta":{"_kad_post_transparent":"default","_kad_post_title":"hide","_kad_post_layout":"fullwidth","_kad_post_sidebar_id":"","_kad_post_content_style":"unboxed","_kad_post_vertical_padding":"hide","_kad_post_feature":"hide","_kad_post_feature_position":"","_kad_post_header":false,"_kad_post_footer":false},"product_cat":[68,76,74],"product_tag":[279,282,281,280],"class_list":{"0":"post-984","1":"product","2":"type-product","3":"status-publish","4":"has-post-thumbnail","6":"product_cat-custom-canopy-tents","7":"product_cat-10x15ft-pop-up-tents-50mm-heavy-duty-hexagon-aluminum-tents-custom-canopy-tents","8":"product_cat-50mm-heavy-duty-hexagon-aluminum-tents","9":"product_tag-10x15ft-hexagonal-pop-up-canopy-tent","10":"product_tag-50mm-hexagonal-pop-up-canopy","11":"product_tag-aluminum-frame-pop-up-canopy-tent","12":"product_tag-hexagonal-pop-up-canopy-tent","14":"first","15":"instock","16":"shipping-taxable","17":"product-type-simple","18":"entry","19":"content-bg","20":"loop-entry"},"_links":{"self":[{"href":"https:\/\/cmykprinted.com\/it\/wp-json\/wp\/v2\/product\/984","targetHints":{"allow":["GET"]}}],"collection":[{"href":"https:\/\/cmykprinted.com\/it\/wp-json\/wp\/v2\/product"}],"about":[{"href":"https:\/\/cmykprinted.com\/it\/wp-json\/wp\/v2\/types\/product"}],"version-history":[{"count":2,"href":"https:\/\/cmykprinted.com\/it\/wp-json\/wp\/v2\/product\/984\/revisions"}],"predecessor-version":[{"id":992,"href":"https:\/\/cmykprinted.com\/it\/wp-json\/wp\/v2\/product\/984\/revisions\/992"}],"wp:featuredmedia":[{"embeddable":true,"href":"https:\/\/cmykprinted.com\/it\/wp-json\/wp\/v2\/media\/985"}],"wp:attachment":[{"href":"https:\/\/cmykprinted.com\/it\/wp-json\/wp\/v2\/media?parent=984"}],"wp:term":[{"taxonomy":"product_cat","embeddable":true,"href":"https:\/\/cmykprinted.com\/it\/wp-json\/wp\/v2\/product_cat?post=984"},{"taxonomy":"product_tag","embeddable":true,"href":"https:\/\/cmykprinted.com\/it\/wp-json\/wp\/v2\/product_tag?post=984"}],"curies":[{"name":"wp","href":"https:\/\/api.w.org\/{rel}","templated":true}]}}