{"id":1000,"date":"2023-02-12T10:41:09","date_gmt":"2023-02-12T10:41:09","guid":{"rendered":"https:\/\/cmykprinted.com\/?post_type=product&#038;p=1000"},"modified":"2023-02-12T10:46:25","modified_gmt":"2023-02-12T10:46:25","slug":"logo-printed-premium-full-color-trade-show-table-throw","status":"publish","type":"product","link":"https:\/\/cmykprinted.com\/pl\/produkt\/logo-printed-premium-full-color-trade-show-table-throw\/","title":{"rendered":"Narzuta na st\u00f3\u0142 targowy z nadrukowanym logo w pe\u0142nym kolorze"},"content":{"rendered":"","protected":false},"excerpt":{"rendered":"<p>W naszej firmie dok\u0142adamy wszelkich stara\u0144, aby dostarcza\u0107 wysokiej jako\u015bci i niedrogie narzuty na sto\u0142y targowe dla firm i organizacji ka\u017cdej wielko\u015bci. Rozumiemy, jak wa\u017cne jest wywarcie silnego wra\u017cenia na targach i wystawach, i dok\u0142adamy wszelkich stara\u0144, aby pom\u00f3c naszym klientom to osi\u0105gn\u0105\u0107. Nasz zesp\u00f3\u0142 profesjonalnych drukarzy stosuje pe\u0142ny proces sublimacji, aby nasze narzuty na st\u00f3\u0142 by\u0142y \u017cywe, przyci\u0105ga\u0142y wzrok i by\u0142y w pe\u0142ni konfigurowalne. Niezale\u017cnie od tego, czy potrzebujesz nakrycia sto\u0142u na targi, obrusu na specjaln\u0105 wystaw\u0119, czy te\u017c innego rodzaju narzuty na st\u00f3\u0142, mamy produkty, kt\u00f3rych potrzebujesz w wymaganej szybko\u015bci.<br \/>\nNasza fabryka oferuje szerok\u0105 gam\u0119 narzut na sto\u0142y targowe, w tym pokrowce stretch, pokrowce 3 i 4-stronne, prowadnice i wiele innych. Oferujemy nawet narzuty na st\u00f3\u0142 zaprojektowane tak, aby uzupe\u0142nia\u0142y kolorystyk\u0119 Twojej firmy lub organizacji. A je\u015bli nie masz logo, to \u017caden problem! Mo\u017cemy stworzy\u0107 dla Ciebie indywidualny projekt, kt\u00f3ry pomo\u017ce wypromowa\u0107 Twoj\u0105 mark\u0119 i przyci\u0105gn\u0105\u0107 nowych klient\u00f3w.<br \/>\nOferujemy 24-godzinny czas realizacji wszystkich naszych narzut na sto\u0142y targowe, zapewniaj\u0105c, \u017ce mo\u017cesz otrzyma\u0107 potrzebne produkty, kiedy ich potrzebujesz. Dla dodatkowej wygody wszystkie nasze produkty wysy\u0142amy nast\u0119pnego dnia roboczego po zakupie. Niezale\u017cnie od tego, czy potrzebujesz pojedynczego narzutu na st\u00f3\u0142, czy du\u017cego zam\u00f3wienia na zbli\u017caj\u0105ce si\u0119 wydarzenie, mamy produkty i us\u0142ugi, kt\u00f3rych potrzebujesz, aby odnie\u015b\u0107 sukces.<\/p>","protected":false},"featured_media":1001,"template":"","meta":{"_kad_post_transparent":"default","_kad_post_title":"hide","_kad_post_layout":"fullwidth","_kad_post_sidebar_id":"","_kad_post_content_style":"unboxed","_kad_post_vertical_padding":"hide","_kad_post_feature":"hide","_kad_post_feature_position":"","_kad_post_header":false,"_kad_post_footer":false},"product_cat":[80,84],"product_tag":[218,216,217],"class_list":{"0":"post-1000","1":"product","2":"type-product","3":"status-publish","4":"has-post-thumbnail","6":"product_cat-custom-tablecloth","7":"product_cat-trade-show-table-throw","8":"product_tag-custom-table-throw","9":"product_tag-trade-show-table-throw","10":"product_tag-tradeshow-table-throw","12":"first","13":"instock","14":"shipping-taxable","15":"product-type-simple","16":"entry","17":"content-bg","18":"loop-entry"},"_links":{"self":[{"href":"https:\/\/cmykprinted.com\/pl\/wp-json\/wp\/v2\/product\/1000","targetHints":{"allow":["GET"]}}],"collection":[{"href":"https:\/\/cmykprinted.com\/pl\/wp-json\/wp\/v2\/product"}],"about":[{"href":"https:\/\/cmykprinted.com\/pl\/wp-json\/wp\/v2\/types\/product"}],"version-history":[{"count":1,"href":"https:\/\/cmykprinted.com\/pl\/wp-json\/wp\/v2\/product\/1000\/revisions"}],"predecessor-version":[{"id":1007,"href":"https:\/\/cmykprinted.com\/pl\/wp-json\/wp\/v2\/product\/1000\/revisions\/1007"}],"wp:featuredmedia":[{"embeddable":true,"href":"https:\/\/cmykprinted.com\/pl\/wp-json\/wp\/v2\/media\/1001"}],"wp:attachment":[{"href":"https:\/\/cmykprinted.com\/pl\/wp-json\/wp\/v2\/media?parent=1000"}],"wp:term":[{"taxonomy":"product_cat","embeddable":true,"href":"https:\/\/cmykprinted.com\/pl\/wp-json\/wp\/v2\/product_cat?post=1000"},{"taxonomy":"product_tag","embeddable":true,"href":"https:\/\/cmykprinted.com\/pl\/wp-json\/wp\/v2\/product_tag?post=1000"}],"curies":[{"name":"wp","href":"https:\/\/api.w.org\/{rel}","templated":true}]}}