{"id":1016,"date":"2023-02-12T14:30:04","date_gmt":"2023-02-12T14:30:04","guid":{"rendered":"https:\/\/cmykprinted.com\/?post_type=product&#038;p=1016"},"modified":"2023-02-12T14:40:07","modified_gmt":"2023-02-12T14:40:07","slug":"personalized-triangle-pop-up-banners-a-frame-stand-display","status":"publish","type":"product","link":"https:\/\/cmykprinted.com\/pl\/produkt\/personalized-triangle-pop-up-banners-a-frame-stand-display\/","title":{"rendered":"Spersonalizowane tr\u00f3jk\u0105tne wyskakuj\u0105ce banery Wy\u015bwietlacz w kszta\u0142cie litery A"},"content":{"rendered":"","protected":false},"excerpt":{"rendered":"<p>Tr\u00f3jk\u0105tne banery pop-up to najlepsze rozwi\u0105zanie do promowania Twojej marki lub firmy w stylowy i skuteczny spos\u00f3b. Dzi\u0119ki konstrukcji, kt\u00f3ra pozwala na \u0142atw\u0105 konfiguracj\u0119 i demonta\u017c, banery te s\u0105 idealne na targi, imprezy i konferencje. Wykonane z lekkiej i wytrzyma\u0142ej tkaniny brzoskwiniowej, s\u0105 wyposa\u017cone w por\u0119czn\u0105 torb\u0119 do przechowywania i transportu.<br \/>\nNie tylko s\u0105 wygodne w u\u017cyciu, ale tak\u017ce gwarantuj\u0105 przyci\u0105gni\u0119cie uwagi docelowych odbiorc\u00f3w. Niezale\u017cnie od tego, czy chodzi o wprowadzenie nowego produktu, wyprzeda\u017c, czy zbli\u017caj\u0105ce si\u0119 wydarzenie, te banery przyci\u0105gn\u0105 zainteresowanie i wywr\u0105 trwa\u0142y wp\u0142yw. Mog\u0105 by\u0107 u\u017cywane wewn\u0105trz lub na zewn\u0105trz i s\u0105 \u0142atwe w monta\u017cu dzi\u0119ki metalowej spr\u0119\u017cynie i ko\u0142kom.<br \/>\nPodnie\u015b poziom reklamy swojej firmy za pomoc\u0105 tr\u00f3jk\u0105tnego wyskakuj\u0105cego banera. Obszerna instrukcja instalacji zawiera wszystkie niezb\u0119dne narz\u0119dzia do bezproblemowego monta\u017cu i demonta\u017cu banera. Zainwestuj w wyskakuj\u0105cy baner ju\u017c dzi\u015b i z\u0142\u00f3\u017c odwa\u017cne o\u015bwiadczenie na kolejnym wydarzeniu lub konferencji.<\/p>\n<div style=\"width: 1280px;\" class=\"wp-video\"><!--[if lt IE 9]><script>document.createElement('video');<\/script><![endif]--><br \/>\n<video class=\"wp-video-shortcode\" id=\"video-1016-1\" width=\"1280\" height=\"720\" loop autoplay preload=\"metadata\" controls=\"controls\"><source type=\"video\/mp4\" src=\"http:\/\/cmykprinted.com\/wp-content\/uploads\/2022\/12\/Triangle-Pop-Up-Banners.mp4?_=1\" \/><a href=\"http:\/\/cmykprinted.com\/wp-content\/uploads\/2022\/12\/Triangle-Pop-Up-Banners.mp4\">http:\/\/cmykprinted.com\/wp-content\/uploads\/2022\/12\/Triangle-Pop-Up-Banners.mp4<\/a><\/video><\/div>","protected":false},"featured_media":1017,"template":"","meta":{"_kad_post_transparent":"default","_kad_post_title":"hide","_kad_post_layout":"fullwidth","_kad_post_sidebar_id":"","_kad_post_content_style":"unboxed","_kad_post_vertical_padding":"hide","_kad_post_feature":"hide","_kad_post_feature_position":"","_kad_post_header":false,"_kad_post_footer":false},"product_cat":[92,95],"product_tag":[292,293,166,291],"class_list":{"0":"post-1016","1":"product","2":"type-product","3":"status-publish","4":"has-post-thumbnail","6":"product_cat-pop-up-banners","7":"product_cat-triangle-pop-up-banners","8":"product_tag-a-frame-stand-display","9":"product_tag-personalized-pop-up-banners","10":"product_tag-pop-up-banners","11":"product_tag-triangle-pop-up-banners","13":"first","14":"instock","15":"shipping-taxable","16":"product-type-simple","17":"entry","18":"content-bg","19":"loop-entry"},"_links":{"self":[{"href":"https:\/\/cmykprinted.com\/pl\/wp-json\/wp\/v2\/product\/1016","targetHints":{"allow":["GET"]}}],"collection":[{"href":"https:\/\/cmykprinted.com\/pl\/wp-json\/wp\/v2\/product"}],"about":[{"href":"https:\/\/cmykprinted.com\/pl\/wp-json\/wp\/v2\/types\/product"}],"version-history":[{"count":2,"href":"https:\/\/cmykprinted.com\/pl\/wp-json\/wp\/v2\/product\/1016\/revisions"}],"predecessor-version":[{"id":1024,"href":"https:\/\/cmykprinted.com\/pl\/wp-json\/wp\/v2\/product\/1016\/revisions\/1024"}],"wp:featuredmedia":[{"embeddable":true,"href":"https:\/\/cmykprinted.com\/pl\/wp-json\/wp\/v2\/media\/1017"}],"wp:attachment":[{"href":"https:\/\/cmykprinted.com\/pl\/wp-json\/wp\/v2\/media?parent=1016"}],"wp:term":[{"taxonomy":"product_cat","embeddable":true,"href":"https:\/\/cmykprinted.com\/pl\/wp-json\/wp\/v2\/product_cat?post=1016"},{"taxonomy":"product_tag","embeddable":true,"href":"https:\/\/cmykprinted.com\/pl\/wp-json\/wp\/v2\/product_tag?post=1016"}],"curies":[{"name":"wp","href":"https:\/\/api.w.org\/{rel}","templated":true}]}}