{"id":1025,"date":"2023-02-12T15:07:24","date_gmt":"2023-02-12T15:07:24","guid":{"rendered":"https:\/\/cmykprinted.com\/?post_type=product&#038;p=1025"},"modified":"2023-02-12T15:13:19","modified_gmt":"2023-02-12T15:13:19","slug":"exhibition-curved-tension-fabric-pop-up-displays-with-frame","status":"publish","type":"product","link":"https:\/\/cmykprinted.com\/pl\/produkt\/exhibition-curved-tension-fabric-pop-up-displays-with-frame\/","title":{"rendered":"Wystawa Zakrzywione Tkaniny Napinane Pop-Up Displaye z Ram\u0105"},"content":{"rendered":"","protected":false},"excerpt":{"rendered":"<p>Stojak z zakrzywionej tkaniny to wyj\u0105tkowa opcja do stworzenia efektownego wizualnie wy\u015bwietlacza. Zawiera pojedynczy obraz o wysokiej rozdzielczo\u015bci bez widocznych linii \u0142\u0105czenia. Monta\u017c jest prosty \u2014 wystarczy spi\u0105\u0107 lekk\u0105 aluminiow\u0105 ram\u0119 i naci\u0105gn\u0105\u0107 na ni\u0105 zadrukowan\u0105 tkanin\u0119. Kiedy sko\u0144czysz go u\u017cywa\u0107, po prostu zdejmij go, z\u0142\u00f3\u017c i przechowuj w futerale, aby u\u0142atwi\u0107 transport. Stojaki te s\u0105 znacznie wygodniejsze w przechowywaniu i transporcie w por\u00f3wnaniu do tradycyjnych stoisk wystawienniczych typu pop-up. Opr\u00f3cz tego, \u017ce s\u0105 popularnym wyborem na konferencje i imprezy, stanowi\u0105 r\u00f3wnie\u017c doskona\u0142e t\u0142o fotograficzne i t\u0142a sceniczne. Tkanina jest standardowo zadrukowana z obu stron, dzi\u0119ki czemu zyskujesz wi\u0119cej miejsca na swoje wiadomo\u015bci. Drukowanie alternatywnych ok\u0142adek na r\u00f3\u017cne wydarzenia jest r\u00f3wnie\u017c \u0142atwe.<\/p>","protected":false},"featured_media":1026,"template":"","meta":{"_kad_post_transparent":"default","_kad_post_title":"hide","_kad_post_layout":"fullwidth","_kad_post_sidebar_id":"","_kad_post_content_style":"unboxed","_kad_post_vertical_padding":"hide","_kad_post_feature":"hide","_kad_post_feature_position":"","_kad_post_header":false,"_kad_post_footer":false},"product_cat":[97,98],"product_tag":[168,296,295,294,134],"class_list":{"0":"post-1025","1":"product","2":"type-product","3":"status-publish","4":"has-post-thumbnail","6":"product_cat-tension-fabric-displays","7":"product_cat-curved-tension-fabric-pop-up-displays","8":"product_tag-curved-tension-fabric-pop-up-displays","9":"product_tag-fabric-pop-up-curved-displays","10":"product_tag-fabric-pop-up-display","11":"product_tag-fabric-pop-up-displays","12":"product_tag-tension-fabric-displays","14":"first","15":"instock","16":"shipping-taxable","17":"product-type-simple","18":"entry","19":"content-bg","20":"loop-entry"},"_links":{"self":[{"href":"https:\/\/cmykprinted.com\/pl\/wp-json\/wp\/v2\/product\/1025","targetHints":{"allow":["GET"]}}],"collection":[{"href":"https:\/\/cmykprinted.com\/pl\/wp-json\/wp\/v2\/product"}],"about":[{"href":"https:\/\/cmykprinted.com\/pl\/wp-json\/wp\/v2\/types\/product"}],"version-history":[{"count":1,"href":"https:\/\/cmykprinted.com\/pl\/wp-json\/wp\/v2\/product\/1025\/revisions"}],"predecessor-version":[{"id":1032,"href":"https:\/\/cmykprinted.com\/pl\/wp-json\/wp\/v2\/product\/1025\/revisions\/1032"}],"wp:featuredmedia":[{"embeddable":true,"href":"https:\/\/cmykprinted.com\/pl\/wp-json\/wp\/v2\/media\/1026"}],"wp:attachment":[{"href":"https:\/\/cmykprinted.com\/pl\/wp-json\/wp\/v2\/media?parent=1025"}],"wp:term":[{"taxonomy":"product_cat","embeddable":true,"href":"https:\/\/cmykprinted.com\/pl\/wp-json\/wp\/v2\/product_cat?post=1025"},{"taxonomy":"product_tag","embeddable":true,"href":"https:\/\/cmykprinted.com\/pl\/wp-json\/wp\/v2\/product_tag?post=1025"}],"curies":[{"name":"wp","href":"https:\/\/api.w.org\/{rel}","templated":true}]}}