{"id":1034,"date":"2023-02-13T02:28:32","date_gmt":"2023-02-13T02:28:32","guid":{"rendered":"https:\/\/cmykprinted.com\/?post_type=product&#038;p=1034"},"modified":"2023-02-13T02:37:55","modified_gmt":"2023-02-13T02:37:55","slug":"multipurpose-wholesale-3d-custom-metal-transfer-stickers","status":"publish","type":"product","link":"https:\/\/cmykprinted.com\/pl\/produkt\/multipurpose-wholesale-3d-custom-metal-transfer-stickers\/","title":{"rendered":"Wielofunkcyjne hurtowe naklejki 3D z niestandardowym transferem metalu"},"content":{"rendered":"","protected":false},"excerpt":{"rendered":"<p>Niestandardowe metalowe naklejki transferowe to innowacyjne rozwi\u0105zanie do etykietowania, kt\u00f3re wykorzystuje mocn\u0105 foli\u0119 niklow\u0105, aby uzyska\u0107 tr\u00f3jwymiarowy efekt. To unikalne podej\u015bcie nadaje naklejkom elegancki i wyrafinowany wygl\u0105d, poniewa\u017c nadmiar materia\u0142u jest usuwany z projektu, zapewniaj\u0105c wygl\u0105d \u201ebez etykiety\u201d. Idealne do produkt\u00f3w z wy\u017cszej p\u00f3\u0142ki lub do sprzeda\u017cy detalicznej online, naklejki te s\u0105 produkowane przez drukowanie wzoru na folii niklowej przy u\u017cyciu specjalistycznej metody drukowania. Po usuni\u0119ciu nadmiaru materia\u0142u wypuk\u0142e elementy s\u0105 pokrywane warstw\u0105 kleju, dzi\u0119ki czemu nadaj\u0105 si\u0119 do aplikacji na r\u00f3\u017cne powierzchnie, w tym tworzywa sztuczne, metal i papier.<br \/>\nTrwa\u0142o\u015b\u0107 naklejek transferowych 3D to jedna z ich kluczowych zalet. Poniewa\u017c nikiel jest wytrzyma\u0142ym i odpornym na korozj\u0119 materia\u0142em, naklejki te s\u0105 odporne na zu\u017cycie i zachowuj\u0105 swoj\u0105 jako\u015b\u0107 w miar\u0119 up\u0142ywu czasu. S\u0105 r\u00f3wnie\u017c odporne na blakni\u0119cie i odbarwienia, co czyni je trwa\u0142ym rozwi\u0105zaniem do etykietowania. Co wi\u0119cej, tr\u00f3jwymiarowy efekt tych naklejek dodaje atrakcyjnego i charakterystycznego akcentu do opakowania produktu lub oznakowania marki.<\/p>\n<div style=\"width: 1280px;\" class=\"wp-video\"><!--[if lt IE 9]><script>document.createElement('video');<\/script><![endif]--><br \/>\n<video class=\"wp-video-shortcode\" id=\"video-1034-1\" width=\"1280\" height=\"720\" loop autoplay preload=\"metadata\" controls=\"controls\"><source type=\"video\/mp4\" src=\"http:\/\/cmykprinted.com\/wp-content\/uploads\/2022\/12\/Metal-Transfer-Sticker.mp4?_=1\" \/><a href=\"http:\/\/cmykprinted.com\/wp-content\/uploads\/2022\/12\/Metal-Transfer-Sticker.mp4\">http:\/\/cmykprinted.com\/wp-content\/uploads\/2022\/12\/Metal-Transfer-Sticker.mp4<\/a><\/video><\/div>\n<p>&nbsp;<\/p>","protected":false},"featured_media":1035,"template":"","meta":{"_kad_post_transparent":"default","_kad_post_title":"hide","_kad_post_layout":"fullwidth","_kad_post_sidebar_id":"","_kad_post_content_style":"unboxed","_kad_post_vertical_padding":"hide","_kad_post_feature":"hide","_kad_post_feature_position":"","_kad_post_header":false,"_kad_post_footer":false},"product_cat":[101,102],"product_tag":[299,297,298,300],"class_list":{"0":"post-1034","1":"product","2":"type-product","3":"status-publish","4":"has-post-thumbnail","6":"product_cat-transfer-stickers","7":"product_cat-metal-transfer-stickers","8":"product_tag-3d-metal-transfer-stickers","9":"product_tag-custom-metal-transfer-stickers","10":"product_tag-metal-transfer-stickers","11":"product_tag-wholesale-metal-transfer-stickers","13":"first","14":"instock","15":"shipping-taxable","16":"product-type-simple","17":"entry","18":"content-bg","19":"loop-entry"},"_links":{"self":[{"href":"https:\/\/cmykprinted.com\/pl\/wp-json\/wp\/v2\/product\/1034","targetHints":{"allow":["GET"]}}],"collection":[{"href":"https:\/\/cmykprinted.com\/pl\/wp-json\/wp\/v2\/product"}],"about":[{"href":"https:\/\/cmykprinted.com\/pl\/wp-json\/wp\/v2\/types\/product"}],"version-history":[{"count":2,"href":"https:\/\/cmykprinted.com\/pl\/wp-json\/wp\/v2\/product\/1034\/revisions"}],"predecessor-version":[{"id":1042,"href":"https:\/\/cmykprinted.com\/pl\/wp-json\/wp\/v2\/product\/1034\/revisions\/1042"}],"wp:featuredmedia":[{"embeddable":true,"href":"https:\/\/cmykprinted.com\/pl\/wp-json\/wp\/v2\/media\/1035"}],"wp:attachment":[{"href":"https:\/\/cmykprinted.com\/pl\/wp-json\/wp\/v2\/media?parent=1034"}],"wp:term":[{"taxonomy":"product_cat","embeddable":true,"href":"https:\/\/cmykprinted.com\/pl\/wp-json\/wp\/v2\/product_cat?post=1034"},{"taxonomy":"product_tag","embeddable":true,"href":"https:\/\/cmykprinted.com\/pl\/wp-json\/wp\/v2\/product_tag?post=1034"}],"curies":[{"name":"wp","href":"https:\/\/api.w.org\/{rel}","templated":true}]}}