{"id":1043,"date":"2023-02-13T04:54:51","date_gmt":"2023-02-13T04:54:51","guid":{"rendered":"https:\/\/cmykprinted.com\/?post_type=product&#038;p=1043"},"modified":"2023-02-13T05:02:42","modified_gmt":"2023-02-13T05:02:42","slug":"personalized-teardrop-banner-flags-with-full-color-printing","status":"publish","type":"product","link":"https:\/\/cmykprinted.com\/pl\/produkt\/personalized-teardrop-banner-flags-with-full-color-printing\/","title":{"rendered":"Personalizowane flagi w kszta\u0142cie \u0142ezki z nadrukiem w pe\u0142nym kolorze"},"content":{"rendered":"","protected":false},"excerpt":{"rendered":"<p>Flagi w kszta\u0142cie \u0142ezki, powszechnie nazywane flagami w kszta\u0142cie \u0142ezki lub flagami z pi\u00f3r, to du\u017ce flagi w kszta\u0142cie \u0142ezki wykorzystywane do cel\u00f3w reklamowych i marketingowych. Zawieraj\u0105 niestandardowe projekty wykonane w procesie sublimacji barwnika, kt\u00f3ry zapewnia jasn\u0105, wysokiej jako\u015bci grafik\u0119. Flagi s\u0105 mocowane na elastycznym, lekkim maszcie wykonanym z aluminium i w\u0142\u00f3kna szklanego, kt\u00f3ry utrzymuje flag\u0119 napi\u0119t\u0105 nawet przy wietrznej pogodzie. S\u0142up mo\u017cna postawi\u0107 w ziemi lub na stojaku, w zale\u017cno\u015bci od potrzeb i preferencji u\u017cytkownika.<br \/>\nWy\u015bwietlanie flagi w kszta\u0142cie \u0142ezki przed Twoj\u0105 firm\u0105 mo\u017ce by\u0107 skutecznym sposobem na przyci\u0105gni\u0119cie uwagi potencjalnych klient\u00f3w i przechodni\u00f3w. Flagi te przyci\u0105gaj\u0105 wzrok i mog\u0105 skutecznie promowa\u0107 Twoj\u0105 firm\u0119 i jej ofert\u0119. S\u0105 r\u00f3wnie\u017c wszechstronne i mog\u0105 by\u0107 u\u017cywane w r\u00f3\u017cnych miejscach, takich jak targi, imprezy plenerowe i witryny sklepowe. Wybieraj\u0105c niestandardowy projekt, kt\u00f3ry dok\u0142adnie reprezentuje mark\u0119 i przekaz Twojej firmy, mo\u017cesz skutecznie przekaza\u0107 sw\u00f3j przekaz i wywrze\u0107 trwa\u0142e wra\u017cenie na docelowych odbiorcach.<\/p>\n<div style=\"width: 1280px;\" class=\"wp-video\"><!--[if lt IE 9]><script>document.createElement('video');<\/script><![endif]--><br \/>\n<video class=\"wp-video-shortcode\" id=\"video-1043-1\" width=\"1280\" height=\"720\" loop autoplay preload=\"metadata\" controls=\"controls\"><source type=\"video\/mp4\" src=\"http:\/\/cmykprinted.com\/wp-content\/uploads\/2022\/12\/Beach-Teardrop-Flags-Banner.mp4?_=1\" \/><a href=\"http:\/\/cmykprinted.com\/wp-content\/uploads\/2022\/12\/Beach-Teardrop-Flags-Banner.mp4\">http:\/\/cmykprinted.com\/wp-content\/uploads\/2022\/12\/Beach-Teardrop-Flags-Banner.mp4<\/a><\/video><\/div>","protected":false},"featured_media":1044,"template":"","meta":{"_kad_post_transparent":"default","_kad_post_title":"hide","_kad_post_layout":"fullwidth","_kad_post_sidebar_id":"","_kad_post_content_style":"unboxed","_kad_post_vertical_padding":"hide","_kad_post_feature":"hide","_kad_post_feature_position":"","_kad_post_header":false,"_kad_post_footer":false},"product_cat":[64,67],"product_tag":[255,301,302,303,178],"class_list":{"0":"post-1043","1":"product","2":"type-product","3":"status-publish","4":"has-post-thumbnail","6":"product_cat-beach-flags","7":"product_cat-teardrop-flags-banners","8":"product_tag-personalized-teardrop-flags","9":"product_tag-teardrop-banner-flags","10":"product_tag-teardrop-banners","11":"product_tag-teardrop-flag-banners","12":"product_tag-teardrop-flags","14":"first","15":"instock","16":"shipping-taxable","17":"product-type-simple","18":"entry","19":"content-bg","20":"loop-entry"},"_links":{"self":[{"href":"https:\/\/cmykprinted.com\/pl\/wp-json\/wp\/v2\/product\/1043","targetHints":{"allow":["GET"]}}],"collection":[{"href":"https:\/\/cmykprinted.com\/pl\/wp-json\/wp\/v2\/product"}],"about":[{"href":"https:\/\/cmykprinted.com\/pl\/wp-json\/wp\/v2\/types\/product"}],"version-history":[{"count":2,"href":"https:\/\/cmykprinted.com\/pl\/wp-json\/wp\/v2\/product\/1043\/revisions"}],"predecessor-version":[{"id":1051,"href":"https:\/\/cmykprinted.com\/pl\/wp-json\/wp\/v2\/product\/1043\/revisions\/1051"}],"wp:featuredmedia":[{"embeddable":true,"href":"https:\/\/cmykprinted.com\/pl\/wp-json\/wp\/v2\/media\/1044"}],"wp:attachment":[{"href":"https:\/\/cmykprinted.com\/pl\/wp-json\/wp\/v2\/media?parent=1043"}],"wp:term":[{"taxonomy":"product_cat","embeddable":true,"href":"https:\/\/cmykprinted.com\/pl\/wp-json\/wp\/v2\/product_cat?post=1043"},{"taxonomy":"product_tag","embeddable":true,"href":"https:\/\/cmykprinted.com\/pl\/wp-json\/wp\/v2\/product_tag?post=1043"}],"curies":[{"name":"wp","href":"https:\/\/api.w.org\/{rel}","templated":true}]}}