{"id":1052,"date":"2023-02-13T07:20:10","date_gmt":"2023-02-13T07:20:10","guid":{"rendered":"https:\/\/cmykprinted.com\/?post_type=product&#038;p=1052"},"modified":"2023-02-13T07:26:04","modified_gmt":"2023-02-13T07:26:04","slug":"50mm-hexagonal-aluminum-10x20ft-pop-up-canopies-tents","status":"publish","type":"product","link":"https:\/\/cmykprinted.com\/pl\/produkt\/50mm-hexagonal-aluminum-10x20ft-pop-up-canopies-tents\/","title":{"rendered":"50mm sze\u015bciok\u0105tne aluminiowe namioty pop-up 10x20ft"},"content":{"rendered":"","protected":false},"excerpt":{"rendered":"<p>Wysuwany baldachim o wymiarach 10x20 st\u00f3p z aluminiow\u0105 ram\u0105 to idealny wyb\u00f3r, aby z\u0142o\u017cy\u0107 o\u015bwiadczenie na stoisku targowym lub targach. Rama zosta\u0142a zaprojektowana tak, aby imponowa\u0107 sze\u015bciok\u0105tn\u0105 aluminiow\u0105 nog\u0105 zewn\u0119trzn\u0105 o wymiarach 50 x 50 mm i grubo\u015bci 1,8 mm. Dzi\u0119ki pi\u0119ciu pozycjom wysoko\u015bci w odst\u0119pach co 7,5 cm zapewnia stabilno\u015b\u0107 podczas d\u0142ugotrwa\u0142ego u\u017cytkowania.<br \/>\nRozk\u0142adanie i rozk\u0142adanie baldachimu jest \u0142atwe dzi\u0119ki sk\u0142adanej aluminiowej ramie i braku lu\u017anych cz\u0119\u015bci. Regulowane n\u00f3\u017cki za pomoc\u0105 przycisk\u00f3w i ponadwymiarowe ko\u0142ki poci\u0105gowe w g\u00f3rnych rogach sprawiaj\u0105, \u017ce konfiguracja jest dziecinnie prosta i nie wymaga u\u017cycia \u017cadnych narz\u0119dzi. Pakiet zawiera komercyjn\u0105 aluminiow\u0105 ram\u0119 rozk\u0142adanego baldachimu, kt\u00f3ry mo\u017ce by\u0107 \u0142atwo zmontowany przez jedn\u0105 lub dwie osoby w ci\u0105gu kilku minut, bez u\u017cycia narz\u0119dzi.<br \/>\nTen baldachim jest obj\u0119ty roczn\u0105 gwarancj\u0105 i do\u017cywotni\u0105 dostaw\u0105 akcesori\u00f3w i cz\u0119\u015bci. Je\u015bli potrzebujesz niestandardowej pracy, jeste\u015bmy tutaj, aby pom\u00f3c. Gwarantujemy satysfakcj\u0119 100% i b\u0119dziemy pracowa\u0107 nad rozwi\u0105zaniem wszelkich problem\u00f3w.<br \/>\nTen wszechstronny baldachim nadaje si\u0119 do szerokiej gamy imprez plenerowych, takich jak imprezy, targi, imprezy sportowe, pikniki, grille i inne. Mo\u017ce by\u0107 r\u00f3wnie\u017c stosowany w obszarach komercyjnych, pla\u017cach, placach zabaw, podw\u00f3rkach, ogrodach, farmach i innych miejscach na zewn\u0105trz, a tak\u017ce w pomieszczeniach, takich jak du\u017ce sale gimnastyczne. Dzi\u0119ki wysokiej jako\u015bci mo\u017cesz by\u0107 pewien jego d\u0142ugowieczno\u015bci i trwa\u0142o\u015bci. Je\u015bli masz jakiekolwiek w\u0105tpliwo\u015bci dotycz\u0105ce jako\u015bci w ci\u0105gu pierwszego roku, po prostu skontaktuj si\u0119 z nami. Nasza gwarancja satysfakcji 100% gwarantuje, \u017ce b\u0119dziemy pracowa\u0107 nad rozwi\u0105zaniem wszelkich problem\u00f3w.<\/p>\n<div style=\"width: 1280px;\" class=\"wp-video\"><!--[if lt IE 9]><script>document.createElement('video');<\/script><![endif]--><br \/>\n<video class=\"wp-video-shortcode\" id=\"video-1052-1\" width=\"1280\" height=\"720\" loop autoplay preload=\"auto\" controls=\"controls\"><source type=\"video\/mp4\" src=\"http:\/\/cmykprinted.com\/wp-content\/uploads\/2022\/12\/10x15ft-Pop-up-Tent.mp4?_=1\" \/><a href=\"http:\/\/cmykprinted.com\/wp-content\/uploads\/2022\/12\/10x15ft-Pop-up-Tent.mp4\">http:\/\/cmykprinted.com\/wp-content\/uploads\/2022\/12\/10x15ft-Pop-up-Tent.mp4<\/a><\/video><\/div>","protected":false},"featured_media":1053,"template":"","meta":{"_kad_post_transparent":"default","_kad_post_title":"hide","_kad_post_layout":"fullwidth","_kad_post_sidebar_id":"","_kad_post_content_style":"unboxed","_kad_post_vertical_padding":"hide","_kad_post_feature":"hide","_kad_post_feature_position":"","_kad_post_header":false,"_kad_post_footer":false},"product_cat":[68,77,74],"product_tag":[279,208,282,306,305,281,304,280],"class_list":{"0":"post-1052","1":"product","2":"type-product","3":"status-publish","4":"has-post-thumbnail","6":"product_cat-custom-canopy-tents","7":"product_cat-10x20ft-pop-up-canopies-50mm-heavy-duty-hexagon-aluminum-tents-custom-canopy-tents","8":"product_cat-50mm-heavy-duty-hexagon-aluminum-tents","9":"product_tag-10x15ft-hexagonal-pop-up-canopy-tent","10":"product_tag-10x20ft-pop-up-canopies","11":"product_tag-50mm-hexagonal-pop-up-canopy","12":"product_tag-50mm-hexagonal-pop-up-canopies","13":"product_tag-aluminum-canopies-pop-up-canopies","14":"product_tag-aluminum-frame-pop-up-canopy-tent","15":"product_tag-hexagonal-aluminum-canopies","16":"product_tag-hexagonal-pop-up-canopy-tent","18":"first","19":"instock","20":"shipping-taxable","21":"product-type-simple","22":"entry","23":"content-bg","24":"loop-entry"},"_links":{"self":[{"href":"https:\/\/cmykprinted.com\/pl\/wp-json\/wp\/v2\/product\/1052","targetHints":{"allow":["GET"]}}],"collection":[{"href":"https:\/\/cmykprinted.com\/pl\/wp-json\/wp\/v2\/product"}],"about":[{"href":"https:\/\/cmykprinted.com\/pl\/wp-json\/wp\/v2\/types\/product"}],"version-history":[{"count":2,"href":"https:\/\/cmykprinted.com\/pl\/wp-json\/wp\/v2\/product\/1052\/revisions"}],"predecessor-version":[{"id":1059,"href":"https:\/\/cmykprinted.com\/pl\/wp-json\/wp\/v2\/product\/1052\/revisions\/1059"}],"wp:featuredmedia":[{"embeddable":true,"href":"https:\/\/cmykprinted.com\/pl\/wp-json\/wp\/v2\/media\/1053"}],"wp:attachment":[{"href":"https:\/\/cmykprinted.com\/pl\/wp-json\/wp\/v2\/media?parent=1052"}],"wp:term":[{"taxonomy":"product_cat","embeddable":true,"href":"https:\/\/cmykprinted.com\/pl\/wp-json\/wp\/v2\/product_cat?post=1052"},{"taxonomy":"product_tag","embeddable":true,"href":"https:\/\/cmykprinted.com\/pl\/wp-json\/wp\/v2\/product_tag?post=1052"}],"curies":[{"name":"wp","href":"https:\/\/api.w.org\/{rel}","templated":true}]}}