{"id":1060,"date":"2023-02-13T07:46:21","date_gmt":"2023-02-13T07:46:21","guid":{"rendered":"https:\/\/cmykprinted.com\/?post_type=product&#038;p=1060"},"modified":"2023-02-13T07:55:50","modified_gmt":"2023-02-13T07:55:50","slug":"custom-printed-exhibit-fitted-table-cover-fitted-tablecloth","status":"publish","type":"product","link":"https:\/\/cmykprinted.com\/pl\/produkt\/custom-printed-exhibit-fitted-table-cover-fitted-tablecloth\/","title":{"rendered":"Spersonalizowany nadruk na dopasowany obrus na st\u00f3\u0142 wystawowy Dopasowany obrus na st\u00f3\u0142"},"content":{"rendered":"","protected":false},"excerpt":{"rendered":"<p>Dopasowany pokrowiec na st\u00f3\u0142 zosta\u0142 zaprojektowany z precyzj\u0105, aby pasowa\u0142 do prostok\u0105tnych sto\u0142\u00f3w o wymiarach 72 cali d\u0142ugo\u015bci, 30 cali szeroko\u015bci i 30 cali wysoko\u015bci, niezale\u017cnie od tego, czy jest to st\u00f3\u0142 sk\u0142adany, czy bankietowy. Ten wszechstronny prostok\u0105tny obrus jest idealny na imprezy takie jak wesela, urodziny, prysznice, pr\u00f3by obiadowe, a nawet spotkania rodzinne. Wykonany z najwy\u017cszej jako\u015bci elastycznego poliestru, ten dopasowany obrus ze spandeksu o d\u0142ugo\u015bci 6 st\u00f3p jest trwa\u0142y i ma trwa\u0142\u0105 konstrukcj\u0119 odporn\u0105 na zmarszczki i plamy. Dodatkowo ten obrus mo\u017cna pra\u0107 wielokrotnie, co czyni go op\u0142acaln\u0105 opcj\u0105 dla organizator\u00f3w imprez lub w\u0142a\u015bcicieli dom\u00f3w. Podnie\u015b poziom nakrycia sto\u0142u dzi\u0119ki stylowemu i praktycznemu dodatkowi naszego pokrowca na st\u00f3\u0142 ze spandeksu, kt\u00f3ry nadaje si\u0119 zar\u00f3wno na oficjalne, jak i nieformalne imprezy.<\/p>\n<div style=\"width: 1290px;\" class=\"wp-video\"><!--[if lt IE 9]><script>document.createElement('video');<\/script><![endif]--><br \/>\n<video class=\"wp-video-shortcode\" id=\"video-1060-1\" width=\"1290\" height=\"726\" loop autoplay preload=\"auto\" controls=\"controls\"><source type=\"video\/mp4\" src=\"http:\/\/cmykprinted.com\/wp-content\/uploads\/2023\/02\/Fitted-Table-Cover.mp4?_=1\" \/><a href=\"http:\/\/cmykprinted.com\/wp-content\/uploads\/2023\/02\/Fitted-Table-Cover.mp4\">http:\/\/cmykprinted.com\/wp-content\/uploads\/2023\/02\/Fitted-Table-Cover.mp4<\/a><\/video><\/div>","protected":false},"featured_media":1061,"template":"","meta":{"_kad_post_transparent":"default","_kad_post_title":"hide","_kad_post_layout":"fullwidth","_kad_post_sidebar_id":"","_kad_post_content_style":"unboxed","_kad_post_vertical_padding":"hide","_kad_post_feature":"hide","_kad_post_feature_position":"","_kad_post_header":false,"_kad_post_footer":false},"product_cat":[80,81,83],"product_tag":[157,307,308,185,265],"class_list":{"0":"post-1060","1":"product","2":"type-product","3":"status-publish","4":"has-post-thumbnail","6":"product_cat-custom-tablecloth","7":"product_cat-custom-stretch-tablecloth","8":"product_cat-fitted-table-cover","9":"product_tag-custom-table-cover","10":"product_tag-exhibit-table-cover","11":"product_tag-exhibit-table-tablecloth","12":"product_tag-fitted-table-cover","13":"product_tag-fitted-tablecloth","15":"first","16":"instock","17":"shipping-taxable","18":"product-type-simple","19":"entry","20":"content-bg","21":"loop-entry"},"_links":{"self":[{"href":"https:\/\/cmykprinted.com\/pl\/wp-json\/wp\/v2\/product\/1060","targetHints":{"allow":["GET"]}}],"collection":[{"href":"https:\/\/cmykprinted.com\/pl\/wp-json\/wp\/v2\/product"}],"about":[{"href":"https:\/\/cmykprinted.com\/pl\/wp-json\/wp\/v2\/types\/product"}],"version-history":[{"count":1,"href":"https:\/\/cmykprinted.com\/pl\/wp-json\/wp\/v2\/product\/1060\/revisions"}],"predecessor-version":[{"id":1068,"href":"https:\/\/cmykprinted.com\/pl\/wp-json\/wp\/v2\/product\/1060\/revisions\/1068"}],"wp:featuredmedia":[{"embeddable":true,"href":"https:\/\/cmykprinted.com\/pl\/wp-json\/wp\/v2\/media\/1061"}],"wp:attachment":[{"href":"https:\/\/cmykprinted.com\/pl\/wp-json\/wp\/v2\/media?parent=1060"}],"wp:term":[{"taxonomy":"product_cat","embeddable":true,"href":"https:\/\/cmykprinted.com\/pl\/wp-json\/wp\/v2\/product_cat?post=1060"},{"taxonomy":"product_tag","embeddable":true,"href":"https:\/\/cmykprinted.com\/pl\/wp-json\/wp\/v2\/product_tag?post=1060"}],"curies":[{"name":"wp","href":"https:\/\/api.w.org\/{rel}","templated":true}]}}