{"id":1069,"date":"2023-02-13T13:14:04","date_gmt":"2023-02-13T13:14:04","guid":{"rendered":"https:\/\/cmykprinted.com\/?post_type=product&#038;p=1069"},"modified":"2023-02-13T13:33:15","modified_gmt":"2023-02-13T13:33:15","slug":"heavy-duty-premium-custom-pvc-banner-with-hanging-grommets","status":"publish","type":"product","link":"https:\/\/cmykprinted.com\/pl\/produkt\/heavy-duty-premium-custom-pvc-banner-with-hanging-grommets\/","title":{"rendered":"Wytrzyma\u0142y, niestandardowy baner PCV premium z wisz\u0105cymi przelotkami"},"content":{"rendered":"","protected":false},"excerpt":{"rendered":"<p>Je\u015bli szukasz niezawodnego i trwa\u0142ego rozwi\u0105zania reklamowego dla swojej firmy, rozwa\u017c nasze niestandardowe banery PVC. Wykonane z wytrzyma\u0142ego, elastycznego materia\u0142u PVC, banery te zapewniaj\u0105 doskona\u0142\u0105 odporno\u015b\u0107 i trwa\u0142o\u015b\u0107 na trudne warunki zewn\u0119trzne, dzi\u0119ki czemu idealnie nadaj\u0105 si\u0119 do u\u017cytku na zewn\u0105trz.<br \/>\nNiezale\u017cnie od tego, czy chcesz wypromowa\u0107 wydarzenie, zaprezentowa\u0107 swoje produkty lub us\u0142ugi, czy po prostu podzieli\u0107 si\u0119 wa\u017cnymi informacjami z odbiorcami, nasze niestandardowe banery PVC to skuteczny i ekonomiczny wyb\u00f3r. Ich trwa\u0142y charakter pozwala im wytrzyma\u0107 \u017cywio\u0142y i zapewni\u0107 d\u0142ugotrwa\u0142\u0105 obs\u0142ug\u0119, dzi\u0119ki czemu mo\u017cna je ponownie wykorzysta\u0107 w razie potrzeby.<br \/>\nJedn\u0105 z zalet korzystania z niestandardowych baner\u00f3w PVC jest to, \u017ce mog\u0105 one pom\u00f3c obni\u017cy\u0107 og\u00f3lne wydatki na reklam\u0119. Ich trwa\u0142o\u015b\u0107 i trwa\u0142o\u015b\u0107 oznacza, \u017ce nie b\u0119dziesz musia\u0142 martwi\u0107 si\u0119 cz\u0119stymi zakupami lub wymian\u0105, oszcz\u0119dzaj\u0105c czas i pieni\u0105dze w d\u0142u\u017cszej perspektywie, a jednocze\u015bnie zapewniaj\u0105c, \u017ce Twoje banery pozostan\u0105 w doskona\u0142ym stanie i b\u0119d\u0105 nadal skutecznie promowa\u0107 Twoj\u0105 firm\u0119.<br \/>\nPodsumowuj\u0105c, niestandardowe banery PVC to niezawodna i op\u0142acalna opcja reklamy Twojej firmy na zewn\u0105trz. Ich solidny materia\u0142 i trwa\u0142a konstrukcja sprawiaj\u0105, \u017ce nadaj\u0105 si\u0119 do d\u0142ugotrwa\u0142ego u\u017cytkowania, pomagaj\u0105c osi\u0105gn\u0105\u0107 cele reklamowe, jednocze\u015bnie oszcz\u0119dzaj\u0105c pieni\u0105dze.<\/p>\n<div style=\"width: 1280px;\" class=\"wp-video\"><!--[if lt IE 9]><script>document.createElement('video');<\/script><![endif]--><br \/>\n<video class=\"wp-video-shortcode\" id=\"video-1069-1\" width=\"1280\" height=\"720\" loop autoplay preload=\"metadata\" controls=\"controls\"><source type=\"video\/mp4\" src=\"http:\/\/cmykprinted.com\/wp-content\/uploads\/2022\/12\/PVC-Mesh-Banner.mp4?_=1\" \/><a href=\"http:\/\/cmykprinted.com\/wp-content\/uploads\/2022\/12\/PVC-Mesh-Banner.mp4\">http:\/\/cmykprinted.com\/wp-content\/uploads\/2022\/12\/PVC-Mesh-Banner.mp4<\/a><\/video><\/div>","protected":false},"featured_media":1070,"template":"","meta":{"_kad_post_transparent":"default","_kad_post_title":"hide","_kad_post_layout":"fullwidth","_kad_post_sidebar_id":"","_kad_post_content_style":"unboxed","_kad_post_vertical_padding":"hide","_kad_post_feature":"hide","_kad_post_feature_position":"","_kad_post_header":false,"_kad_post_footer":false},"product_cat":[85,90,91,89,88],"product_tag":[310,309,311,312],"class_list":{"0":"post-1069","1":"product","2":"type-product","3":"status-publish","4":"has-post-thumbnail","6":"product_cat-outdoor-vinyl-banners","7":"product_cat-glossy-pvc-banners","8":"product_cat-matte-vinyl-banners","9":"product_cat-pvc-banners","10":"product_cat-pvc-mesh-banners","11":"product_tag-banner-with-hanging-grommets","12":"product_tag-custom-pvc-banner","13":"product_tag-heavy-duty-pvc-banner","14":"product_tag-premium-pvc-banner","16":"first","17":"instock","18":"shipping-taxable","19":"product-type-simple","20":"entry","21":"content-bg","22":"loop-entry"},"_links":{"self":[{"href":"https:\/\/cmykprinted.com\/pl\/wp-json\/wp\/v2\/product\/1069","targetHints":{"allow":["GET"]}}],"collection":[{"href":"https:\/\/cmykprinted.com\/pl\/wp-json\/wp\/v2\/product"}],"about":[{"href":"https:\/\/cmykprinted.com\/pl\/wp-json\/wp\/v2\/types\/product"}],"version-history":[{"count":2,"href":"https:\/\/cmykprinted.com\/pl\/wp-json\/wp\/v2\/product\/1069\/revisions"}],"predecessor-version":[{"id":1077,"href":"https:\/\/cmykprinted.com\/pl\/wp-json\/wp\/v2\/product\/1069\/revisions\/1077"}],"wp:featuredmedia":[{"embeddable":true,"href":"https:\/\/cmykprinted.com\/pl\/wp-json\/wp\/v2\/media\/1070"}],"wp:attachment":[{"href":"https:\/\/cmykprinted.com\/pl\/wp-json\/wp\/v2\/media?parent=1069"}],"wp:term":[{"taxonomy":"product_cat","embeddable":true,"href":"https:\/\/cmykprinted.com\/pl\/wp-json\/wp\/v2\/product_cat?post=1069"},{"taxonomy":"product_tag","embeddable":true,"href":"https:\/\/cmykprinted.com\/pl\/wp-json\/wp\/v2\/product_tag?post=1069"}],"curies":[{"name":"wp","href":"https:\/\/api.w.org\/{rel}","templated":true}]}}