{"id":1078,"date":"2023-02-13T14:09:55","date_gmt":"2023-02-13T14:09:55","guid":{"rendered":"https:\/\/cmykprinted.com\/?post_type=product&#038;p=1078"},"modified":"2023-02-13T14:16:32","modified_gmt":"2023-02-13T14:16:32","slug":"personalized-triangle-pop-out-banner-custom-pop-up-signs","status":"publish","type":"product","link":"https:\/\/cmykprinted.com\/pl\/produkt\/personalized-triangle-pop-out-banner-custom-pop-up-signs\/","title":{"rendered":"Spersonalizowany tr\u00f3jk\u0105tny baner typu pop-out, niestandardowe znaki typu pop-up"},"content":{"rendered":"","protected":false},"excerpt":{"rendered":"<p>Tr\u00f3jk\u0105tne wysuwane banery oferuj\u0105 szykowny i skuteczny spos\u00f3b promowania Twojej marki lub firmy. Ich \u0142atwa w monta\u017cu konstrukcja, wykonana z lekkiej i wytrzyma\u0142ej tkaniny brzoskwiniowej, sprawia, \u017ce idealnie nadaj\u0105 si\u0119 na targi, imprezy i konferencje. Dzi\u0119ki do\u0142\u0105czonej torbie do przechowywania i transportu banery te s\u0105 nie tylko wygodne w u\u017cyciu, ale tak\u017ce gwarantuj\u0105 przyci\u0105gni\u0119cie uwagi docelowych odbiorc\u00f3w. Niezale\u017cnie od tego, czy og\u0142aszasz nowy produkt, wyprzeda\u017c, czy zbli\u017caj\u0105ce si\u0119 wydarzenie, te banery b\u0119d\u0105 mia\u0142y trwa\u0142y wp\u0142yw, zar\u00f3wno wewn\u0105trz, jak i na zewn\u0105trz, dzi\u0119ki spr\u0119\u017cynowej metalowej stali i ko\u0142kom.<br \/>\nPrzenie\u015b swoj\u0105 reklam\u0119 na wy\u017cszy poziom dzi\u0119ki wyskakuj\u0105cemu banerowi w kszta\u0142cie tr\u00f3jk\u0105ta. Prosta instrukcja instalacji zawiera wszystkie narz\u0119dzia potrzebne do \u0142atwego monta\u017cu i demonta\u017cu banera. Z\u0142\u00f3\u017c o\u015bwiadczenie na nast\u0119pnym wydarzeniu lub konferencji, inwestuj\u0105c ju\u017c dzi\u015b w wyskakuj\u0105cy baner.<\/p>\n<div style=\"width: 1280px;\" class=\"wp-video\"><!--[if lt IE 9]><script>document.createElement('video');<\/script><![endif]--><br \/>\n<video class=\"wp-video-shortcode\" id=\"video-1078-1\" width=\"1280\" height=\"720\" loop autoplay preload=\"metadata\" controls=\"controls\"><source type=\"video\/mp4\" src=\"http:\/\/cmykprinted.com\/wp-content\/uploads\/2022\/12\/Triangle-Pop-Up-Banners.mp4?_=1\" \/><a href=\"http:\/\/cmykprinted.com\/wp-content\/uploads\/2022\/12\/Triangle-Pop-Up-Banners.mp4\">http:\/\/cmykprinted.com\/wp-content\/uploads\/2022\/12\/Triangle-Pop-Up-Banners.mp4<\/a><\/video><\/div>","protected":false},"featured_media":1079,"template":"","meta":{"_kad_post_transparent":"default","_kad_post_title":"hide","_kad_post_layout":"fullwidth","_kad_post_sidebar_id":"","_kad_post_content_style":"unboxed","_kad_post_vertical_padding":"hide","_kad_post_feature":"hide","_kad_post_feature_position":"","_kad_post_header":false,"_kad_post_footer":false},"product_cat":[92,95],"product_tag":[314,315,313,316],"class_list":{"0":"post-1078","1":"product","2":"type-product","3":"status-publish","4":"has-post-thumbnail","6":"product_cat-pop-up-banners","7":"product_cat-triangle-pop-up-banners","8":"product_tag-custom-pop-up-signs","9":"product_tag-personalized-pop-up-signs","10":"product_tag-triangle-pop-out-banner","11":"product_tag-triangle-pop-up-signs","13":"first","14":"instock","15":"shipping-taxable","16":"product-type-simple","17":"entry","18":"content-bg","19":"loop-entry"},"_links":{"self":[{"href":"https:\/\/cmykprinted.com\/pl\/wp-json\/wp\/v2\/product\/1078","targetHints":{"allow":["GET"]}}],"collection":[{"href":"https:\/\/cmykprinted.com\/pl\/wp-json\/wp\/v2\/product"}],"about":[{"href":"https:\/\/cmykprinted.com\/pl\/wp-json\/wp\/v2\/types\/product"}],"version-history":[{"count":2,"href":"https:\/\/cmykprinted.com\/pl\/wp-json\/wp\/v2\/product\/1078\/revisions"}],"predecessor-version":[{"id":1086,"href":"https:\/\/cmykprinted.com\/pl\/wp-json\/wp\/v2\/product\/1078\/revisions\/1086"}],"wp:featuredmedia":[{"embeddable":true,"href":"https:\/\/cmykprinted.com\/pl\/wp-json\/wp\/v2\/media\/1079"}],"wp:attachment":[{"href":"https:\/\/cmykprinted.com\/pl\/wp-json\/wp\/v2\/media?parent=1078"}],"wp:term":[{"taxonomy":"product_cat","embeddable":true,"href":"https:\/\/cmykprinted.com\/pl\/wp-json\/wp\/v2\/product_cat?post=1078"},{"taxonomy":"product_tag","embeddable":true,"href":"https:\/\/cmykprinted.com\/pl\/wp-json\/wp\/v2\/product_tag?post=1078"}],"curies":[{"name":"wp","href":"https:\/\/api.w.org\/{rel}","templated":true}]}}