{"id":1087,"date":"2023-02-13T14:33:36","date_gmt":"2023-02-13T14:33:36","guid":{"rendered":"https:\/\/cmykprinted.com\/?post_type=product&#038;p=1087"},"modified":"2023-02-13T14:45:30","modified_gmt":"2023-02-13T14:45:30","slug":"tension-fabric-displays-backdrops-for-trade-shows-and-events","status":"publish","type":"product","link":"https:\/\/cmykprinted.com\/pl\/produkt\/tension-fabric-displays-backdrops-for-trade-shows-and-events\/","title":{"rendered":"Tkanina napinana wy\u015bwietla t\u0142a dla targ\u00f3w i wydarze\u0144"},"content":{"rendered":"","protected":false},"excerpt":{"rendered":"<p>Ekspozytory z tkaniny napinanej s\u0105 popularnym wyborem na stoiska targowe i eksponaty na specjalne okazje, poniewa\u017c s\u0105 lekkie, \u0142atwe w konfiguracji i zapewniaj\u0105 czysty i nowoczesny wygl\u0105d Twojej marki. Ekspozytory te wykorzystuj\u0105 dopasowan\u0105 os\u0142on\u0119 z tkaniny, na kt\u00f3rej nadrukowana jest Twoja grafika, rozci\u0105gni\u0119ta na lekkiej ramie, aby stworzy\u0107 r\u00f3\u017cnorodne konfiguracje. Niekt\u00f3re popularne rodzaje wy\u015bwietlaczy z tkanin napinanych obejmuj\u0105 stojaki na banery, wy\u015bwietlacze pop-up i wisz\u0105ce banery. Systemy te oferuj\u0105 szeroki zakres opcji dostosowywania do indywidualnych potrzeb marketingowych i mo\u017cna je \u0142atwo zdemontowa\u0107 i przetransportowa\u0107 na r\u00f3\u017cne wydarzenia. Ekspozytory z tkaniny napinanej mog\u0105 by\u0107 skutecznym sposobem na zaprezentowanie Twojej marki i przes\u0142ania w profesjonalny i atrakcyjny wizualnie spos\u00f3b.<\/p>\n<div style=\"width: 1290px;\" class=\"wp-video\"><!--[if lt IE 9]><script>document.createElement('video');<\/script><![endif]--><br \/>\n<video class=\"wp-video-shortcode\" id=\"video-1087-1\" width=\"1290\" height=\"726\" loop autoplay preload=\"auto\" controls=\"controls\"><source type=\"video\/mp4\" src=\"http:\/\/cmykprinted.com\/wp-content\/uploads\/2022\/12\/Tension-Fabric-Displays.mp4?_=1\" \/><a href=\"http:\/\/cmykprinted.com\/wp-content\/uploads\/2022\/12\/Tension-Fabric-Displays.mp4\">http:\/\/cmykprinted.com\/wp-content\/uploads\/2022\/12\/Tension-Fabric-Displays.mp4<\/a><\/video><\/div>\n<p>&nbsp;<\/p>","protected":false},"featured_media":1088,"template":"","meta":{"_kad_post_transparent":"default","_kad_post_title":"hide","_kad_post_layout":"fullwidth","_kad_post_sidebar_id":"","_kad_post_content_style":"unboxed","_kad_post_vertical_padding":"hide","_kad_post_feature":"hide","_kad_post_feature_position":"","_kad_post_header":false,"_kad_post_footer":false},"product_cat":[97,99],"product_tag":[320,317,134,318,319],"class_list":{"0":"post-1087","1":"product","2":"type-product","3":"status-publish","4":"has-post-thumbnail","6":"product_cat-tension-fabric-displays","7":"product_cat-custom-fabric-displays","8":"product_tag-events-fabric-displays","9":"product_tag-tension-fabric-backdrops","10":"product_tag-tension-fabric-displays","11":"product_tag-trade-shows-fabric-backdrops","12":"product_tag-trade-shows-fabric-displays","14":"first","15":"instock","16":"shipping-taxable","17":"product-type-simple","18":"entry","19":"content-bg","20":"loop-entry"},"_links":{"self":[{"href":"https:\/\/cmykprinted.com\/pl\/wp-json\/wp\/v2\/product\/1087","targetHints":{"allow":["GET"]}}],"collection":[{"href":"https:\/\/cmykprinted.com\/pl\/wp-json\/wp\/v2\/product"}],"about":[{"href":"https:\/\/cmykprinted.com\/pl\/wp-json\/wp\/v2\/types\/product"}],"version-history":[{"count":1,"href":"https:\/\/cmykprinted.com\/pl\/wp-json\/wp\/v2\/product\/1087\/revisions"}],"predecessor-version":[{"id":1094,"href":"https:\/\/cmykprinted.com\/pl\/wp-json\/wp\/v2\/product\/1087\/revisions\/1094"}],"wp:featuredmedia":[{"embeddable":true,"href":"https:\/\/cmykprinted.com\/pl\/wp-json\/wp\/v2\/media\/1088"}],"wp:attachment":[{"href":"https:\/\/cmykprinted.com\/pl\/wp-json\/wp\/v2\/media?parent=1087"}],"wp:term":[{"taxonomy":"product_cat","embeddable":true,"href":"https:\/\/cmykprinted.com\/pl\/wp-json\/wp\/v2\/product_cat?post=1087"},{"taxonomy":"product_tag","embeddable":true,"href":"https:\/\/cmykprinted.com\/pl\/wp-json\/wp\/v2\/product_tag?post=1087"}],"curies":[{"name":"wp","href":"https:\/\/api.w.org\/{rel}","templated":true}]}}