{"id":1104,"date":"2023-02-13T15:48:44","date_gmt":"2023-02-13T15:48:44","guid":{"rendered":"https:\/\/cmykprinted.com\/?post_type=product&#038;p=1104"},"modified":"2023-02-13T15:54:13","modified_gmt":"2023-02-13T15:54:13","slug":"low-price-custom-feather-flags-for-indoor-and-outdoor-use","status":"publish","type":"product","link":"https:\/\/cmykprinted.com\/pl\/produkt\/low-price-custom-feather-flags-for-indoor-and-outdoor-use\/","title":{"rendered":"Niestandardowe flagi pi\u00f3rkowe w niskiej cenie do u\u017cytku wewn\u0105trz i na zewn\u0105trz"},"content":{"rendered":"","protected":false},"excerpt":{"rendered":"<p>Niestandardowe flagi z pi\u00f3r s\u0105 skutecznym narz\u0119dziem reklamowym dla firm i organizacji, kt\u00f3re wymagaj\u0105 \u0142atwego sposobu promowania swojej marki lub przes\u0142ania. Flagi te s\u0105 \u0142atwe do ustawienia i mo\u017cna je umie\u015bci\u0107 w dowolnym miejscu, co czyni je praktycznym rozwi\u0105zaniem. Maszt flagowy z pi\u00f3r jest wykonany z trwa\u0142ych materia\u0142\u00f3w, takich jak aluminium i w\u0142\u00f3kno szklane, dzi\u0119ki czemu pozostaje w pozycji pionowej nawet w wietrznych warunkach i niesprzyjaj\u0105cej pogodzie. Sama flaga jest wydrukowana na wysokiej jako\u015bci tkaninie poliestrowej o gramaturze 115 g\/m2, kt\u00f3ra zapewnia wsp\u00f3\u0142czynnik odbicia bliski 100% na odwrocie, dzi\u0119ki czemu flaga jest dobrze widoczna i czytelna z du\u017cej odleg\u0142o\u015bci.<br \/>\nOpr\u00f3cz trwa\u0142o\u015bci i widoczno\u015bci niestandardowe flagi z pi\u00f3r s\u0105 r\u00f3wnie\u017c wygodne w transporcie i zajmuj\u0105 niewiele miejsca. Mo\u017cna je \u0142atwo przenosi\u0107 z miejsca na miejsce i ustawia\u0107 na dowolnej powierzchni przy u\u017cyciu r\u00f3\u017cnych opcji bazowych.<br \/>\nPodsumowuj\u0105c, niestandardowe flagi z pi\u00f3r to elastyczna i skuteczna metoda promowania Twojej marki lub przes\u0142ania. Dzi\u0119ki \u0142atwemu monta\u017cowi, solidno\u015bci i dobrej widoczno\u015bci s\u0105 idealnym wyborem dla ka\u017cdej firmy lub organizacji, kt\u00f3ra chce przyci\u0105gn\u0105\u0107 uwag\u0119.<\/p>\n<div style=\"width: 1280px;\" class=\"wp-video\"><!--[if lt IE 9]><script>document.createElement('video');<\/script><![endif]--><br \/>\n<video class=\"wp-video-shortcode\" id=\"video-1104-1\" width=\"1280\" height=\"720\" loop autoplay preload=\"metadata\" controls=\"controls\"><source type=\"video\/mp4\" src=\"http:\/\/cmykprinted.com\/wp-content\/uploads\/2022\/12\/Feather-beach-flags.mp4?_=1\" \/><a href=\"http:\/\/cmykprinted.com\/wp-content\/uploads\/2022\/12\/Feather-beach-flags.mp4\">http:\/\/cmykprinted.com\/wp-content\/uploads\/2022\/12\/Feather-beach-flags.mp4<\/a><\/video><\/div>","protected":false},"featured_media":1105,"template":"","meta":{"_kad_post_transparent":"default","_kad_post_title":"hide","_kad_post_layout":"fullwidth","_kad_post_sidebar_id":"","_kad_post_content_style":"unboxed","_kad_post_vertical_padding":"hide","_kad_post_feature":"hide","_kad_post_feature_position":"","_kad_post_header":false,"_kad_post_footer":false},"product_cat":[64,65],"product_tag":[321,322,323,204],"class_list":{"0":"post-1104","1":"product","2":"type-product","3":"status-publish","4":"has-post-thumbnail","6":"product_cat-beach-flags","7":"product_cat-feather-flags-banners","8":"product_tag-custom-feather-flags","9":"product_tag-indoor-feather-flags","10":"product_tag-low-price-feather-flags","11":"product_tag-outdoor-feather-flags","13":"first","14":"instock","15":"shipping-taxable","16":"product-type-simple","17":"entry","18":"content-bg","19":"loop-entry"},"_links":{"self":[{"href":"https:\/\/cmykprinted.com\/pl\/wp-json\/wp\/v2\/product\/1104","targetHints":{"allow":["GET"]}}],"collection":[{"href":"https:\/\/cmykprinted.com\/pl\/wp-json\/wp\/v2\/product"}],"about":[{"href":"https:\/\/cmykprinted.com\/pl\/wp-json\/wp\/v2\/types\/product"}],"version-history":[{"count":2,"href":"https:\/\/cmykprinted.com\/pl\/wp-json\/wp\/v2\/product\/1104\/revisions"}],"predecessor-version":[{"id":1112,"href":"https:\/\/cmykprinted.com\/pl\/wp-json\/wp\/v2\/product\/1104\/revisions\/1112"}],"wp:featuredmedia":[{"embeddable":true,"href":"https:\/\/cmykprinted.com\/pl\/wp-json\/wp\/v2\/media\/1105"}],"wp:attachment":[{"href":"https:\/\/cmykprinted.com\/pl\/wp-json\/wp\/v2\/media?parent=1104"}],"wp:term":[{"taxonomy":"product_cat","embeddable":true,"href":"https:\/\/cmykprinted.com\/pl\/wp-json\/wp\/v2\/product_cat?post=1104"},{"taxonomy":"product_tag","embeddable":true,"href":"https:\/\/cmykprinted.com\/pl\/wp-json\/wp\/v2\/product_tag?post=1104"}],"curies":[{"name":"wp","href":"https:\/\/api.w.org\/{rel}","templated":true}]}}