{"id":1951,"date":"2024-03-25T07:48:46","date_gmt":"2024-03-25T07:48:46","guid":{"rendered":"https:\/\/cmykprinted.com\/?post_type=product&#038;p=1951"},"modified":"2024-03-26T08:28:10","modified_gmt":"2024-03-26T08:28:10","slug":"double-side-printed-polyester-hanging-flag-for-advertising","status":"publish","type":"product","link":"https:\/\/cmykprinted.com\/pl\/produkt\/dwustronnie-drukowany-poliestrowy-flaga-wiszaca-do-reklamy\/","title":{"rendered":"Wisz\u0105ca flaga poliestrowa z dwustronnym nadrukiem do reklamy"},"content":{"rendered":"","protected":false},"excerpt":{"rendered":"<p>Dostosowane flagi poliestrowe<\/p>\n<p>Zero wymaga\u0144 minimalnych. Brak koszt\u00f3w za\u0142o\u017cenia! Przy zakupach na wi\u0119ksz\u0105 skal\u0119 dost\u0119pne ceny hurtowe. Pe\u0142ne kolory w wysokiej rozdzielczo\u015bci z nadrukiem sublimacyjnym!<\/p>\n<p>Szybka realizacja, mo\u017cemy uko\u0144czy\u0107 Twoj\u0105 pr\u00f3bk\u0119 w ci\u0105gu 48 godzin.<\/p>\n<p>Idealny kolor Pantone, kt\u00f3ry mo\u017cna dopasowa\u0107 bez \u017cadnych dodatkowych op\u0142at.<\/p>\n<p>Darmowa us\u0142uga projektowa!<\/p>\n<p>Mo\u017cemy wykona\u0107 dowolne niestandardowe drukowane flagi zgodnie z Twoimi wymaganiami, na przyk\u0142ad doda\u0107 przelotki \/ oczka \/ r\u0119kaw lub sztyft.<\/p>\n<p>&nbsp;<\/p>","protected":false},"featured_media":1952,"template":"","meta":{"_kad_post_transparent":"default","_kad_post_title":"hide","_kad_post_layout":"fullwidth","_kad_post_sidebar_id":"","_kad_post_content_style":"unboxed","_kad_post_vertical_padding":"hide","_kad_post_feature":"hide","_kad_post_feature_position":"","_kad_post_header":false,"_kad_post_footer":false},"product_cat":[79],"product_tag":[388,387,386,385],"class_list":{"0":"post-1951","1":"product","2":"type-product","3":"status-publish","4":"has-post-thumbnail","6":"product_cat-custom-flags","7":"product_tag-custom-double-sided-flags","8":"product_tag-double-side-printed-polyester-hanging-flag","9":"product_tag-flag-for-advertising","10":"product_tag-polyester-hanging-flag","12":"first","13":"instock","14":"shipping-taxable","15":"product-type-simple","16":"entry","17":"content-bg","18":"loop-entry"},"_links":{"self":[{"href":"https:\/\/cmykprinted.com\/pl\/wp-json\/wp\/v2\/product\/1951","targetHints":{"allow":["GET"]}}],"collection":[{"href":"https:\/\/cmykprinted.com\/pl\/wp-json\/wp\/v2\/product"}],"about":[{"href":"https:\/\/cmykprinted.com\/pl\/wp-json\/wp\/v2\/types\/product"}],"version-history":[{"count":3,"href":"https:\/\/cmykprinted.com\/pl\/wp-json\/wp\/v2\/product\/1951\/revisions"}],"predecessor-version":[{"id":1963,"href":"https:\/\/cmykprinted.com\/pl\/wp-json\/wp\/v2\/product\/1951\/revisions\/1963"}],"wp:featuredmedia":[{"embeddable":true,"href":"https:\/\/cmykprinted.com\/pl\/wp-json\/wp\/v2\/media\/1952"}],"wp:attachment":[{"href":"https:\/\/cmykprinted.com\/pl\/wp-json\/wp\/v2\/media?parent=1951"}],"wp:term":[{"taxonomy":"product_cat","embeddable":true,"href":"https:\/\/cmykprinted.com\/pl\/wp-json\/wp\/v2\/product_cat?post=1951"},{"taxonomy":"product_tag","embeddable":true,"href":"https:\/\/cmykprinted.com\/pl\/wp-json\/wp\/v2\/product_tag?post=1951"}],"curies":[{"name":"wp","href":"https:\/\/api.w.org\/{rel}","templated":true}]}}