{"id":1975,"date":"2024-03-28T09:29:25","date_gmt":"2024-03-28T09:29:25","guid":{"rendered":"https:\/\/cmykprinted.com\/?post_type=product&#038;p=1975"},"modified":"2024-03-28T10:00:58","modified_gmt":"2024-03-28T10:00:58","slug":"best-custom-polyester-nylon-flags-for-indoor-and-outdoor","status":"publish","type":"product","link":"https:\/\/cmykprinted.com\/pl\/produkt\/najlepsze-spersonalizowane-flagi-poliester-nylon-do-uzytku-wewnetrznego-i-zewnetrznego\/","title":{"rendered":"Najlepsze niestandardowe poliestrowe flagi nylonowe do wn\u0119trz i na zewn\u0105trz"},"content":{"rendered":"","protected":false},"excerpt":{"rendered":"<p>Dopasowane flagi s\u0142u\u017c\u0105 jako silny atut promocyjny, wykorzystuj\u0105c \u017cywe barwy i dynamiczny ruch, aby przyci\u0105gn\u0105\u0107 uwag\u0119 i poprawi\u0107 widoczno\u015b\u0107. Dost\u0119pne s\u0105 r\u00f3\u017cne techniki drukowania umo\u017cliwiaj\u0105ce personalizacj\u0119, takie jak druk cyfrowy (druk wodny na nylonie), sitodruk i druk sublimacyjny. W Golden Mouth Advertising Factory wybieramy sitodruk lub druk cyfrowy na nylonie 200\/210D lub dzianinie poliestrowej, wybieraj\u0105c materia\u0142 i metod\u0119 drukowania w oparciu o bud\u017cet klienta, specyfikacje grafiki i wymagania dotycz\u0105ce ilo\u015bci flag. Chocia\u017c stosujemy metod\u0119 druku sublimacyjnego, jej ograniczona penetracja atramentu sprawia, \u017ce \u200b\u200bjest ona bardziej odpowiednia do alternatywnych zastosowa\u0144 drukowania na tkaninach, takich jak niestandardowe t\u0142a i obrusy. W przypadku flag z nadrukiem na zam\u00f3wienie zwykle u\u017cywamy druku cyfrowego, w ten spos\u00f3b cena jest najta\u0144sza.<\/p>\n<p>&nbsp;<\/p>\n<p>&nbsp;<\/p>\n<p>&nbsp;<\/p>\n<p>&nbsp;<\/p>\n<p>&nbsp;<\/p>\n<p>&nbsp;<\/p>","protected":false},"featured_media":1976,"template":"","meta":{"_kad_post_transparent":"default","_kad_post_title":"hide","_kad_post_layout":"fullwidth","_kad_post_sidebar_id":"","_kad_post_content_style":"unboxed","_kad_post_vertical_padding":"hide","_kad_post_feature":"hide","_kad_post_feature_position":"","_kad_post_header":false,"_kad_post_footer":false},"product_cat":[79],"product_tag":[394,389,397,396,399,395,398],"class_list":{"0":"post-1975","1":"product","2":"type-product","3":"status-publish","4":"has-post-thumbnail","6":"product_cat-custom-flags","7":"product_tag-custom-polyester-nylon-flags","8":"product_tag-custom-printed-flags","9":"product_tag-dye-sublimation-printing-flags","10":"product_tag-flags-printing","11":"product_tag-knitted-fabric-flags","12":"product_tag-nylon-flags","13":"product_tag-polyester-flags","15":"first","16":"instock","17":"shipping-taxable","18":"product-type-simple","19":"entry","20":"content-bg","21":"loop-entry"},"_links":{"self":[{"href":"https:\/\/cmykprinted.com\/pl\/wp-json\/wp\/v2\/product\/1975","targetHints":{"allow":["GET"]}}],"collection":[{"href":"https:\/\/cmykprinted.com\/pl\/wp-json\/wp\/v2\/product"}],"about":[{"href":"https:\/\/cmykprinted.com\/pl\/wp-json\/wp\/v2\/types\/product"}],"version-history":[{"count":1,"href":"https:\/\/cmykprinted.com\/pl\/wp-json\/wp\/v2\/product\/1975\/revisions"}],"predecessor-version":[{"id":1983,"href":"https:\/\/cmykprinted.com\/pl\/wp-json\/wp\/v2\/product\/1975\/revisions\/1983"}],"wp:featuredmedia":[{"embeddable":true,"href":"https:\/\/cmykprinted.com\/pl\/wp-json\/wp\/v2\/media\/1976"}],"wp:attachment":[{"href":"https:\/\/cmykprinted.com\/pl\/wp-json\/wp\/v2\/media?parent=1975"}],"wp:term":[{"taxonomy":"product_cat","embeddable":true,"href":"https:\/\/cmykprinted.com\/pl\/wp-json\/wp\/v2\/product_cat?post=1975"},{"taxonomy":"product_tag","embeddable":true,"href":"https:\/\/cmykprinted.com\/pl\/wp-json\/wp\/v2\/product_tag?post=1975"}],"curies":[{"name":"wp","href":"https:\/\/api.w.org\/{rel}","templated":true}]}}