{"id":2094,"date":"2024-05-06T12:36:30","date_gmt":"2024-05-06T12:36:30","guid":{"rendered":"https:\/\/cmykprinted.com\/?post_type=product&#038;p=2094"},"modified":"2024-05-06T12:44:46","modified_gmt":"2024-05-06T12:44:46","slug":"custom-champagne-metallic-logo-transfer-stickers-for-jar","status":"publish","type":"product","link":"https:\/\/cmykprinted.com\/pl\/produkt\/niestandardowe-champagne-metaliczne-naklejki-z-transferem-logo-do-sloika\/","title":{"rendered":"Niestandardowe naklejki transferowe z metalowym logo szampana na s\u0142oik"},"content":{"rendered":"","protected":false},"excerpt":{"rendered":"<p><strong>Niestandardowe naklejki transferowe z metalowym logo szampana na s\u0142oik:<\/strong><br \/>\nNajwi\u0119kszy rozmiar, jaki mo\u017cemy wykona\u0107, to 17 * 30 cm, je\u015bli Twoje logo jest mniejsze, mo\u017cemy umie\u015bci\u0107 wiele element\u00f3w w jednym arkuszu materia\u0142u.<br \/>\nMetaliczne naklejki transferowe w kolorze szampa\u0144skim nie wygl\u0105daj\u0105 jak z\u0142ota metalowa naklejka, tak b\u0142yszcz\u0105ca, wielu klient\u00f3w nie lubi b\u0142yszcz\u0105cego efektu, wi\u0119c wybior\u0105 kolor szampa\u0144skiego z\u0142ota do wydrukowania logo firmy.<br \/>\nMo\u017cemy zapewni\u0107 szybk\u0105 realizacj\u0119 (2-3 dni produkcji masowej) i 7 dni dostawy na ca\u0142y \u015bwiat.<br \/>\nAby uzyska\u0107 najlepsz\u0105 cen\u0119 ko\u0144cow\u0105, skontaktuj si\u0119 z nami za pomoc\u0105 aplikacji Whats lub e-maila, aby\u015bmy mogli ustali\u0107 cen\u0119. Musimy zobaczy\u0107 Twoj\u0105 grafik\u0119 z informacjami o rozmiarze i ilo\u015bci oraz o wybranym kolorze. Je\u015bli nie masz tych informacji, nie mo\u017cemy poda\u0107 ceny.<br \/>\nNasze niestandardowe metalowe naklejki transferowe z trwa\u0142ym, mocnym klejem marki 3 M. Mo\u017cesz spr\u00f3bowa\u0107 zam\u00f3wi\u0107 pr\u00f3bk\u0119, aby zobaczy\u0107 nasze us\u0142ugi i jako\u015b\u0107.<\/p>\n<p>&nbsp;<\/p>\n<p>&nbsp;<\/p>\n<div style=\"width: 1280px;\" class=\"wp-video\"><!--[if lt IE 9]><script>document.createElement('video');<\/script><![endif]--><br \/>\n<video class=\"wp-video-shortcode\" id=\"video-2094-1\" width=\"1280\" height=\"720\" preload=\"metadata\" controls=\"controls\"><source type=\"video\/mp4\" src=\"https:\/\/cmykprinted.com\/wp-content\/uploads\/2024\/05\/champagne-metal-transfer-label-1-1.mp4?_=1\" \/><a href=\"https:\/\/cmykprinted.com\/wp-content\/uploads\/2024\/05\/champagne-metal-transfer-label-1-1.mp4\">https:\/\/cmykprinted.com\/wp-content\/uploads\/2024\/05\/champagne-metal-transfer-label-1-1.mp4<\/a><\/video><\/div>\n<p>&nbsp;<\/p>\n<p>&nbsp;<\/p>","protected":false},"featured_media":2090,"template":"","meta":{"_kad_post_transparent":"default","_kad_post_title":"hide","_kad_post_layout":"fullwidth","_kad_post_sidebar_id":"","_kad_post_content_style":"unboxed","_kad_post_vertical_padding":"hide","_kad_post_feature":"hide","_kad_post_feature_position":"","_kad_post_header":false,"_kad_post_footer":false},"product_cat":[101,102],"product_tag":[451,454,450,449,452,453,448],"class_list":{"0":"post-2094","1":"product","2":"type-product","3":"status-publish","4":"has-post-thumbnail","6":"product_cat-transfer-stickers","7":"product_cat-metal-transfer-stickers","8":"product_tag-custom-champagne-metallic-transfer-stickers","9":"product_tag-custom-transfer-stickers","10":"product_tag-metallic-logo-transfer-stickers","11":"product_tag-transfer-stickers-for-jar","12":"product_tag-transfer-stickers-printing","13":"product_tag-uv-dtf-transfer-stickers","14":"product_tag-uv-transfer-label","16":"first","17":"instock","18":"shipping-taxable","19":"product-type-simple","20":"entry","21":"content-bg","22":"loop-entry"},"_links":{"self":[{"href":"https:\/\/cmykprinted.com\/pl\/wp-json\/wp\/v2\/product\/2094","targetHints":{"allow":["GET"]}}],"collection":[{"href":"https:\/\/cmykprinted.com\/pl\/wp-json\/wp\/v2\/product"}],"about":[{"href":"https:\/\/cmykprinted.com\/pl\/wp-json\/wp\/v2\/types\/product"}],"version-history":[{"count":1,"href":"https:\/\/cmykprinted.com\/pl\/wp-json\/wp\/v2\/product\/2094\/revisions"}],"predecessor-version":[{"id":2096,"href":"https:\/\/cmykprinted.com\/pl\/wp-json\/wp\/v2\/product\/2094\/revisions\/2096"}],"wp:featuredmedia":[{"embeddable":true,"href":"https:\/\/cmykprinted.com\/pl\/wp-json\/wp\/v2\/media\/2090"}],"wp:attachment":[{"href":"https:\/\/cmykprinted.com\/pl\/wp-json\/wp\/v2\/media?parent=2094"}],"wp:term":[{"taxonomy":"product_cat","embeddable":true,"href":"https:\/\/cmykprinted.com\/pl\/wp-json\/wp\/v2\/product_cat?post=2094"},{"taxonomy":"product_tag","embeddable":true,"href":"https:\/\/cmykprinted.com\/pl\/wp-json\/wp\/v2\/product_tag?post=2094"}],"curies":[{"name":"wp","href":"https:\/\/api.w.org\/{rel}","templated":true}]}}