{"id":2189,"date":"2024-09-18T13:06:31","date_gmt":"2024-09-18T13:06:31","guid":{"rendered":"https:\/\/cmykprinted.com\/?post_type=product&#038;p=2189"},"modified":"2024-09-19T01:45:11","modified_gmt":"2024-09-19T01:45:11","slug":"full-colors-custom-8-feet-printed-spandex-table-covers","status":"publish","type":"product","link":"https:\/\/cmykprinted.com\/pl\/produkt\/pelnokolorowe-niestandardowe-8-stop-zadrukowane-spandex-pokrowce-na-stol\/","title":{"rendered":"Pe\u0142nokolorowe, niestandardowe, 8-stopowe, drukowane pokrowce na sto\u0142y z elastycznego materia\u0142u"},"content":{"rendered":"","protected":false},"excerpt":{"rendered":"<p><strong>Spersonalizowane nadruki na obrusach z elastanu: idealna ekspozycja Twojej marki<\/strong><\/p>\n<p>Drukowane pokrowce na sto\u0142y z elastycznego spandexu sta\u0142y si\u0119 podstaw\u0105 w \u015bwiecie targ\u00f3w, wydarze\u0144 promocyjnych i ekspozycji detalicznych. Oferuj\u0105c zar\u00f3wno form\u0119, jak i funkcjonalno\u015b\u0107, te eleganckie, stylowe pokrowce na sto\u0142y z elastycznego spandexu o dopasowanym konturze s\u0105 zaprojektowane tak, aby zapewnia\u0107 \u015bcis\u0142e dopasowanie, \u017cywy wygl\u0105d wizualny i niezr\u00f3wnan\u0105 trwa\u0142o\u015b\u0107.<\/p>\n<p><strong>Dopasowane do Twoich potrzeb<\/strong><\/p>\n<p>Nasze pokrowce na sto\u0142y ze spandexu s\u0105 dost\u0119pne w kilku konfiguracjach, aby spe\u0142ni\u0107 Twoje specyficzne wymagania. Niezale\u017cnie od tego, czy potrzebujesz pokrowca 4-stronnego, 4-stronnego pokrowca z zamkiem b\u0142yskawicznym, aby u\u0142atwi\u0107 dost\u0119p do schowka pod sto\u0142em, czy te\u017c 3-stronnego otwartego projektu, aby umo\u017cliwi\u0107 pracownikowi siedzenie przy wy\u015bwietlaczu, mamy dla Ciebie rozwi\u0105zanie. Mieszanka tkaniny spandex\/poliester zapewnia dopasowane, niemal bez zagniece\u0144 wyko\u0144czenie, kt\u00f3re \u015bwietnie wygl\u0105da w ka\u017cdym otoczeniu.<\/p>\n<p>Zaprojektowane zar\u00f3wno na imprezy wewn\u0105trz, jak i na zewn\u0105trz, te pokrowce s\u0105 popularne na targach, w sklepach detalicznych, na imprezach promocyjnych i w holu korporacyjnym. Wzmocnione kieszenie na nogawkach i solidne zamki s\u0105 podw\u00f3jnie zszyte dla zwi\u0119kszenia trwa\u0142o\u015bci, dzi\u0119ki czemu pokrowiec pozostaje bezpiecznie na swoim miejscu, nawet w wietrznych warunkach. Nie musisz si\u0119 ju\u017c martwi\u0107, \u017ce Tw\u00f3j pokrowiec na st\u00f3\u0142 zostanie porwany przez wiatr na zewn\u0105trz.<\/p>\n<p>Wysokiej jako\u015bci tkanina i nadruk dla maksymalnego efektu<\/p>\n<p>To, co wyr\u00f3\u017cnia nasze obrusy, to jako\u015b\u0107 materia\u0142u i proces drukowania. Wykonane z tkaniny o gramaturze 280 GSM, nasze obrusy s\u0105 grubsze i trwalsze ni\u017c wi\u0119kszo\u015b\u0107 konkurencyjnych produkt\u00f3w, co wida\u0107 w produkcie ko\u0144cowym. Skupiamy si\u0119 na ka\u017cdym szczeg\u00f3le, aby dostarczy\u0107 produkt przekraczaj\u0105cy oczekiwania.<\/p>\n<p>Wzmocnione kieszenie na nogi z polipropylenu s\u0105 wyj\u0105tkowo szerokie, dzi\u0119ki czemu pasuj\u0105 do ka\u017cdej konfiguracji n\u00f3g sto\u0142u. Ta skrupulatna dba\u0142o\u015b\u0107 o projekt sprawia, \u017ce \u200b\u200bpokrowce s\u0105 nie tylko trwa\u0142e, ale i uniwersalne, odpowiednie na ka\u017cde wydarzenie.<\/p>\n<p>Jedn\u0105 z kluczowych cech naszych obrus\u00f3w ze spandexu jest \u017cywy, wysokiej jako\u015bci nadruk logo, kt\u00f3ry wyr\u00f3\u017cni Twoj\u0105 mark\u0119. Wykorzystuj\u0105c technologi\u0119 sublimacji barwnika, przenosimy Tw\u00f3j projekt za pomoc\u0105 intensywnego ciep\u0142a, ca\u0142kowicie osadzaj\u0105c kolory w tkaninie. Ta zaawansowana technika drukowania zapewnia trwa\u0142e, jaskrawe kolory, kt\u00f3re nie blakn\u0105. Niezale\u017cnie od tego, czy chcesz drukowa\u0107 tysi\u0105ce kolor\u00f3w, wysokiej jako\u015bci obrazy fotograficzne czy elementy w kolorze punktowym, mo\u017cemy urzeczywistni\u0107 Twoj\u0105 wizj\u0119.<\/p>\n<p>Nasz proces drukowania gwarantuje, \u017ce nawet najbardziej skomplikowane szczeg\u00f3\u0142y Twojego logo lub projektu \u201ewyskocz\u0105\u201d, nadaj\u0105c Twojemu wy\u015bwietlaczowi profesjonalny, dopracowany wygl\u0105d. Je\u015bli chcesz, mo\u017cesz nawet stworzy\u0107 efekt 3D za pomoc\u0105 swojego projektu.<\/p>\n<p>Opcje projektowania niestandardowego: Twoja marka, Tw\u00f3j spos\u00f3b<\/p>\n<p>Oferujemy pe\u0142ne opcje personalizacji, aby spe\u0142ni\u0107 Twoje potrzeby brandingowe. Wybierz bia\u0142e t\u0142o, jeden z naszych 20 kolor\u00f3w magazynowych lub podaj nam konkretny kolor lub wz\u00f3r Pantone dla t\u0142a. Niezale\u017cnie od tego, czy potrzebujesz wydrukowa\u0107 ca\u0142\u0105 ok\u0142adk\u0119 sto\u0142u, czy tylko przedni panel, oferujemy t\u0119 sam\u0105 cen\u0119 dla obu opcji.<\/p>\n<p>Je\u015bli nie posiadasz pliku graficznego o wysokiej rozdzielczo\u015bci, nasi graficy pomog\u0105 Ci przekonwertowa\u0107 istniej\u0105cy plik lub pomog\u0105 w stworzeniu nowego projektu wydruku.<\/p>\n<p>Trwa\u0142e i \u0142atwe w utrzymaniu<\/p>\n<p>Nasze pokrowce na sto\u0142y z spandexu s\u0105 zaprojektowane tak, aby by\u0142y trwa\u0142e. Nie tylko s\u0105 odporne na zagniecenia, ale mo\u017cna je r\u00f3wnie\u017c pra\u0107 w pralce, co u\u0142atwia piel\u0119gnacj\u0119. Wystarczy pra\u0107 w wodzie bez wybielacza. Te pokrowce rozci\u0105gn\u0105 si\u0119 z powrotem do swojego kszta\u0142tu, zapewniaj\u0105c Ci profesjonalny wygl\u0105d za ka\u017cdym razem.<\/p>\n<p>Szybkie i niezawodne terminy produkcji<\/p>\n<p>Rozumiemy, jak wa\u017cne s\u0105 terminy, dlatego oferujemy elastyczne harmonogramy produkcji:<\/p>\n<p>4-dniowa produkcja oszcz\u0119dno\u015bciowa<br \/>\n3-dniowa standardowa produkcja<br \/>\nProdukcja ekspresowa 2 dni<br \/>\nProdukcja ekspresowa nast\u0119pnego dnia<br \/>\nProdukcja krytyczna Rush tego samego dnia<br \/>\nGwarantujemy r\u00f3wnie\u017c nasze terminy produkcji. Je\u015bli nie dotrzymamy gwarantowanego harmonogramu, otrzymasz pe\u0142ny zwrot pieni\u0119dzy, a Twoja ok\u0142adka sto\u0142u zostanie wydrukowana i wys\u0142ana bezp\u0142atnie.<\/p>\n<p>\u017badnych ukrytych op\u0142at: to co widzisz to to co otrzymujesz.<\/p>\n<div style=\"width: 854px;\" class=\"wp-video\"><!--[if lt IE 9]><script>document.createElement('video');<\/script><![endif]--><br \/>\n<video class=\"wp-video-shortcode\" id=\"video-2189-1\" width=\"854\" height=\"480\" preload=\"metadata\" controls=\"controls\"><source type=\"video\/mp4\" src=\"https:\/\/cmykprinted.com\/wp-content\/uploads\/2024\/09\/printed-spandex-table-covers.mp4?_=1\" \/><a href=\"https:\/\/cmykprinted.com\/wp-content\/uploads\/2024\/09\/printed-spandex-table-covers.mp4\">https:\/\/cmykprinted.com\/wp-content\/uploads\/2024\/09\/printed-spandex-table-covers.mp4<\/a><\/video><\/div>","protected":false},"featured_media":2193,"template":"","meta":{"_kad_post_transparent":"default","_kad_post_title":"hide","_kad_post_layout":"fullwidth","_kad_post_sidebar_id":"","_kad_post_content_style":"unboxed","_kad_post_vertical_padding":"hide","_kad_post_feature":"hide","_kad_post_feature_position":"","_kad_post_header":false,"_kad_post_footer":false},"product_cat":[80,81,83],"product_tag":[496,497,498,494,495],"class_list":{"0":"post-2189","1":"product","2":"type-product","3":"status-publish","4":"has-post-thumbnail","6":"product_cat-custom-tablecloth","7":"product_cat-custom-stretch-tablecloth","8":"product_cat-fitted-table-cover","9":"product_tag-8-feet-printed-spandex-table-covers","10":"product_tag-custom-8-feet-table-cover","11":"product_tag-full-colors-printed-table-covers","12":"product_tag-printed-spandex-table-covers","13":"product_tag-spandex-table-covers","15":"first","16":"instock","17":"shipping-taxable","18":"product-type-simple","19":"entry","20":"content-bg","21":"loop-entry"},"_links":{"self":[{"href":"https:\/\/cmykprinted.com\/pl\/wp-json\/wp\/v2\/product\/2189","targetHints":{"allow":["GET"]}}],"collection":[{"href":"https:\/\/cmykprinted.com\/pl\/wp-json\/wp\/v2\/product"}],"about":[{"href":"https:\/\/cmykprinted.com\/pl\/wp-json\/wp\/v2\/types\/product"}],"version-history":[{"count":2,"href":"https:\/\/cmykprinted.com\/pl\/wp-json\/wp\/v2\/product\/2189\/revisions"}],"predecessor-version":[{"id":2200,"href":"https:\/\/cmykprinted.com\/pl\/wp-json\/wp\/v2\/product\/2189\/revisions\/2200"}],"wp:featuredmedia":[{"embeddable":true,"href":"https:\/\/cmykprinted.com\/pl\/wp-json\/wp\/v2\/media\/2193"}],"wp:attachment":[{"href":"https:\/\/cmykprinted.com\/pl\/wp-json\/wp\/v2\/media?parent=2189"}],"wp:term":[{"taxonomy":"product_cat","embeddable":true,"href":"https:\/\/cmykprinted.com\/pl\/wp-json\/wp\/v2\/product_cat?post=2189"},{"taxonomy":"product_tag","embeddable":true,"href":"https:\/\/cmykprinted.com\/pl\/wp-json\/wp\/v2\/product_tag?post=2189"}],"curies":[{"name":"wp","href":"https:\/\/api.w.org\/{rel}","templated":true}]}}