{"id":2204,"date":"2024-09-27T08:24:46","date_gmt":"2024-09-27T08:24:46","guid":{"rendered":"https:\/\/cmykprinted.com\/?post_type=product&#038;p=2204"},"modified":"2024-09-30T01:11:28","modified_gmt":"2024-09-30T01:11:28","slug":"custom-advertising-flags-for-promotional-business-use-at-best-price","status":"publish","type":"product","link":"https:\/\/cmykprinted.com\/pl\/produkt\/niestandardowe-flagi-reklamowe-do-uzytku-promocyjnego-w-najlepszej-cenie\/","title":{"rendered":"Niestandardowe flagi reklamowe do cel\u00f3w promocyjnych i biznesowych w najlepszej cenie"},"content":{"rendered":"","protected":false},"excerpt":{"rendered":"<p>Szukasz skutecznego, a jednocze\u015bnie niedrogiego sposobu na zwi\u0119kszenie widoczno\u015bci swojej marki? Spersonalizowane flagi reklamowe to idealne rozwi\u0105zanie dla firm, kt\u00f3re chc\u0105 przyci\u0105gn\u0105\u0107 uwag\u0119 i przyci\u0105gn\u0105\u0107 wi\u0119cej klient\u00f3w. Te \u017cywe, spersonalizowane flagi s\u0105 pot\u0119\u017cnym narz\u0119dziem marketingowym, kt\u00f3re uatrakcyjni Twoj\u0105 witryn\u0119 sklepow\u0105 lub obecno\u015b\u0107 na wydarzeniu. Nasze spersonalizowane flagi reklamowe mog\u0105 by\u0107 u\u017cywane nie tylko do cel\u00f3w biznesowych, ale tak\u017ce do promocji wydarze\u0144 sportowych, eksponowania flag z okazji Dnia Narodowego i jako narz\u0119dzie kampanii prezydenckich w r\u00f3\u017cnych krajach. Pozw\u00f3l ludziom na ca\u0142ej ulicy trzyma\u0107 flagi z Twoim nazwiskiem lub zdj\u0119ciem, a cena jest r\u00f3wnie\u017c niska. To bardzo skuteczna i ekonomiczna praca w zakresie agitacji wyborczej.<\/p>\n<p><strong>Zapraszamy do kontaktu z naszym Dzia\u0142em Sprzeda\u017cy w celu uzyskania najszybszej i najlepszej obs\u0142ugi oraz bezp\u0142atnych pr\u00f3bek, aby przekona\u0107 si\u0119 o naszej jako\u015bci.<\/strong><\/p>\n<div style=\"width: 1280px;\" class=\"wp-video\"><!--[if lt IE 9]><script>document.createElement('video');<\/script><![endif]--><br \/>\n<video class=\"wp-video-shortcode\" id=\"video-2204-1\" width=\"1280\" height=\"576\" preload=\"metadata\" controls=\"controls\"><source type=\"video\/mp4\" src=\"https:\/\/cmykprinted.com\/wp-content\/uploads\/2024\/09\/custom-advertising-flags.mp4?_=1\" \/><a href=\"https:\/\/cmykprinted.com\/wp-content\/uploads\/2024\/09\/custom-advertising-flags.mp4\">https:\/\/cmykprinted.com\/wp-content\/uploads\/2024\/09\/custom-advertising-flags.mp4<\/a><\/video><\/div>\n<p>&nbsp;<\/p>","protected":false},"featured_media":2205,"template":"","meta":{"_kad_post_transparent":"default","_kad_post_title":"hide","_kad_post_layout":"fullwidth","_kad_post_sidebar_id":"","_kad_post_content_style":"unboxed","_kad_post_vertical_padding":"hide","_kad_post_feature":"hide","_kad_post_feature_position":"","_kad_post_header":false,"_kad_post_footer":false},"product_cat":[79],"product_tag":[500,499,503,501,502],"class_list":{"0":"post-2204","1":"product","2":"type-product","3":"status-publish","4":"has-post-thumbnail","6":"product_cat-custom-flags","7":"product_tag-advertising-flags","8":"product_tag-custom-advertising-flags","9":"product_tag-custom-advertising-flags-at-best-price","10":"product_tag-custom-flags","11":"product_tag-custom-flags-cheap","13":"first","14":"instock","15":"shipping-taxable","16":"product-type-simple","17":"entry","18":"content-bg","19":"loop-entry"},"_links":{"self":[{"href":"https:\/\/cmykprinted.com\/pl\/wp-json\/wp\/v2\/product\/2204","targetHints":{"allow":["GET"]}}],"collection":[{"href":"https:\/\/cmykprinted.com\/pl\/wp-json\/wp\/v2\/product"}],"about":[{"href":"https:\/\/cmykprinted.com\/pl\/wp-json\/wp\/v2\/types\/product"}],"version-history":[{"count":3,"href":"https:\/\/cmykprinted.com\/pl\/wp-json\/wp\/v2\/product\/2204\/revisions"}],"predecessor-version":[{"id":2212,"href":"https:\/\/cmykprinted.com\/pl\/wp-json\/wp\/v2\/product\/2204\/revisions\/2212"}],"wp:featuredmedia":[{"embeddable":true,"href":"https:\/\/cmykprinted.com\/pl\/wp-json\/wp\/v2\/media\/2205"}],"wp:attachment":[{"href":"https:\/\/cmykprinted.com\/pl\/wp-json\/wp\/v2\/media?parent=2204"}],"wp:term":[{"taxonomy":"product_cat","embeddable":true,"href":"https:\/\/cmykprinted.com\/pl\/wp-json\/wp\/v2\/product_cat?post=2204"},{"taxonomy":"product_tag","embeddable":true,"href":"https:\/\/cmykprinted.com\/pl\/wp-json\/wp\/v2\/product_tag?post=2204"}],"curies":[{"name":"wp","href":"https:\/\/api.w.org\/{rel}","templated":true}]}}