{"id":2213,"date":"2024-09-30T03:03:20","date_gmt":"2024-09-30T03:03:20","guid":{"rendered":"https:\/\/cmykprinted.com\/?post_type=product&#038;p=2213"},"modified":"2024-10-02T12:51:57","modified_gmt":"2024-10-02T12:51:57","slug":"oval-pop-up-a-frame-banner-with-fast-turnaround","status":"publish","type":"product","link":"https:\/\/cmykprinted.com\/pl\/produkt\/owalny-pop-up-ramka-baner-z-szybkim-zwrotem\/","title":{"rendered":"Owalny baner typu pop-up z szybk\u0105 realizacj\u0105"},"content":{"rendered":"","protected":false},"excerpt":{"rendered":"<p>Na dzisiejszym konkurencyjnym rynku wyr\u00f3\u017cnienie si\u0119 marki jest niezb\u0119dne. Wprowad\u017a Pop Up A<\/p>\n<p>Frame Banner \u2014 lekkie, przeno\u015bne i niezwykle skuteczne rozwi\u0105zanie do wy\u015bwietlania, idealne zar\u00f3wno na wydarzenia wewn\u0105trz, jak i na zewn\u0105trz. Te wszechstronne banery s\u0105 zaprojektowane tak, aby zapewni\u0107 natychmiastow\u0105 widoczno\u015b\u0107 i idealnie nadaj\u0105 si\u0119 na wydarzenia sportowe, targi, promocje i oznakowanie kierunkowe.<\/p>\n<p><strong>G\u0142\u00f3wne cechy<\/strong><br \/>\n<strong>Przeno\u015bno\u015b\u0107 i wygoda:<\/strong><br \/>\nBanery Oval Pop Up A-Frame zosta\u0142y zaprojektowane z my\u015bl\u0105 o mobilno\u015bci. Ich sk\u0142adana metalowa rama sk\u0142ada si\u0119 bez wysi\u0142ku do kompaktowej torby do przechowywania, dzi\u0119ki czemu transport i monta\u017c s\u0105 dziecinnie proste. Niezale\u017cnie od tego, czy wybierasz si\u0119 na targi, czy wydarzenie sportowe, mo\u017cesz \u0142atwo zabra\u0107 te banery wsz\u0119dzie tam, gdzie potrzebujesz maksymalnej ekspozycji.<\/p>\n<p><strong>Bezpiecze\u0144stwo przede wszystkim:<\/strong><br \/>\nJedn\u0105 z wyr\u00f3\u017cniaj\u0105cych si\u0119 cech konstrukcji A-frame jest jej bezpiecze\u0144stwo. W przeciwie\u0144stwie do sztywnych wy\u015bwietlaczy, te banery nie stwarzaj\u0105 ryzyka obra\u017ce\u0144 u graczy lub uczestnik\u00f3w na boiskach sportowych, co czyni je praktycznym wyborem na imprezy plenerowe.<\/p>\n<p><strong>Mo\u017cliwo\u015b\u0107 dostosowania rozmiar\u00f3w i kszta\u0142t\u00f3w:<\/strong><br \/>\nDost\u0119pny w czterech rozmiarach \u2014 Small (62 x 126 cm), Medium (65 x 160 cm), Large (100 x 200 cm) i Extra Large (110 x 270 cm) \u2014 Pop Up A-Frame mo\u017cna dostosowa\u0107 do ka\u017cdej okazji. Ka\u017cdy baner jest dwustronny z pe\u0142nym nadrukiem sublimacyjnym, co zapewnia \u017cywe grafiki, kt\u00f3re przyci\u0105gaj\u0105 uwag\u0119 z ka\u017cdej strony.<\/p>\n<p><strong>Stabilno\u015b\u0107 w ka\u017cdych warunkach:<\/strong><br \/>\nAby zapewni\u0107 stabilno\u015b\u0107, ka\u017cdy baner jest wyposa\u017cony w ko\u0142ki do mocowania na mi\u0119kkich powierzchniach, takich jak piasek, trawa, \u015bnieg lub gleba. Na twardych powierzchniach wystarczy je obci\u0105\u017cy\u0107, aby zwi\u0119kszy\u0107 bezpiecze\u0144stwo. Ta funkcja zapewnia, \u017ce \u200b\u200bbaner pozostaje w pozycji pionowej i jest widoczny, niezale\u017cnie od otoczenia.<\/p>\n<p><strong>Idealne na ka\u017cd\u0105 okazj\u0119<\/strong><br \/>\nBanery Pop Up A-Frame s\u0105 szczeg\u00f3lnie odpowiednie na imprezy plenerowe, takie jak zawody biegowe, turnieje golfowe i festiwale. Ich \u0142atwa konfiguracja, demonta\u017c i mo\u017cliwo\u015b\u0107 przechowywania sprawiaj\u0105, \u017ce s\u0105 one wyborem dla organizator\u00f3w wydarze\u0144, kt\u00f3rzy chc\u0105 zmaksymalizowa\u0107 ekspozycj\u0119 marki i zaanga\u017cowanie.<\/p>\n<div style=\"width: 800px;\" class=\"wp-video\"><!--[if lt IE 9]><script>document.createElement('video');<\/script><![endif]--><br \/>\n<video class=\"wp-video-shortcode\" id=\"video-2213-1\" width=\"800\" height=\"800\" preload=\"metadata\" controls=\"controls\"><source type=\"video\/mp4\" src=\"https:\/\/cmykprinted.com\/wp-content\/uploads\/2024\/09\/pop-up-a-frame-banner-01.mp4?_=1\" \/><a href=\"https:\/\/cmykprinted.com\/wp-content\/uploads\/2024\/09\/pop-up-a-frame-banner-01.mp4\">https:\/\/cmykprinted.com\/wp-content\/uploads\/2024\/09\/pop-up-a-frame-banner-01.mp4<\/a><\/video><\/div>","protected":false},"featured_media":2217,"template":"","meta":{"_kad_post_transparent":"default","_kad_post_title":"hide","_kad_post_layout":"fullwidth","_kad_post_sidebar_id":"","_kad_post_content_style":"unboxed","_kad_post_vertical_padding":"hide","_kad_post_feature":"hide","_kad_post_feature_position":"","_kad_post_header":false,"_kad_post_footer":false},"product_cat":[92,94],"product_tag":[506,505,504,128],"class_list":{"0":"post-2213","1":"product","2":"type-product","3":"status-publish","4":"has-post-thumbnail","6":"product_cat-pop-up-banners","7":"product_cat-horizontal-pop-up-banners","8":"product_tag-a-frame-banner","9":"product_tag-oval-pop-up-a-frame-banner","10":"product_tag-pop-up-a-frame-banner","11":"product_tag-pop-up-banner","13":"first","14":"instock","15":"shipping-taxable","16":"product-type-simple","17":"entry","18":"content-bg","19":"loop-entry"},"_links":{"self":[{"href":"https:\/\/cmykprinted.com\/pl\/wp-json\/wp\/v2\/product\/2213","targetHints":{"allow":["GET"]}}],"collection":[{"href":"https:\/\/cmykprinted.com\/pl\/wp-json\/wp\/v2\/product"}],"about":[{"href":"https:\/\/cmykprinted.com\/pl\/wp-json\/wp\/v2\/types\/product"}],"version-history":[{"count":1,"href":"https:\/\/cmykprinted.com\/pl\/wp-json\/wp\/v2\/product\/2213\/revisions"}],"predecessor-version":[{"id":2222,"href":"https:\/\/cmykprinted.com\/pl\/wp-json\/wp\/v2\/product\/2213\/revisions\/2222"}],"wp:featuredmedia":[{"embeddable":true,"href":"https:\/\/cmykprinted.com\/pl\/wp-json\/wp\/v2\/media\/2217"}],"wp:attachment":[{"href":"https:\/\/cmykprinted.com\/pl\/wp-json\/wp\/v2\/media?parent=2213"}],"wp:term":[{"taxonomy":"product_cat","embeddable":true,"href":"https:\/\/cmykprinted.com\/pl\/wp-json\/wp\/v2\/product_cat?post=2213"},{"taxonomy":"product_tag","embeddable":true,"href":"https:\/\/cmykprinted.com\/pl\/wp-json\/wp\/v2\/product_tag?post=2213"}],"curies":[{"name":"wp","href":"https:\/\/api.w.org\/{rel}","templated":true}]}}