{"id":2405,"date":"2025-03-17T09:13:07","date_gmt":"2025-03-17T09:13:07","guid":{"rendered":"https:\/\/cmykprinted.com\/?post_type=product&#038;p=2405"},"modified":"2025-03-17T09:13:07","modified_gmt":"2025-03-17T09:13:07","slug":"heat-transfer-stickers-for-clothes","status":"publish","type":"product","link":"https:\/\/cmykprinted.com\/pl\/produkt\/naklejki-z-transferem-cieplnym-do-ubran\/","title":{"rendered":"Naklejki termotransferowe na ubrania"},"content":{"rendered":"","protected":false},"excerpt":{"rendered":"<p>Naklejki termotransferowe na ubrania, zwane r\u00f3wnie\u017c naklejkami termotransferowymi (HTV) lub naklejkami do prasowania, to popularna metoda nanoszenia na ubrania wzor\u00f3w, deseni i logotyp\u00f3w.<\/p>\n<p><strong>Naklejki termotransferowe na ubrania: personalizuj z \u0142atwo\u015bci\u0105 i stylem<\/strong><br \/>\nNaklejki termotransferowe to rewolucyjny spos\u00f3b personalizacji i ozdabiania odzie\u017cy, oferuj\u0105cy nieograniczone mo\u017cliwo\u015bci kreatywno\u015bci i brandingu. Naklejki te s\u0105 wykonane ze specjalnie zaprojektowanego winylu, kt\u00f3ry przylega do tkaniny po zastosowaniu ciep\u0142a i nacisku, tworz\u0105c trwa\u0142y i \u017cywy wz\u00f3r.<\/p>\n<div style=\"width: 954px;\" class=\"wp-video\"><!--[if lt IE 9]><script>document.createElement('video');<\/script><![endif]--><br \/>\n<video class=\"wp-video-shortcode\" id=\"video-2405-1\" width=\"954\" height=\"540\" preload=\"metadata\" controls=\"controls\"><source type=\"video\/mp4\" src=\"https:\/\/cmykprinted.com\/wp-content\/uploads\/2025\/03\/hot-transfer-labels.mp4?_=1\" \/><a href=\"https:\/\/cmykprinted.com\/wp-content\/uploads\/2025\/03\/hot-transfer-labels.mp4\">https:\/\/cmykprinted.com\/wp-content\/uploads\/2025\/03\/hot-transfer-labels.mp4<\/a><\/video><\/div>","protected":false},"featured_media":2406,"template":"","meta":{"_kad_post_transparent":"default","_kad_post_title":"hide","_kad_post_layout":"fullwidth","_kad_post_sidebar_id":"","_kad_post_content_style":"unboxed","_kad_post_vertical_padding":"hide","_kad_post_feature":"hide","_kad_post_feature_position":"","_kad_post_header":false,"_kad_post_footer":false},"product_cat":[101,103],"product_tag":[538,540,539],"class_list":{"0":"post-2405","1":"product","2":"type-product","3":"status-publish","4":"has-post-thumbnail","6":"product_cat-transfer-stickers","7":"product_cat-uv-transfer-stickers","8":"product_tag-heat-transfer-stickers","9":"product_tag-heat-transfer-stickers-for-clothes","10":"product_tag-transfer-stickers-for-clothes","12":"first","13":"instock","14":"shipping-taxable","15":"product-type-simple","16":"entry","17":"content-bg","18":"loop-entry"},"_links":{"self":[{"href":"https:\/\/cmykprinted.com\/pl\/wp-json\/wp\/v2\/product\/2405","targetHints":{"allow":["GET"]}}],"collection":[{"href":"https:\/\/cmykprinted.com\/pl\/wp-json\/wp\/v2\/product"}],"about":[{"href":"https:\/\/cmykprinted.com\/pl\/wp-json\/wp\/v2\/types\/product"}],"version-history":[{"count":1,"href":"https:\/\/cmykprinted.com\/pl\/wp-json\/wp\/v2\/product\/2405\/revisions"}],"predecessor-version":[{"id":2415,"href":"https:\/\/cmykprinted.com\/pl\/wp-json\/wp\/v2\/product\/2405\/revisions\/2415"}],"wp:featuredmedia":[{"embeddable":true,"href":"https:\/\/cmykprinted.com\/pl\/wp-json\/wp\/v2\/media\/2406"}],"wp:attachment":[{"href":"https:\/\/cmykprinted.com\/pl\/wp-json\/wp\/v2\/media?parent=2405"}],"wp:term":[{"taxonomy":"product_cat","embeddable":true,"href":"https:\/\/cmykprinted.com\/pl\/wp-json\/wp\/v2\/product_cat?post=2405"},{"taxonomy":"product_tag","embeddable":true,"href":"https:\/\/cmykprinted.com\/pl\/wp-json\/wp\/v2\/product_tag?post=2405"}],"curies":[{"name":"wp","href":"https:\/\/api.w.org\/{rel}","templated":true}]}}